{"id":9136,"date":"2023-06-28T12:26:51","date_gmt":"2023-06-28T12:26:51","guid":{"rendered":"https:\/\/franceblues.com\/?page_id=9136"},"modified":"2023-06-28T12:34:24","modified_gmt":"2023-06-28T12:34:24","slug":"blues-hall-of-fame-2023-muddy-gurdy","status":"publish","type":"page","link":"https:\/\/franceblues.com\/?page_id=9136","title":{"rendered":"Blues Hall Of Fame &#8211; 2023 &#8211; Muddy Gurdy"},"content":{"rendered":"<p><img fetchpriority=\"high\" decoding=\"async\" class=\"alignleft size-medium wp-image-9141\" src=\"https:\/\/franceblues.com\/wordpress\/wp-content\/uploads\/2023\/04\/Muddy-gurdy-epo-300x300.jpeg\" alt=\"\" width=\"300\" height=\"300\" srcset=\"https:\/\/franceblues.com\/wordpress\/wp-content\/uploads\/2023\/04\/Muddy-gurdy-epo-300x300.jpeg 300w, https:\/\/franceblues.com\/wordpress\/wp-content\/uploads\/2023\/04\/Muddy-gurdy-epo-150x150.jpeg 150w, https:\/\/franceblues.com\/wordpress\/wp-content\/uploads\/2023\/04\/Muddy-gurdy-epo.jpeg 340w\" sizes=\"(max-width: 300px) 100vw, 300px\" \/><\/p>\r\n\r\n\r\n\r\n<p style=\"text-align: justify;\">Une chanteuse-guitariste de blues, un percussionniste sp\u00e9cialiste des rythmes latinos, un joueur de vielle \u00e0 roue (hurdy gurdy) expert des musiques traditionnelles du centre de la France. A priori, ces trois-l\u00e0 n\u2019auraient jamais d\u00fb se rencontrer. Et ils se sont rencontr\u00e9s, forc\u00e9ment au croisement de routes diff\u00e9rentes, et plus pr\u00e9cis\u00e9ment sur le crossroad du blues.<\/p>\r\n<p style=\"text-align: justify;\">Au printemps 2017, Tia Gouttebel (chant-guitare), Marco Glomeau (percussions) et Gilles Chabenat (vielle \u00e0 roue) partent enregistrer dans le Nord du Mississippi, dit \u00ab le pays des collines \u00bb, l\u00e0 o\u00f9 prolif\u00e8rent le kudzu et une forme de blues hypnotique jadis chant\u00e9 par Fred McDowell, Jessie Mae Hemphill , Junior Kimbrough ou RL Burnside. C\u2019est un voyage initiatique autant qu\u2019\u00e9thique.<\/p>\r\n<p style=\"text-align: justify;\">Ethique, parce qu\u2019ils n\u2019y vont pas pour les clich\u00e9s touristiques. Plut\u00f4t pour un \u00e9change de cultures, une vraie rencontre, invitant des locaux \u00e0 partager leur musique, enregistrant sur le terrain avec un studio mobile. Les musiciens du Mississippi n\u2019avaient jamais vu ni entendu de vielle \u00e0 roue avant. Mais entre gens de la terre, parce que la Terre est ronde, on se reconna\u00eet, on se comprend.<\/p>\r\n<p style=\"text-align: justify;\">Initiatique, parce que ce voyage signe l\u2019acte de naissance de Muddy Gurdy. L\u2019album est impr\u00e9gn\u00e9 de la magie du Mississippi. C\u2019est un coup de c\u0153ur, un succ\u00e8s critique et commercial, salu\u00e9 et diffus\u00e9 jusqu\u2019aux Etats-Unis. Avec cet album, Muddy Gurdy tourne beaucoup et emballe un nouveau public. En f\u00e9vrier 2020, juste avant que le monde ne s\u2019arr\u00eate de tourner et les avions de voler, ils sont s\u00e9lectionn\u00e9s au festival Folk Alliance de la Nouvelle-Orl\u00e9ans, o\u00f9 ils enregistrent un morceau pour les archives de la prestigieuse Biblioth\u00e8que du Congr\u00e8s.<\/p>\r\n<p style=\"text-align: justify;\">Dans Muddy Gurdy, il y a toujours des histoires de correspondances, entre des territoires, des paysages, des \u00e9poques, des lieux et des hommes. Dans le monde cr\u00e9ole, on parle de \u00ab musique p\u00e9i \u00bb. Muddy Gurdy invente sa propre \u00ab musique p\u00e9i \u00bb, ses croisements intimes et fertiles. A ce niveau de correspondances, on peut parler de transcendance.<\/p>\r\n<p style=\"text-align: right;\"><em>Stephane Deschamps<\/em><\/p>\r\n<p>&nbsp;<\/p>\r\n<p><img decoding=\"async\" class=\"aligncenter size-full wp-image-9142\" src=\"https:\/\/franceblues.com\/wordpress\/wp-content\/uploads\/2023\/04\/NOEC3524-e1681636533479.jpg\" alt=\"\" width=\"470\" height=\"313\" srcset=\"https:\/\/franceblues.com\/wordpress\/wp-content\/uploads\/2023\/04\/NOEC3524-e1681636533479.jpg 470w, https:\/\/franceblues.com\/wordpress\/wp-content\/uploads\/2023\/04\/NOEC3524-e1681636533479-300x200.jpg 300w\" sizes=\"(max-width: 470px) 100vw, 470px\" \/><\/p>\r\n<h5 style=\"text-align: center;\">Cr\u00e9dit photo : No\u00e9 Cugny<\/h5>\r\n<h4><strong>Discographie<\/strong><\/h4>\r\n<p>HYPNOTIC WHEELS : \u00ab\u00a0Hypnotic Wheels\u00a0\u00bb (2014)<br \/>MUDDY GURDY : \u00ab\u00a0Muddy Gurdy \u2013 Mississippi Sessions\u00a0\u00bb (2018)<br \/>MUDDY GURDY : \u00ab\u00a0Homecoming\u00a0\u00bb (2021)<\/p>\r\n<h4><strong>Site web<\/strong><\/h4>\r\n<p><span style=\"color: #00ccff;\"><strong><a style=\"color: #00ccff;\" href=\"https:\/\/muddygurdy.com\">https:\/\/muddygurdy.com <\/a><\/strong><\/span><\/p>\r\n<p><img decoding=\"async\" class=\"aligncenter size-full wp-image-9140\" src=\"https:\/\/franceblues.com\/wordpress\/wp-content\/uploads\/2023\/04\/Muddy-Gurdy-coop-de-mai-30721-183.jpg-e1681636754118.webp\" alt=\"\" width=\"470\" height=\"313\" srcset=\"https:\/\/franceblues.com\/wordpress\/wp-content\/uploads\/2023\/04\/Muddy-Gurdy-coop-de-mai-30721-183.jpg-e1681636754118.webp 470w, https:\/\/franceblues.com\/wordpress\/wp-content\/uploads\/2023\/04\/Muddy-Gurdy-coop-de-mai-30721-183.jpg-e1681636754118-300x200.webp 300w\" sizes=\"(max-width: 470px) 100vw, 470px\" \/><\/p>\r\n<h5 style=\"text-align: center;\">Cr\u00e9dit photo : R\u00e9mi Boisseau<\/h5>\r\n<p>&nbsp;<\/p>\r\n","protected":false},"excerpt":{"rendered":"<p>Une chanteuse-guitariste de blues, un percussionniste sp\u00e9cialiste des rythmes latinos, un joueur de vielle \u00e0 roue (hurdy gurdy) expert des musiques traditionnelles du centre de la France. A priori, ces trois-l\u00e0 n\u2019auraient jamais d\u00fb se rencontrer. Et ils se sont rencontr\u00e9s, forc\u00e9ment au croisement de routes diff\u00e9rentes, et plus pr\u00e9cis\u00e9ment sur le crossroad du blues. [&hellip;]<\/p>\n","protected":false},"author":2,"featured_media":0,"parent":7210,"menu_order":0,"comment_status":"closed","ping_status":"closed","template":"","meta":{"footnotes":""},"class_list":["post-9136","page","type-page","status-publish","hentry"],"_links":{"self":[{"href":"https:\/\/franceblues.com\/index.php?rest_route=\/wp\/v2\/pages\/9136","targetHints":{"allow":["GET"]}}],"collection":[{"href":"https:\/\/franceblues.com\/index.php?rest_route=\/wp\/v2\/pages"}],"about":[{"href":"https:\/\/franceblues.com\/index.php?rest_route=\/wp\/v2\/types\/page"}],"author":[{"embeddable":true,"href":"https:\/\/franceblues.com\/index.php?rest_route=\/wp\/v2\/users\/2"}],"replies":[{"embeddable":true,"href":"https:\/\/franceblues.com\/index.php?rest_route=%2Fwp%2Fv2%2Fcomments&post=9136"}],"version-history":[{"count":9,"href":"https:\/\/franceblues.com\/index.php?rest_route=\/wp\/v2\/pages\/9136\/revisions"}],"predecessor-version":[{"id":9299,"href":"https:\/\/franceblues.com\/index.php?rest_route=\/wp\/v2\/pages\/9136\/revisions\/9299"}],"up":[{"embeddable":true,"href":"https:\/\/franceblues.com\/index.php?rest_route=\/wp\/v2\/pages\/7210"}],"wp:attachment":[{"href":"https:\/\/franceblues.com\/index.php?rest_route=%2Fwp%2Fv2%2Fmedia&parent=9136"}],"curies":[{"name":"wp","href":"https:\/\/api.w.org\/{rel}","templated":true}]}}