{"id":8704,"date":"2022-10-13T14:14:28","date_gmt":"2022-10-13T14:14:28","guid":{"rendered":"https:\/\/franceblues.com\/?page_id=8704"},"modified":"2022-10-13T14:14:47","modified_gmt":"2022-10-13T14:14:47","slug":"blues-hall-of-fame-2022-arnaud-fradin","status":"publish","type":"page","link":"https:\/\/franceblues.com\/?page_id=8704","title":{"rendered":"Blues Hall of Fame &#8211; 2022 &#8211; ARNAUD FRADIN"},"content":{"rendered":"<p style=\"text-align: justify;\"><img fetchpriority=\"high\" decoding=\"async\" class=\"alignleft size-full wp-image-8705\" src=\"https:\/\/franceblues.com\/wordpress\/wp-content\/uploads\/2022\/10\/frad0.jpeg\" alt=\"frad0\" width=\"250\" height=\"250\" srcset=\"https:\/\/franceblues.com\/wordpress\/wp-content\/uploads\/2022\/10\/frad0.jpeg 250w, https:\/\/franceblues.com\/wordpress\/wp-content\/uploads\/2022\/10\/frad0-150x150.jpeg 150w\" sizes=\"(max-width: 250px) 100vw, 250px\" \/>Guitariste nantais explosif et chanteur sensible au falsetto d\u00e9vastateur, Arnaud Fradin b\u00e9n\u00e9ficie aujourd\u2019hui d\u2019une aura qui d\u00e9passe les fronti\u00e8res de l\u2019Hexagone. Depuis deux d\u00e9cennies, Arnaud a \u00e9cum\u00e9 les sc\u00e8nes soul-blues europ\u00e9ennes et am\u00e9ricaines, apr\u00e8s avoir fait acquis son art aupr\u00e8s des meilleurs ma\u00eetres de Memphis et du Mississippi. Malted Milk, le groupe dont il est le leader, s\u2019est impos\u00e9 au fil des ans parmi les formations soul\/funk les plus pointues du moment en conqu\u00e9rant les publics des plus grands festivals (Jazz \u00e0 Vienne, Paris Jazz Festival, Cognac Blues Passion, Marciac, Jazz \u00e0 La Villette, Nancy Jazz Pulsations\u2026).<\/p>\n<p>Ce succ\u00e8s spectaculaire n\u2019a jamais d\u00e9tourn\u00e9 Arnaud de ses racines. En 2017, en parall\u00e8le avec son travail au sein de Malted Milk comme avec la chanteuse de Memphis, Toni Green, il d\u00e9cidait de revenir \u00e0 ses premi\u00e8res amours : le Mississippi blues le plus \u00ab roots \u00bb. En pleine complicit\u00e9 avec l\u2019harmoniste virtuose Thomas Troussier, il imaginait un duo en hommage aux ma\u00eetres du genre. Au passage, il lan\u00e7ait les bases du Roots Combo, devenu quartet trois ans plus tard.<\/p>\n<p style=\"text-align: center;\"><span style=\"color: #00ccff;\"><a style=\"color: #00ccff;\" href=\"https:\/\/www.rootscombo.com\" target=\"_blank\">https:\/\/www.rootscombo.com<\/a> <\/span><br \/>\n<span style=\"color: #00ccff;\"><a style=\"color: #00ccff;\" href=\"https:\/\/www.malted-milk.com\" target=\"_blank\">https:\/\/www.malted-milk.com<\/a><\/span><\/p>\n<p style=\"text-align: center;\"><img decoding=\"async\" class=\"aligncenter size-full wp-image-8706\" src=\"https:\/\/franceblues.com\/wordpress\/wp-content\/uploads\/2022\/10\/frad1.jpeg\" alt=\"frad1\" width=\"470\" height=\"264\" srcset=\"https:\/\/franceblues.com\/wordpress\/wp-content\/uploads\/2022\/10\/frad1.jpeg 470w, https:\/\/franceblues.com\/wordpress\/wp-content\/uploads\/2022\/10\/frad1-300x169.jpeg 300w\" sizes=\"(max-width: 470px) 100vw, 470px\" \/><\/p>\n<h4 style=\"text-align: justify;\">Discographie :<\/h4>\n<p style=\"text-align: justify;\"><strong>Avec Malted Milk<\/strong><\/p>\n<p style=\"text-align: justify;\">Peaches, Ice Cream &amp; Wine &#8211; 1999<br \/>\nEasy Baby &#8211; 2008<br \/>\nSweet Soul Blues &#8211; 2009<br \/>\nSoul of a Woman &#8211; 2011<br \/>\nGet Some &#8211; 2012<br \/>\nNola Dance &#8211; 2012<br \/>\nOn Stage Tonight! &#8211; 2013<br \/>\nMatted Milk &amp; Toni Green &#8211; 2014<br \/>\n20 Years &#8211; Blues Soul &amp; Funk &#8211; 2017<br \/>\nLove Tears &amp; Guns &#8211; 2019<br \/>\nKeep On Drinking &#8211; 2020<br \/>\nRiding High &#8211; 2021<\/p>\n<p style=\"text-align: justify;\"><strong>Avec le Roots Combo<\/strong><\/p>\n<p style=\"text-align: justify;\">Steady Rollin Man &#8211; 2017<\/p>\n<p style=\"text-align: justify;\"><a href=\"https:\/\/franceblues.com\/wordpress\/wp-content\/uploads\/2022\/10\/frad2.jpeg\"><img decoding=\"async\" class=\"aligncenter size-full wp-image-8707\" src=\"https:\/\/franceblues.com\/wordpress\/wp-content\/uploads\/2022\/10\/frad2.jpeg\" alt=\"\" width=\"470\" height=\"439\" srcset=\"https:\/\/franceblues.com\/wordpress\/wp-content\/uploads\/2022\/10\/frad2.jpeg 470w, https:\/\/franceblues.com\/wordpress\/wp-content\/uploads\/2022\/10\/frad2-300x280.jpeg 300w\" sizes=\"(max-width: 470px) 100vw, 470px\" \/><\/a><\/p>\n","protected":false},"excerpt":{"rendered":"<p>Guitariste nantais explosif et chanteur sensible au falsetto d\u00e9vastateur, Arnaud Fradin b\u00e9n\u00e9ficie aujourd\u2019hui d\u2019une aura qui d\u00e9passe les fronti\u00e8res de l\u2019Hexagone. Depuis deux d\u00e9cennies, Arnaud a \u00e9cum\u00e9 les sc\u00e8nes soul-blues europ\u00e9ennes et am\u00e9ricaines, apr\u00e8s avoir fait acquis son art aupr\u00e8s des meilleurs ma\u00eetres de Memphis et du Mississippi. Malted Milk, le groupe dont il est [&hellip;]<\/p>\n","protected":false},"author":2,"featured_media":0,"parent":7210,"menu_order":0,"comment_status":"open","ping_status":"open","template":"","meta":{"footnotes":""},"class_list":["post-8704","page","type-page","status-publish","hentry"],"_links":{"self":[{"href":"https:\/\/franceblues.com\/index.php?rest_route=\/wp\/v2\/pages\/8704","targetHints":{"allow":["GET"]}}],"collection":[{"href":"https:\/\/franceblues.com\/index.php?rest_route=\/wp\/v2\/pages"}],"about":[{"href":"https:\/\/franceblues.com\/index.php?rest_route=\/wp\/v2\/types\/page"}],"author":[{"embeddable":true,"href":"https:\/\/franceblues.com\/index.php?rest_route=\/wp\/v2\/users\/2"}],"replies":[{"embeddable":true,"href":"https:\/\/franceblues.com\/index.php?rest_route=%2Fwp%2Fv2%2Fcomments&post=8704"}],"version-history":[{"count":3,"href":"https:\/\/franceblues.com\/index.php?rest_route=\/wp\/v2\/pages\/8704\/revisions"}],"predecessor-version":[{"id":8710,"href":"https:\/\/franceblues.com\/index.php?rest_route=\/wp\/v2\/pages\/8704\/revisions\/8710"}],"up":[{"embeddable":true,"href":"https:\/\/franceblues.com\/index.php?rest_route=\/wp\/v2\/pages\/7210"}],"wp:attachment":[{"href":"https:\/\/franceblues.com\/index.php?rest_route=%2Fwp%2Fv2%2Fmedia&parent=8704"}],"curies":[{"name":"wp","href":"https:\/\/api.w.org\/{rel}","templated":true}]}}