{"id":8694,"date":"2022-10-12T18:31:32","date_gmt":"2022-10-12T18:31:32","guid":{"rendered":"https:\/\/franceblues.com\/?page_id=8694"},"modified":"2022-10-14T04:43:12","modified_gmt":"2022-10-14T04:43:12","slug":"blues-hall-of-fame-2022-blues-sur-seine","status":"publish","type":"page","link":"https:\/\/franceblues.com\/?page_id=8694","title":{"rendered":"Blues Hall Of Fame &#8211; 2022 &#8211; BLUES-SUR-SEINE"},"content":{"rendered":"<p style=\"text-align: justify;\"><img fetchpriority=\"high\" decoding=\"async\" class=\"alignleft size-full wp-image-8697\" src=\"https:\/\/franceblues.com\/wordpress\/wp-content\/uploads\/2022\/10\/bssbhof.jpg\" alt=\"bssbhof\" width=\"300\" height=\"300\" srcset=\"https:\/\/franceblues.com\/wordpress\/wp-content\/uploads\/2022\/10\/bssbhof.jpg 300w, https:\/\/franceblues.com\/wordpress\/wp-content\/uploads\/2022\/10\/bssbhof-150x150.jpg 150w\" sizes=\"(max-width: 300px) 100vw, 300px\" \/>Le festival Blues sur Seine est port\u00e9 par l\u2019association \u00e9ponyme. Implant\u00e9e dans le Mantois depuis sa cr\u00e9ation, l\u2019association Blues sur Seine est n\u00e9e de la volont\u00e9 de faire vivre la tradition blues \u00e0 Mantes. Le Mantois, creuset historique des festivals, est historiquement une terre d\u2019accueil du Blues (avec notamment la pr\u00e9sence de deux fabricants d\u2019instruments de renomm\u00e9e mondiale &#8211; Buffet Crampon et Selmer- et des Hot Club des ann\u00e9es 70, accueillant de grands noms du jazz et du blues mondial tels que BB King, John Lee Hooker, Memphis Slim&#8230;).<\/p>\n<p style=\"text-align: justify;\">Blues sur Seine s\u2019\u00e9tend sur le territoire de la Communaut\u00e9 Urbaine Grand Paris Seine &amp; Oise. Il s\u2019installe aussi bien dans les quartiers populaires des villes qu\u2019en milieu rural, s\u2019attachant \u00e0 cr\u00e9er des passerelles entre les villes, les quartiers, les g\u00e9n\u00e9rations. Le festival Blues sur Seine propose des concerts aux couleurs du blues. Des artistes internationaux y c\u00f4toient des artistes europ\u00e9ens et fran\u00e7ais. Reconnu nationalement et internationalement par les amateurs de musiques afro-am\u00e9ricaines, Blues sur Seine propose une programmation \u00e9clectique du blues et ses d\u00e9riv\u00e9s.<\/p>\n<p><img decoding=\"async\" class=\"aligncenter wp-image-8702 size-full\" src=\"https:\/\/franceblues.com\/wordpress\/wp-content\/uploads\/2022\/10\/bss003.jpg\" alt=\"\" width=\"470\" height=\"313\" srcset=\"https:\/\/franceblues.com\/wordpress\/wp-content\/uploads\/2022\/10\/bss003.jpg 470w, https:\/\/franceblues.com\/wordpress\/wp-content\/uploads\/2022\/10\/bss003-300x200.jpg 300w\" sizes=\"(max-width: 470px) 100vw, 470px\" \/><\/p>\n<p style=\"text-align: justify;\">Le projet initial de l\u2019association, qui n\u2019a pas d\u00e9vi\u00e9 depuis maintenant plus de 20 ans, ambitionne la mise en place d\u2019actions culturelles et \u00e9ducatives pour favoriser le lien social. Ces actions sont men\u00e9es sur l\u2019ensemble du territoire pendant le moment du festival.<\/p>\n<p style=\"text-align: center;\"><span style=\"color: #00ffff;\"><a style=\"color: #00ffff;\" href=\"https:\/\/www.blues-sur-seine.com\" target=\"_blank\">www.blues-sur-seine.com<\/a><\/span><\/p>\n<p style=\"text-align: center;\"><img decoding=\"async\" class=\"aligncenter size-full wp-image-8701\" src=\"https:\/\/franceblues.com\/wordpress\/wp-content\/uploads\/2022\/10\/bss002.jpg\" alt=\"bss002\" width=\"470\" height=\"313\" srcset=\"https:\/\/franceblues.com\/wordpress\/wp-content\/uploads\/2022\/10\/bss002.jpg 470w, https:\/\/franceblues.com\/wordpress\/wp-content\/uploads\/2022\/10\/bss002-300x200.jpg 300w\" sizes=\"(max-width: 470px) 100vw, 470px\" \/><\/p>\n<h4 style=\"text-align: center;\">La programmation au fil des ans<\/h4>\n<p style=\"text-align: center;\"><strong>Avant 2008\u00a0<\/strong><br \/>\nElmore D (Belgique)<br \/>\nMighty Mo\u2019Rodgers<br \/>\nRiverside Blues<br \/>\nBob Walsh<br \/>\nGabriel Gr\u00e4tzer<br \/>\nHoneymen<br \/>\nChicago Blues,<br \/>\nRab McCullough,<br \/>\nZachary Richard,<br \/>\nMalick Path\u00e9 Show<br \/>\nWithout<br \/>\nJim Murple Memorial<br \/>\nMaceo Parker<br \/>\nA Tribute to Hammond<br \/>\nDr Feelgood<br \/>\nCorey Harris<br \/>\nRhoda Scott<br \/>\nBad Mules<br \/>\nLittle Big Band<br \/>\nLisa Doby<br \/>\nHoneymen<br \/>\nHarrison Kennedy<br \/>\nSpoonful<br \/>\nBlind Lemon Blues<br \/>\nChicago Blues Festival<br \/>\nBarbara Hendricks<br \/>\nGospel Feel<br \/>\nFred Chapellier<br \/>\nThe Pappy Johns Band<br \/>\nSydney Ellis<br \/>\nBeverly Jo Scott<br \/>\nLittle Bob<br \/>\nMarvellous Pig Noise<br \/>\nNublues<br \/>\nMalted Milk<\/p>\n<p style=\"text-align: center;\"><strong>2009<\/strong><br \/>\nDago Red<br \/>\nCj Chenier and the Red H<br \/>\nEgidio Juke Ingala<br \/>\nJolly Jumper &amp; Big Moe<br \/>\nCrossroad<br \/>\nBjorn Berge<br \/>\nChina Moses<br \/>\nBlack Diamond Heavis<br \/>\nNina Van Horn<br \/>\nRoland Tchakount\u00e9<br \/>\nArno<br \/>\nJames Hunter<br \/>\nBob Corritore<br \/>\nDavell Crawford<br \/>\nMercy<br \/>\nV-Blue Itd<br \/>\nCheckers Gospel Choir<\/p>\n<p style=\"text-align: center;\"><strong>2010<\/strong><br \/>\nLouisiana Red<br \/>\nJim Zeller &amp; Carl Tremblay<br \/>\nArthur Adams<br \/>\nGreg Zlap,<br \/>\nLos Reyes del Ko<br \/>\nZaz<br \/>\nZoo<br \/>\nRodolphe Burger<br \/>\nCrossroads<br \/>\nTomi Goluban<br \/>\nBoney Fields<br \/>\nMoriarty<br \/>\nRhoda Scott<br \/>\nHell\u2019s Kitchen<br \/>\nMichael Hawkeye Herman<br \/>\nHootin the Blues<\/p>\n<p style=\"text-align: center;\"><strong>2011<\/strong><br \/>\nBob Brozman<br \/>\nAndy J Forest<br \/>\nDwayne Dopsie &amp; the Zydeco<br \/>\nMike Sponza &amp; Bob Margolin<br \/>\nJimmy Burns<br \/>\nThe Suitcase Brothers<br \/>\nBig Muddy<br \/>\nThe Suitcase Brothers<br \/>\nAlice Russel<br \/>\nYael Naim<br \/>\nDick Annegarn<br \/>\nAsaf Avidan<br \/>\nLondon Community Gospel<br \/>\nGeorg Schroeter &amp; Marc Breitfelder<br \/>\nLionnel Young<br \/>\nIan Parker<br \/>\nAndr\u00e9e Dupr\u00e9 &amp; Jean Millaire<\/p>\n<p style=\"text-align: center;\"><strong>2012<\/strong><br \/>\nWatermelon Slim<br \/>\nChriss2Blues<br \/>\nVal\u00e9rie June<br \/>\nCandye Kane<br \/>\nSamuel James<br \/>\nScott H Biram<br \/>\nNeige Noire<br \/>\nBlack Matoo<br \/>\nBernard Adamus<br \/>\nJeff Lang<br \/>\nLucky Peterson<br \/>\nAmadou &amp; Mariam<br \/>\nTinawiren<br \/>\nTerry \u00ab Harmonica \u00bb Bean<br \/>\nGerald Toto<br \/>\nCotton Belly\u2019s<br \/>\nLightnin Guy<\/p>\n<p style=\"text-align: center;\"><strong>2013<\/strong><br \/>\nRhiannon Giddens &amp; Leyla<br \/>\nSugaray<br \/>\nLittle Bob Blues Bastards<br \/>\nBabajack<br \/>\nMike Sanchez<br \/>\nLurrie Bell<br \/>\nChriss4Blues<br \/>\nBirth of Joy<br \/>\nShalala &amp; Friends<br \/>\nBeauty &amp; the Beast<br \/>\nDave Arcari<br \/>\nAyo<br \/>\nSanseverino<br \/>\nAbraham Inc<br \/>\nLittle G Weevil<br \/>\nLisa Leblanc<br \/>\nNaomi Shelton &amp; The Gospel<br \/>\nSoul Serenade<br \/>\nBig Daddy Wilson<br \/>\nNicolas Duportal &amp; His Rythm Dudes<br \/>\nThe Crippled Frogs<\/p>\n<p style=\"text-align: center;\"><strong>2014<\/strong><br \/>\nBoo Boo Davis<br \/>\nNico Wayne Toussaint<br \/>\nSteve Strongman<br \/>\nRick Estrin &amp; The Black Cats<br \/>\nDawn Tyler Watson<br \/>\nThe Reverend Peyton<br \/>\nThe Hillbilly Moon Explosion<br \/>\nMovie Star Junkies<br \/>\nPierre Claude Artus<br \/>\nSharon Jones &amp; The Dap-Kings<br \/>\nCharlElie Couture<br \/>\nBror Gunnar Janson<br \/>\nImelda May<br \/>\nFaada Freddy<br \/>\nHopkins &amp; Sanders Gospel<br \/>\nV\u00e9ronica Sbergia<br \/>\nThe Reverend Shawn Amos<br \/>\nHeritage Blues Orchestra<br \/>\nMr Bo Weavil<\/p>\n<p style=\"text-align: center;\"><strong>2015<\/strong><br \/>\nKyla Brox,<br \/>\nBeth Hart<br \/>\nSonghoy Blues<br \/>\nJordan Officier<br \/>\nKarl W Davis<br \/>\nOlivier Gotti<br \/>\nAymeric Maini<br \/>\nThe Wanton Bishops<br \/>\nMoonshiners<br \/>\nHowlin Jaws<br \/>\nRotor Jambreks<br \/>\nSeun Kuti &amp; Egypt 80<br \/>\nHindi Zahra<br \/>\nMaceo Parker<br \/>\nChicago Blues Festival<br \/>\nThe Golden Gate Quartet<br \/>\nThe Hub<br \/>\nKyla Brox<br \/>\nBlick Bassy<br \/>\nRobyn Bennett<br \/>\nBang Banh<br \/>\nBad Mules<\/p>\n<p style=\"text-align: center;\"><strong>2016<\/strong><br \/>\nGregory Porter<br \/>\nJames Hunter<br \/>\nBo Weavil<br \/>\nBoy Paxton<br \/>\nThe Excitements<br \/>\nTonya Baker<br \/>\nKing Biscuit<br \/>\nLeyla McCalla<\/p>\n<p style=\"text-align: center;\"><strong>2017<\/strong><br \/>\nDee Dee Bridgewater<br \/>\nLee Fields &amp; The Expressions<br \/>\nBetty Bonifassi<br \/>\nJohn Nemeth &amp; Kirk Fletcher<br \/>\nLucky Peterson<br \/>\nFlo Bauer Blues Project<br \/>\nBror Gunnar Jansson<br \/>\nVicious Steel<br \/>\nBen l\u2019Oncle Soul<br \/>\nNatalia M King<br \/>\nSon of Dave<br \/>\nFrancesco Piu<br \/>\nThe Como Mamas<br \/>\nLinda Lee Hopkins &amp; The Spirit and Truth Singers<\/p>\n<p style=\"text-align: center;\">2018<br \/>\nLisa Simone<br \/>\nMadeleine Peyroux<br \/>\nKeziah Jones<br \/>\nRhoda Scott<br \/>\nStacey Kent<br \/>\nSarah Lenka<br \/>\nMolly Johnson + Kolas Experiment<br \/>\nFlyin Saucers Gumbo Special<br \/>\nElectric Blues Duo<\/p>\n<p style=\"text-align: center;\"><strong>2019<\/strong><br \/>\nPopa Chubby<br \/>\nNew Blues Generation<br \/>\nCam\u00e9lia Jordana<br \/>\nAwek<br \/>\nLittle Bob<br \/>\nRosedale<br \/>\nAntoine Hamilton<br \/>\nPaul Personne<br \/>\nAndr\u00e9 Manoukian &amp; China Moses<br \/>\nBombino &amp; Arat Kilo<br \/>\nTiwayo<br \/>\nSlim Paul<br \/>\nNew Gospel Familly<br \/>\nAntoine Hamilton<br \/>\nThe Jamwalkers<br \/>\nSarah Lenka<br \/>\nLivingstone<\/p>\n<p style=\"text-align: center;\"><strong>2021<\/strong><br \/>\nJean Jacques Milteau<br \/>\nJessie Lee &amp; The Alchemists<br \/>\nLaura Cox<br \/>\nErik Maseko<br \/>\nRonan One Man Band<br \/>\nThomas Doucet &amp; The G Lights<br \/>\nLowland Brothers<br \/>\nKaz Hawkins<br \/>\nWill Barber<br \/>\nButch Mckoy<\/p>\n<p style=\"text-align: center;\"><strong>2022<\/strong><br \/>\nDelgr\u00e8s<br \/>\nAl Sanders &amp; The Gospel Travellers<br \/>\nNew Blues Generation<br \/>\nBeaux Gris-Gris<br \/>\nHorla<br \/>\nNatalia M. King<br \/>\nMyles Sanko<br \/>\nMalted Milk<br \/>\nDejook<br \/>\nLuke Winslow King<br \/>\nJuliane Joe<br \/>\nRobert Finley<br \/>\nTanika Charles<br \/>\nArnaud Fradin &amp; His Roots Combo<br \/>\nGliz<br \/>\nChicago Blues Festival<br \/>\nAnthony Stelmaszak<br \/>\nHugh Coltman &amp; Matthis Pascaud<br \/>\nA Little Jazz Mass de Bob Chilcott<br \/>\nLittle Mouse &amp; The Hungry Cats<br \/>\nSame Player Shoot Again<br \/>\nThe James Brown Tribute Show<br \/>\nFrench Blues All Stars<br \/>\nTremplin Blues sur Seine<\/p>\n","protected":false},"excerpt":{"rendered":"<p>Le festival Blues sur Seine est port\u00e9 par l\u2019association \u00e9ponyme. Implant\u00e9e dans le Mantois depuis sa cr\u00e9ation, l\u2019association Blues sur Seine est n\u00e9e de la volont\u00e9 de faire vivre la tradition blues \u00e0 Mantes. Le Mantois, creuset historique des festivals, est historiquement une terre d\u2019accueil du Blues (avec notamment la pr\u00e9sence de deux fabricants d\u2019instruments [&hellip;]<\/p>\n","protected":false},"author":2,"featured_media":0,"parent":7210,"menu_order":0,"comment_status":"open","ping_status":"open","template":"","meta":{"footnotes":""},"class_list":["post-8694","page","type-page","status-publish","hentry"],"_links":{"self":[{"href":"https:\/\/franceblues.com\/index.php?rest_route=\/wp\/v2\/pages\/8694","targetHints":{"allow":["GET"]}}],"collection":[{"href":"https:\/\/franceblues.com\/index.php?rest_route=\/wp\/v2\/pages"}],"about":[{"href":"https:\/\/franceblues.com\/index.php?rest_route=\/wp\/v2\/types\/page"}],"author":[{"embeddable":true,"href":"https:\/\/franceblues.com\/index.php?rest_route=\/wp\/v2\/users\/2"}],"replies":[{"embeddable":true,"href":"https:\/\/franceblues.com\/index.php?rest_route=%2Fwp%2Fv2%2Fcomments&post=8694"}],"version-history":[{"count":6,"href":"https:\/\/franceblues.com\/index.php?rest_route=\/wp\/v2\/pages\/8694\/revisions"}],"predecessor-version":[{"id":8711,"href":"https:\/\/franceblues.com\/index.php?rest_route=\/wp\/v2\/pages\/8694\/revisions\/8711"}],"up":[{"embeddable":true,"href":"https:\/\/franceblues.com\/index.php?rest_route=\/wp\/v2\/pages\/7210"}],"wp:attachment":[{"href":"https:\/\/franceblues.com\/index.php?rest_route=%2Fwp%2Fv2%2Fmedia&parent=8694"}],"curies":[{"name":"wp","href":"https:\/\/api.w.org\/{rel}","templated":true}]}}