{"id":8471,"date":"2022-04-23T06:05:56","date_gmt":"2022-04-23T06:05:56","guid":{"rendered":"https:\/\/franceblues.com\/?page_id=8471"},"modified":"2026-02-21T15:14:14","modified_gmt":"2026-02-21T15:14:14","slug":"pedagoblues-willy-blues","status":"publish","type":"page","link":"https:\/\/franceblues.com\/?page_id=8471","title":{"rendered":"P\u00e9dagoBlues : Willy Blues"},"content":{"rendered":"<h3>Willy Blues<\/h3>\n<p style=\"text-align: justify;\">Ce spectacle musical et th\u00e9\u00e2tral, mobile et itin\u00e9rant, raconte l\u2019histoire du blues \u00e0 travers un personnage virtuel, Willy Blues qui, de Bluesville \u00e0 Memphis, de Londres \u00e0 Chicago, a approch\u00e9 toutes les l\u00e9gendes du blues et du rock : Robert Johnson, Sam Philips, Ray Charles, les Beatles, Jimi Hendrix &#8230;<\/p>\n<p style=\"text-align: justify;\">Willy Blues c\u2019est :<\/p>\n<p>Un conte pour petits et grands.<br \/>\nUne histoire tendre et po\u00e9tique \u00e0 d\u00e9couvrir au rythme du blues et du rock en passant par la pop pour bouger et donner des yeux \u00e0 vos oreilles.<br \/>\nUn concert comme pour les grands jou\u00e9 \u00e0 une heure pour les petits. Dej\u00e0 plus de 3000 enfants qui ont appr\u00e9ci\u00e9 le spectacle.<br \/>\nDu th\u00e9\u00e2tre, une mise en sc\u00e8ne, un d\u00e9cor et des costumes pour accompagner le public dans l\u2019histoire de Suzie.<\/p>\n<p><img fetchpriority=\"high\" decoding=\"async\" class=\"aligncenter size-full wp-image-8480\" src=\"https:\/\/franceblues.com\/wordpress\/wp-content\/uploads\/2022\/04\/willy1.jpg\" alt=\"willy1\" width=\"470\" height=\"313\" srcset=\"https:\/\/franceblues.com\/wordpress\/wp-content\/uploads\/2022\/04\/willy1.jpg 470w, https:\/\/franceblues.com\/wordpress\/wp-content\/uploads\/2022\/04\/willy1-300x200.jpg 300w\" sizes=\"(max-width: 470px) 100vw, 470px\" \/><\/p>\n<h5>L\u2019histoire :<\/h5>\n<p style=\"text-align: justify;\">Dans le sous-sol de son arri\u00e8re grand-p\u00e8re, Suzie d\u00e9couvre avec \u00e9tonnement une malle aux objets charg\u00e9s d\u2019histoire.<br \/>\nWilly Blues lui narre ses incroyables aventures musicales et anecdotes qui lui feront traverser les \u00c9tat-Unis ainsi que l\u2019Europe. Au cours du spectacle, Suzie va rencontrer de nombreux personnages, certains fictifs et d\u2019autres r\u00e9els, qui ont collabor\u00e9 \u00e0 l\u2019histoire du blues jusqu\u2019\u00e0 la naissance du rock.<br \/>\nLes trois comp\u00e8res, Solveig, Fabien et Benoit, sont tour \u00e0 tour acteurs et musiciens, et n\u2019h\u00e9siteront pas user de leur douce folie pour nous faire partager toutes leurs aventures.<\/p>\n<p style=\"text-align: justify;\">Chansons, com\u00e9die, vid\u00e9os sont ici un m\u00e9lange d\u2019arts d\u00e9tonnant pour un spectacle r\u00e9solument vivant.<br \/>\nTant\u00f4t r\u00eaverie, tant\u00f4t r\u00e9alit\u00e9, Willy Blues c\u2019est aussi ce voyage entre le r\u00e9el et l&rsquo;imaginaire, dans lequel les enfants savent si bien se projeter.<\/p>\n<p style=\"text-align: center;\"><strong>C\u2019est une plong\u00e9e au coeur du blues, de son histoire et de son \u00e9volution.<\/strong><\/p>\n<h5 style=\"text-align: justify;\">L&rsquo;\u00e9quipe :<\/h5>\n<p style=\"text-align: justify;\">Solveig Rakotomalala : chant, contrebassine, clavier, guitare et basse.<br \/>\nFabien Meissonnier: batterie, percussions, washboard, guitare, kazoo et chant.<br \/>\nBenoit Noeppel : guitares, cigarbox, dobro, kazoo et chant.<\/p>\n<h4 style=\"text-align: justify;\"><strong>Willy Blues, un conte musical \u00e0 plusieurs dimensions<\/strong><\/h4>\n<p style=\"text-align: justify;\">Le spectacle Willy Blues, destin\u00e9 au jeune public \u00e0 partir de 6 ans, a \u00e9t\u00e9 con\u00e7u comme une mini-com\u00e9die musicale avec des illustrations originales diffus\u00e9es sur \u00e9cran. Les d\u00e9cors, animations vid\u00e9os, \u00e9clairages, instruments bricol\u00e9s, cr\u00e9ent un univers insolite et ludique. Tous ces \u00e9l\u00e9ments, d\u00e9nominateurs communs du th\u00e9\u00e2tre et du conte musical permettent \u00e0 ces deux expressions sc\u00e9niques de cohabiter pleinement.<\/p>\n<p>Une vraie d\u00e9couverte pour certains enfants qui n\u2019ont parfois encore jamais eu l\u2019occasion de d\u00e9couvrir un groupe sur sc\u00e8ne. Willy Blues est aussi un concert comme pour les grands, jou\u00e9 \u00e0 une heure pour les petits.<\/p>\n<p style=\"text-align: justify;\">L\u2019histoire raconte la vie de Willy Blues, un musicien imaginaire qui a v\u00e9cu au XX\u00e8me si\u00e8cle et qui accompagnera les grands bouleversements de la musique et de la soci\u00e9t\u00e9 am\u00e9ricaine. C\u2019est dans le sous-sol de son arri\u00e8re grand-p\u00e8re que Suzie d\u00e9couvre une malle dans laquelle ses objets racontent l\u2019histoire de Willy Blues. Au cours du spectacle, la fillette va rencontrer de nombreux personnages, certains fictifs et d\u2019autres r\u00e9els, qui ont collabor\u00e9 \u00e0 l\u2019histoire du blues. Les chansons sont interpr\u00e9t\u00e9es en direct et accompagn\u00e9es de films d\u2019animation qui permettent aux enfants de mieux appr\u00e9hender le texte. Willy, personnage virtuel anim\u00e9 en 2D qui s\u2019exprime en tant r\u00e9el au travers d\u2019un \u00e9cran, nous fait voyager dans diff\u00e9rentes \u00e9poques et diff\u00e9rents pays. Willy Blues est le 4\u00e8me acteur de la troupe, tr\u00e8s appr\u00e9ci\u00e9 des petits et des grands !<\/p>\n<p><center><iframe title=\"YouTube video player\" src=\"https:\/\/www.youtube.com\/embed\/azg-4N9uJB8\" width=\"470\" height=\"305\" frameborder=\"0\" allowfullscreen=\"allowfullscreen\"><\/iframe><\/center><\/p>\n<h4 style=\"text-align: justify;\"><strong>Aux origines de \u00ab Willy Blues \u00bb<\/strong><\/h4>\n<p style=\"text-align: justify;\">Willy Blues est une histoire \u00e9crite par Benoit Noeppel, guitariste et directeur du conservatoire de Saulx-Les- Chartreux. L\u2019histoire a \u00e9t\u00e9 pens\u00e9e pour aborder la musique sous un angle p\u00e9dagogique, en concertation avec plusieurs professeurs des \u00e9coles.<\/p>\n<h4 style=\"text-align: justify;\"><strong>Pourquoi l\u2019histoire du blues ?<\/strong><\/h4>\n<p style=\"text-align: justify;\">Fort de son exp\u00e9rience en tant que musicien, professeur, compositeur et cr\u00e9ateur, Benoit Noeppel a eu le d\u00e9sir de monter ce spectacle afin de faire d\u00e9couvrir aux enfants l\u2019origine des musiques actuelles.<br \/>\nAu del\u00e0 de son aspect purement musical, le blues est une musique dont la riche histoire s\u2019est nourrie des \u00e9volutions soci\u00e9tales, historiques, politiques ou culturelles du XX\u00e8me si\u00e8cle.<br \/>\nAu vu de la grande diversit\u00e9 des musiques noires am\u00e9ricaines et de ses multiples ramifications, le parti a \u00e9t\u00e9 pris de ne pas \u00e9voquer l\u2019ensemble des genres musicaux existants afin d\u2019\u00e9viter toute source de confusion chez les enfants. Les rencontres de Willy Blues se concentrent donc sur le gospel, le blues et la naissance du rock.<\/p>\n<h4 style=\"text-align: justify;\"><strong>Cr\u00e9er le lien entre la musique du pass\u00e9, du pr\u00e9sent et celle de l\u2019avenir \u2028<\/strong><\/h4>\n<p>Le personnage Willy Blues, fil conducteur du spectacle, permet de cr\u00e9er le lien entre la musique du pass\u00e9, du pr\u00e9sent et celle de l\u2019avenir, \u00e0 travers la d\u00e9couverte des diff\u00e9rents styles de musique. Les enfants prennent conscience que la musique qu\u2019ils aiment n\u2019est pas aussi \u00e9loign\u00e9e qu\u2019ils le pensent des musiques traditionnelles et issues des pr\u00e9c\u00e9dentes g\u00e9n\u00e9rations. Il s\u2019agit aussi d\u2019\u00e9veiller leur curiosit\u00e9 et de d\u00e9velopper leur culture.<\/p>\n<p><img decoding=\"async\" class=\"aligncenter size-full wp-image-8481\" src=\"https:\/\/franceblues.com\/wordpress\/wp-content\/uploads\/2022\/04\/willy2.jpg\" alt=\"willy2\" width=\"470\" height=\"313\" srcset=\"https:\/\/franceblues.com\/wordpress\/wp-content\/uploads\/2022\/04\/willy2.jpg 470w, https:\/\/franceblues.com\/wordpress\/wp-content\/uploads\/2022\/04\/willy2-300x200.jpg 300w\" sizes=\"(max-width: 470px) 100vw, 470px\" \/><\/p>\n<h4><strong>Initier les enfants aux grands th\u00e8mes de l\u2019Histoire, gr\u00e2ce \u00e0 la musique<\/strong><\/h4>\n<p style=\"text-align: justify;\">Willy Blues se veut ludique et accessible \u00e0 tous, tout en ayant pour ambition de faire d\u00e9couvrir une partie de l\u2019histoire du peuple afro-am\u00e9ricain aux enfants. Comprendre la musique et l\u2019histoire des hommes afin de les pr\u00e9parer \u00e0 entrer progressivement dans le monde des grands.<\/p>\n<p style=\"text-align: justify;\">Au-del\u00e0 de l&rsquo;histoire de la musique du XXe si\u00e8cle, de ses l\u00e9gendes et diff\u00e9rents courants, Willy Blues permet aux enfants et \u00e0 leurs accompagnants (professeurs, parents&#8230;) d&rsquo;aborder ensemble les th\u00e8mes de la diff\u00e9rence et de l&rsquo;\u00e9galit\u00e9 par l&rsquo;\u00e9vocation de l&rsquo;esclavage et de la s\u00e9gr\u00e9gation aux Etats-Unis.<br \/>\nQue l\u2019on soit adulte ou enfant, le texte de Willy Blues peut \u00eatre lu \u00e0 plusieurs niveaux. Chacun est confront\u00e9 aux multiples questions que pose Suzie, son arri\u00e8re petite-fille. L\u2019alternance d\u2019un monde magique avec le monde r\u00e9el permet aussi de d\u00e9dramatiser tous ces th\u00e8mes abord\u00e9s.<\/p>\n<h4 style=\"text-align: justify;\"><strong>R\u00e9silience et vivre-ensemble<\/strong><\/h4>\n<p style=\"text-align: justify;\">Si les sujets \u00e9voqu\u00e9s sont parfois d\u00e9licats, l\u2019histoire d\u00e9montre la capacit\u00e9 de r\u00e9silience d\u2019un individu, \u00e0 travers son personnage Willy Blues. Gr\u00e2ce \u00e0 la musique, Willy r\u00e9ussira \u00e0 changer sa condition sociale et \u00e0 d\u00e9passer les fronti\u00e8res de la diff\u00e9rence. N\u00e9 pauvre dans une petite ville du Mississippi, il deviendra un musicien accompli qui voyagera \u00e0 travers le monde, rencontrant des c\u00e9l\u00e9brit\u00e9s issues de toutes origines (Robert Johnson, Ray Charles, Boris Vian, Jimi Hendrix, The Beatles&#8230;).<\/p>\n<p style=\"text-align: justify;\">Les intervenants de Willy Blues, habitu\u00e9s \u00e0 \u00e9voluer dans des territoires vari\u00e9s, y compris dans des quartiers dits \u00ab difficiles \u00bb, sont tr\u00e8s attentifs au fait d\u2019inclure dans la transmission de leur musique, des valeurs comme celles du respect de l\u2019autre et du vivre-ensemble.<\/p>\n<h4 style=\"text-align: justify;\"><strong>Structure du spectacle<\/strong><\/h4>\n<p style=\"text-align: justify;\">Le spectacle \u00ab Willy Blues \u00bb est compos\u00e9 de 14 tableaux.<\/p>\n<p style=\"text-align: justify;\">A chaque tableau, correspond des d\u00e9couvertes avec :<br \/>\n&#8211; Un moment fort de l\u2019histoire (esclavage, crisede1929, s\u00e9gr\u00e9gation, mouvement hippie &#8230;).<br \/>\n&#8211; Des instruments de musique aussi bien actuels (piano, harmonica, batterie, guitares) que traditionnels : cigarbox (guitare sculpt\u00e9e dans une bo\u00eete \u00e0 cigares), washboard (planche \u00e0 laver qui servait de batterie), contrebassine (pour la basse).<br \/>\n&#8211; La rencontre avec des musiciens c\u00e9l\u00e8bres de la musique (Robert Johnson, Ray Charles, Jimi Hendrix, Boris Vian,&#8230;).<\/p>\n<p style=\"text-align: justify;\">Chaque sayn\u00e8te est cl\u00f4tur\u00e9e par une chanson sp\u00e9cialement compos\u00e9e pour le spectacle ou bien issue du r\u00e9pertoire de musique traditionnelle.<\/p>\n<p style=\"text-align: justify;\">Un soin particulier a \u00e9t\u00e9 apport\u00e9 \u00e0 la voix off et aux bruitages qui soutiennent la mise en espace du spectacle.<\/p>\n<p style=\"text-align: justify;\">A l\u2019issue de la repr\u00e9sentation, un livret d\u2019activit\u00e9s est distribu\u00e9 aux enfants. Coloriages et jeux permettent de rappeler les moments forts de l\u2019histoire.<\/p>\n<h4 style=\"text-align: justify;\">Action p\u00e9dagogique<\/h4>\n<p style=\"text-align: justify;\">Dans le cadre de partenariats avec les \u00e9coles, l\u2019\u00e9quipe de Willy Blues r\u00e9alise des s\u00e9ances pr\u00e9paratoires (travail d\u2019\u00e9criture et de chant pour une participation active, lors du spectacle). A la suite de la repr\u00e9sentation, un temps d\u2019\u00e9change s\u2019ensuit avec les enfants qui posent toutes les questions souhait\u00e9es aux intervenants.<\/p>\n<p style=\"text-align: justify;\">En partenariat avec la salle de concert Le Plan (Ris-Orangis) et du coll\u00e8ge Paul \u00c9luard \u00e0 Sainte-Genevi\u00e8ve- des-Bois, des sessions de d\u00e9couvertes sur le th\u00e8me du spectacle vivant ont \u00e9t\u00e9 organis\u00e9es avec les coll\u00e9giens : travail de cr\u00e9ation, de mise en sc\u00e8ne&#8230; Les intervenants de Willy Blues se sont aussi d\u00e9plac\u00e9s dans une classe afin d\u2019expliquer l\u2019histoire du blues aux \u00e9l\u00e8ves.<\/p>\n<p style=\"text-align: justify;\"><img decoding=\"async\" class=\"aligncenter size-full wp-image-8482\" src=\"https:\/\/franceblues.com\/wordpress\/wp-content\/uploads\/2022\/04\/willy3.jpg\" alt=\"willy3\" width=\"470\" height=\"313\" srcset=\"https:\/\/franceblues.com\/wordpress\/wp-content\/uploads\/2022\/04\/willy3.jpg 470w, https:\/\/franceblues.com\/wordpress\/wp-content\/uploads\/2022\/04\/willy3-300x200.jpg 300w\" sizes=\"(max-width: 470px) 100vw, 470px\" \/><\/p>\n<h4 style=\"text-align: justify;\"><strong>Exp\u00e9rience de transmission depuis de nombreuses ann\u00e9es<\/strong><\/h4>\n<p style=\"text-align: justify;\">Benoit Noeppel, un des personnages du spectacle, musicien et professeur de guitare \u00e9lectrique, dirige des ateliers d\u2019ensemble de musiques actuelles. Il cr\u00e9e et coordonne de nombreux projets p\u00e9dagogiques depuis plus de 20 ans, au sein desquels interviennent des enfants et des adolescents issus des \u00e9coles et des conservatoires.<\/p>\n<p>Solveig Rakotomalala, chanteuse, a une exp\u00e9rience confirm\u00e9e dans l\u2019animation d\u2019ateliers de chant et de musique au sein des \u00e9coles primaires et des MJC. Les enfants participent pleinement \u00e0 la cr\u00e9ation et \u00e0 la mise en \u0153uvre de nombreux spectacles.<\/p>\n<h5 style=\"text-align: justify;\">Info\/Booking<\/h5>\n<p style=\"text-align: justify;\">Benoit Noeppel \/ 06 64 23 34 20<br \/>\n<span style=\"color: #00ccff;\"><a style=\"color: #00ccff;\" href=\"mailto:b.noeppel@gmail.com\">b.noeppel@gmail.com<\/a>\u00a0<\/span><br \/>\n<a href=\"http:\/\/www.willyblues.fr\" target=\"_blank\" rel=\"noopener\"><span style=\"color: #00ccff;\">http:\/\/www.willyblues.fr<\/span><\/a><\/p>\n","protected":false},"excerpt":{"rendered":"<p>Willy Blues Ce spectacle musical et th\u00e9\u00e2tral, mobile et itin\u00e9rant, raconte l\u2019histoire du blues \u00e0 travers un personnage virtuel, Willy Blues qui, de Bluesville \u00e0 Memphis, de Londres \u00e0 Chicago, a approch\u00e9 toutes les l\u00e9gendes du blues et du rock : Robert Johnson, Sam Philips, Ray Charles, les Beatles, Jimi Hendrix &#8230; Willy Blues c\u2019est [&hellip;]<\/p>\n","protected":false},"author":2,"featured_media":0,"parent":6150,"menu_order":0,"comment_status":"open","ping_status":"open","template":"","meta":{"footnotes":""},"class_list":["post-8471","page","type-page","status-publish","hentry"],"_links":{"self":[{"href":"https:\/\/franceblues.com\/index.php?rest_route=\/wp\/v2\/pages\/8471","targetHints":{"allow":["GET"]}}],"collection":[{"href":"https:\/\/franceblues.com\/index.php?rest_route=\/wp\/v2\/pages"}],"about":[{"href":"https:\/\/franceblues.com\/index.php?rest_route=\/wp\/v2\/types\/page"}],"author":[{"embeddable":true,"href":"https:\/\/franceblues.com\/index.php?rest_route=\/wp\/v2\/users\/2"}],"replies":[{"embeddable":true,"href":"https:\/\/franceblues.com\/index.php?rest_route=%2Fwp%2Fv2%2Fcomments&post=8471"}],"version-history":[{"count":12,"href":"https:\/\/franceblues.com\/index.php?rest_route=\/wp\/v2\/pages\/8471\/revisions"}],"predecessor-version":[{"id":11317,"href":"https:\/\/franceblues.com\/index.php?rest_route=\/wp\/v2\/pages\/8471\/revisions\/11317"}],"up":[{"embeddable":true,"href":"https:\/\/franceblues.com\/index.php?rest_route=\/wp\/v2\/pages\/6150"}],"wp:attachment":[{"href":"https:\/\/franceblues.com\/index.php?rest_route=%2Fwp%2Fv2%2Fmedia&parent=8471"}],"curies":[{"name":"wp","href":"https:\/\/api.w.org\/{rel}","templated":true}]}}