{"id":8239,"date":"2021-11-12T06:30:18","date_gmt":"2021-11-12T06:30:18","guid":{"rendered":"https:\/\/franceblues.com\/?page_id=8239"},"modified":"2021-11-12T11:56:26","modified_gmt":"2021-11-12T11:56:26","slug":"blues-hall-of-fame-2021-gresiblues-festival","status":"publish","type":"page","link":"https:\/\/franceblues.com\/?page_id=8239","title":{"rendered":"Blues Hall Of Fame \u2013 2021 \u2013 GR\u00c9SIBLUES FESTIVAL"},"content":{"rendered":"<p style=\"text-align: justify;\"><img decoding=\"async\" class=\"alignleft size-thumbnail wp-image-8240\" src=\"https:\/\/franceblues.com\/wordpress\/wp-content\/uploads\/2021\/11\/gresiblues1-150x150.jpg\" alt=\"gresiblues1\" width=\"150\" height=\"150\" \/>Depuis maintenant plus de 20 ans, le Festival Gr\u00e9siblues propose au d\u00e9but de l\u2019\u00e9t\u00e9 une semaine de concerts gratuits, chaque soir dans une commune diff\u00e9rente de la Vall\u00e9e du Gr\u00e9sivaudan. Un lieu un peu difficile \u00e0 situer sur une carte ? \u2026 Mais non : il s\u2019agit tout simplement de la vall\u00e9e qui relie les villes de Grenoble (Is\u00e8re) et Chamb\u00e9ry (Savoie). Le festival est itin\u00e9rant, sur une distance d\u2019environ 30 km, avec chaque soir 2 concerts gratuits dans une commune diff\u00e9rente de la vall\u00e9e. Selon les ann\u00e9es, les communes, de taille souvent diff\u00e9rente, peuvent changer, m\u00eame si on retourne r\u00e9guli\u00e8rement aux m\u00eames endroits. Liste non exhaustive, donc \u2026<\/p>\n<p style=\"text-align: justify;\">Depuis sa cr\u00e9ation, le Festival s\u2019appuie sur deux points forts et originaux : l\u2019itin\u00e9rance des lieux de concerts et la tenue durant une semaine de stages musicaux ouverts \u00e0 toutes les formes de blues. Cette association est aujourd\u2019hui la vraie marque de fabrique du Gr\u00e9siblues.<\/p>\n<p style=\"text-align: justify;\"><img fetchpriority=\"high\" decoding=\"async\" class=\"aligncenter size-full wp-image-8242\" src=\"https:\/\/franceblues.com\/wordpress\/wp-content\/uploads\/2021\/11\/gresiblues3.jpg\" alt=\"gresiblues3\" width=\"470\" height=\"313\" srcset=\"https:\/\/franceblues.com\/wordpress\/wp-content\/uploads\/2021\/11\/gresiblues3.jpg 470w, https:\/\/franceblues.com\/wordpress\/wp-content\/uploads\/2021\/11\/gresiblues3-300x200.jpg 300w\" sizes=\"(max-width: 470px) 100vw, 470px\" \/><\/p>\n<p style=\"text-align: justify;\"><strong>Petit retour en arri\u00e8re<\/strong><\/p>\n<p style=\"text-align: justify;\">Fin 1999, l\u2019association voit le jour, un soir, sur la commune du TOUVET en Is\u00e8re.<\/p>\n<p style=\"text-align: justify;\">La bande de copains qui s\u2019est retrouv\u00e9e l\u00e0 (des habitants de la r\u00e9gion : Roland, Jean -Luc, Philippe, S\u00e9bastien et quelques autres, musiciens ou non) a souhait\u00e9 faire partager son amour du blues au plus grand nombre, n\u00e9ophytes ou passionn\u00e9s. D\u00e8s le d\u00e9part, l\u2019id\u00e9e des stages est indissociable de la partie concerts. Il s\u2019agissait avant tout de donner aux \u00ab \u00e9l\u00e8ves \u00bb de tous \u00e2ges des \u00e9l\u00e9ments de progression dans leur jeu, qu\u2019il s\u2019agisse de guitare, batterie, basse, harmonica, claviers ou chant. Et d\u00e8s le d\u00e9part \u00e9galement, donner la possibilit\u00e9 \u00e0 chacun d\u2019avoir l\u2019opportunit\u00e9 de monter sur sc\u00e8ne (c\u2019est souvent un r\u00eave inaccessible, quand on travaille dans sa chambre !).<\/p>\n<p style=\"text-align: justify;\">D\u00e8s l\u2019\u00e9t\u00e9 suivant, quelques stagiaires arrivent, pris en charge par Chris Lancry, et un caf\u00e9 du Touvet (Is\u00e8re) re\u00e7oit le premier concert, en plein air\u2026<\/p>\n<p style=\"text-align: justify;\">Le d\u00e9fi est lanc\u00e9\u2026 et ne s\u2019arr\u00eate pas, sous la houlette du premier pr\u00e9sident, pr\u00e9sent durant 10 ann\u00e9es et initiateur de cette belle id\u00e9e, Jean \u2013 Luc Mercier. Le bouche \u00e0 oreille plut\u00f4t positif conduit le groupe \u00e0 s\u2019agrandir d\u2019ann\u00e9e en ann\u00e9e (avec des stagiaires venus d\u2019un peu partout en France, ou m\u00eame d\u2019autres pays d\u2019Europe). Apr\u00e8s quelques \u00e9tapes, il trouve un tr\u00e8s bel endroit pour exercer ses talents : les salles de cours, et un h\u00e9bergement dans les locaux tr\u00e8s agr\u00e9ables d\u2019un lyc\u00e9e agricole, nich\u00e9 dans un parc de verdure.<\/p>\n<p style=\"text-align: justify;\">Et dans le m\u00eame temps, l\u2019activit\u00e9 concerts se d\u00e9ploie. Apr\u00e8s le premier engagement du TOUVET, d\u2019autres communes voisines confirment leur engagement pour recevoir le festival chez elles un soir de la semaine. L\u2019id\u00e9e a fait son chemin\u2026et le festival lance sa caravane sur les routes de la vall\u00e9e.<\/p>\n<p style=\"text-align: justify;\">Les concerts, organis\u00e9s en plein air, offrent toujours une possibilit\u00e9 de repli en cas de mauvais temps, Enti\u00e8rement gratuits, ils sont notre plus belle carte de visite. Chaque soir\u00e9e deux groupes sont \u00e0 l\u2019affiche : locaux et r\u00e9gionaux, tout d\u2019abord, puis artistes de la sc\u00e8ne nationale ou internationale.<\/p>\n<p style=\"text-align: justify;\"><img decoding=\"async\" class=\"aligncenter size-full wp-image-8243\" src=\"https:\/\/franceblues.com\/wordpress\/wp-content\/uploads\/2021\/11\/gresiblues4.jpg\" alt=\"gresiblues4\" width=\"470\" height=\"313\" srcset=\"https:\/\/franceblues.com\/wordpress\/wp-content\/uploads\/2021\/11\/gresiblues4.jpg 470w, https:\/\/franceblues.com\/wordpress\/wp-content\/uploads\/2021\/11\/gresiblues4-300x200.jpg 300w\" sizes=\"(max-width: 470px) 100vw, 470px\" \/><\/p>\n<p style=\"text-align: justify;\"><strong>La bande du Gr\u00e9siblues<\/strong><\/p>\n<p style=\"text-align: justify;\">Depuis sa naissance, le Festival GRESIBLUES a conserv\u00e9 son fonctionnement, assez atypique, en ligne avec les objectifs que l\u2019association s\u2019est assign\u00e9s : \u00ab promouvoir le blues aupr\u00e8s des populations du Gr\u00e9sivaudan et alentours en s\u2019adressant \u00e0 tout type de public. Elle vise \u00e9galement la promotion de jeunes artistes \u00bb.<\/p>\n<p style=\"text-align: justify;\">Passionn\u00e9s de musique ou pas, mais tous b\u00e9n\u00e9voles et attach\u00e9s \u00e0 quelques id\u00e9es simples, les b\u00e9n\u00e9voles (environ 70) sont anim\u00e9s par une force commune : offrir aux habitants de nos villages et au-del\u00e0 (Grenoble, Chamb\u00e9ry, touristes de passage&#8230;) de la musique de qualit\u00e9, que tous aiment et veulent faire conna\u00eetre dans toute sa diversit\u00e9 : le Blues !<\/p>\n<p style=\"text-align: justify;\">Ils sont la richesse de l\u2019association (aujourd\u2019hui pr\u00e9sid\u00e9e par Brigitte Nakachdjian) et indissociables de la r\u00e9ussite du Festival. En changeant de commune tous les jours pour aller \u00e0 la rencontre du public, les organisateurs rel\u00e8vent le challenge au quotidien (installer, d\u00e9monter, ranger, transporter, nourrir&#8230;) en plein air comme en salle, lorsqu\u2019un repli est n\u00e9cessaire si la m\u00e9t\u00e9o est peu cl\u00e9mente.<\/p>\n<p style=\"text-align: justify;\">Le Gr\u00e9siblues, c\u2019est une grande famille motiv\u00e9e par une m\u00eame envie : faire partager son amour du blues et de la musique en g\u00e9n\u00e9ral, au plus grand nombre, dans le cadre d\u2019une organisation chaleureuse, s\u00fbre et bon enfant.<\/p>\n<p style=\"text-align: justify;\">C\u2019est ce b\u00e9n\u00e9volat intense qui permet \u00e0 la fois de maintenir la gratuit\u00e9 des concerts et un lien fort avec le territoire et le public. Dans le m\u00eame temps, le festival a r\u00e9ussi \u00e0 cr\u00e9er des partenariats solides avec les communes d\u2019accueil et de nombreuses entreprises locales.<\/p>\n<p style=\"text-align: justify;\"><img loading=\"lazy\" decoding=\"async\" class=\"aligncenter size-full wp-image-8241\" src=\"https:\/\/franceblues.com\/wordpress\/wp-content\/uploads\/2021\/11\/gresiblues2.jpg\" alt=\"gresiblues2\" width=\"470\" height=\"313\" srcset=\"https:\/\/franceblues.com\/wordpress\/wp-content\/uploads\/2021\/11\/gresiblues2.jpg 470w, https:\/\/franceblues.com\/wordpress\/wp-content\/uploads\/2021\/11\/gresiblues2-300x200.jpg 300w\" sizes=\"(max-width: 470px) 100vw, 470px\" \/><\/p>\n<p style=\"text-align: justify;\"><strong>Une programmation \u00e9tonnante, sur le fil du Blues<\/strong><\/p>\n<p style=\"text-align: justify;\">Pendant ces plus de 20 ans, il en est pass\u00e9 des groupes au Gr\u00e9siblues ! La taille de notre budget (n\u2019oublions pas que nous faisons vraiment partie des petits festivals) ne nous autorise pas toujours \u00e0 programmer des t\u00eates d\u2019affiche, malheureusement inaccessibles. Mais pour les p\u00e9pites, vous pouvez compter sur nous ! et sans pr\u00e9tention, c\u2019est aussi ce que viennent chercher les spectateurs : des surprises, des d\u00e9couvertes, faisant confiance \u00e0 notre instinct \u2026.<\/p>\n<p style=\"text-align: justify;\"><strong>La liste parle d\u2019elle-m\u00eame \u2026<\/strong><\/p>\n<p style=\"text-align: center;\">Greasiteachers<\/p>\n<p style=\"text-align: center;\">Thierry Anquetil Blues band<br \/>\nGreg Szlap<br \/>\nBarefoot Iano<br \/>\nAwek<br \/>\nFranck Ash<br \/>\nLittle Bob<br \/>\nMercy<br \/>\nNina Van Horn<br \/>\nOut of the Blues<br \/>\nPeter Nathanson<br \/>\nAndy J Forest<br \/>\nBack Door<br \/>\nBad Mules<br \/>\nBig Fat Mama<br \/>\nBloody Mary Quartet<br \/>\nCotton Belly&rsquo;s<br \/>\nDazzle<br \/>\nFred Chapellier (&amp; The Gents)<br \/>\nHolly Dogs<br \/>\nMalcom Poter<br \/>\nRay Shark<br \/>\nTia &amp; the Patient Wolves<br \/>\nZozophonic<br \/>\nCisco Herzhaft<br \/>\nPerpetual Blues Machine<br \/>\nRoland Tchakount\u00e9<br \/>\nSophie Malbec Blues Band<br \/>\n5 sur 5<br \/>\nAhmed Mouici<br \/>\nAlain Giroux &amp; Jean Louis Mahjun<br \/>\nAlain Giroux &amp; Jean Marc H\u00e9naux<br \/>\nAlexx &amp; The Mooshiners<br \/>\nAmar Sundy<br \/>\nAndr\u00e9 Billot Quartet<br \/>\nAntoine Holler<br \/>\nAur\u00e9lien Morro<br \/>\nB4blues<br \/>\nBackammon<br \/>\nBen Poole Band<br \/>\nBen Toury.Corp<br \/>\nBenoit Blue Boy<br \/>\nBeverly Jo Scott<br \/>\nBig Dez<br \/>\nBill Deraime<br \/>\nBlack Jack band<br \/>\nBlakstairs<br \/>\nBlue Mind<br \/>\nBlues &amp; Beyond Quartet<br \/>\nBlues and Trouble<br \/>\nBlues Power Band<br \/>\nBluesy Band<br \/>\nBo Weavil<br \/>\nBone Tee &amp; The Hughunters<br \/>\nBoney Fields &amp; the Bone&rsquo;s Project<br \/>\nCandye Kane Band<br \/>\nCaptain Mercier<br \/>\nCatfish<br \/>\nChapel Hill<br \/>\nCharles Pasi<br \/>\nCharlie Fabert<br \/>\nClaude Langlois &amp; bako&rsquo;s familly<br \/>\nConnie Lush<br \/>\nDaddy MT &amp; The Matches<br \/>\nDeborah Bonham<br \/>\nDeep Down<br \/>\nDelgres<br \/>\nDixie Rock Band<br \/>\nDolce Vita<br \/>\nDoo The Doo<br \/>\nDouble Stone Washed<br \/>\nDream On<br \/>\nElectric Duo<br \/>\nElina Jones &amp; Fred Brousse Trio<br \/>\nElizablue<br \/>\nEric Lavalette Band<br \/>\nEzza<br \/>\nFabien Sanchez Blues band<br \/>\nFelix Rabin<br \/>\nFlo Bauer Blues Project<br \/>\nFred Brousse<br \/>\nFrench Blues (Chris Lancry, michel ghuzel, Jacques Mercier &amp; leurs invit\u00e9s)<br \/>\nFriendship Blues<br \/>\nFunksters<br \/>\nGa\u00eblle Buswel<br \/>\nGary Cain Band<br \/>\nGee Baby !<br \/>\nGenivan<br \/>\nGood Medecine<br \/>\nHarold Martinez<br \/>\nHobo Blues<br \/>\nHofmann Familly<br \/>\nHoochie Coochie Men<br \/>\nHoodoomen<br \/>\nHyla Brox Band<br \/>\nIan Prowse &amp; Jennifer John Project<br \/>\nIna Forsman<br \/>\nJ J Milteau Quintet<br \/>\nJack Bon Slim Combo<br \/>\nJack Bon Trio<br \/>\nJanice Derosa<br \/>\nJean Charton \/ Urban Blues<br \/>\nJean Sangally<br \/>\nJessie Lee &amp; the Alchemists<br \/>\nJo Burt Experience<br \/>\nJune Bone<br \/>\nkeith b. Brown<br \/>\nKing King<br \/>\nLaura Cox Band<br \/>\nLaurent Blumenthal<br \/>\nLayla Zoe<br \/>\nLe Grand M\u00e9chant Blues<br \/>\nLennback<br \/>\nles Chics Types<br \/>\nLittle Mouse &amp; the Hungry Cats<br \/>\nLorenzo Sanchez<br \/>\nLouis Mezzasoma<br \/>\nLuke Winslow King<br \/>\nMalted Milk<br \/>\nMama&rsquo;s Biscuits<br \/>\nManu Lanvin &amp; The Devil Blues<br \/>\nMarc Andr\u00e9 Leger<br \/>\nMarc Foulon Blues Band<br \/>\nMarco Pandolfi<br \/>\nMarin Harley &amp; Alessandra Cecala<br \/>\nMartin Harley<br \/>\nMarvellous Pig Noise<br \/>\nMason casey &amp; Neal Black<br \/>\nMathis Haug<br \/>\nMichael Jones<br \/>\nMiguel M<br \/>\nMike L\u00e9cuyer &amp; Stringers in the Night<br \/>\nMiss America<br \/>\nMojohand<br \/>\nMountain Men<br \/>\nMr Bo Weavil<br \/>\nMr Hardearly<br \/>\nMr Mat<br \/>\nMr Tchang<br \/>\nMuddy Gurdy<br \/>\nNasser Ben Dadoo<br \/>\nNeal Black &amp; the Healers<br \/>\nNico Backton &amp; The Wizards of Blues<br \/>\nNico Chona &amp; the Fleshtones<br \/>\nNico Wayne Toussaint<br \/>\nNine Below Zero<br \/>\nNuages de Swing<br \/>\nOlivier Gotti<br \/>\nPat \u00ab\u00a0Mother Blues\u00a0\u00bb Cohen<br \/>\nPhilippe Grancher &amp; his G-Men<br \/>\nPhilippe Menard<br \/>\nQuintana Dead Blues Experience<br \/>\nRachelle Plas<br \/>\nRandolph Matthews<br \/>\nRed Beans &amp; Pepper Sauce<br \/>\nRiquet Jug Band<br \/>\nRonan One Man band &amp; marko balland<br \/>\nRosedale<br \/>\nS &amp; P Verbeke<br \/>\nSarah Savoy &amp; ses Francadians<br \/>\nScratch My Back<br \/>\nShaggy Dogs<br \/>\nShake Your Hips<br \/>\nShannon<br \/>\nSlim Cincinatti<br \/>\nSmoky Eyes<br \/>\nSoft<br \/>\nSpace Captains<br \/>\nSpikedrivers<br \/>\nSteady Rollin Men<br \/>\nThe Boogie Ramblers<br \/>\nThe Glossy Sisters<br \/>\nThe Howlin Blues Trio<br \/>\nThe Norberg Family<br \/>\nThe Paul Deslaurier band<br \/>\nThe Suitcase Brothers<br \/>\nThe White Rattlesnake<br \/>\nThey Call Me Rico<br \/>\nTravelin&rsquo; Light<br \/>\nVeronica Sbergia<br \/>\nVitas \/ Lucky Guys Blues Band<br \/>\nWanana Blues Blasters<br \/>\nWax &amp; Boogie<br \/>\nWithout<br \/>\nYellow Dog<br \/>\nZe Dogz<\/p>\n<p style=\"text-align: left;\"><strong>Site web<\/strong><\/p>\n<p style=\"text-align: left;\"><strong><a href=\"https:\/\/www.gresiblues.com\" target=\"_blank\">https:\/\/www.gresiblues.com<\/a><\/strong><\/p>\n<p style=\"text-align: left;\"><strong>\u00a0<\/strong><\/p>\n","protected":false},"excerpt":{"rendered":"<p>Depuis maintenant plus de 20 ans, le Festival Gr\u00e9siblues propose au d\u00e9but de l\u2019\u00e9t\u00e9 une semaine de concerts gratuits, chaque soir dans une commune diff\u00e9rente de la Vall\u00e9e du Gr\u00e9sivaudan. Un lieu un peu difficile \u00e0 situer sur une carte ? \u2026 Mais non : il s\u2019agit tout simplement de la vall\u00e9e qui relie les [&hellip;]<\/p>\n","protected":false},"author":2,"featured_media":0,"parent":7210,"menu_order":0,"comment_status":"open","ping_status":"open","template":"","meta":{"footnotes":""},"class_list":["post-8239","page","type-page","status-publish","hentry"],"_links":{"self":[{"href":"https:\/\/franceblues.com\/index.php?rest_route=\/wp\/v2\/pages\/8239","targetHints":{"allow":["GET"]}}],"collection":[{"href":"https:\/\/franceblues.com\/index.php?rest_route=\/wp\/v2\/pages"}],"about":[{"href":"https:\/\/franceblues.com\/index.php?rest_route=\/wp\/v2\/types\/page"}],"author":[{"embeddable":true,"href":"https:\/\/franceblues.com\/index.php?rest_route=\/wp\/v2\/users\/2"}],"replies":[{"embeddable":true,"href":"https:\/\/franceblues.com\/index.php?rest_route=%2Fwp%2Fv2%2Fcomments&post=8239"}],"version-history":[{"count":4,"href":"https:\/\/franceblues.com\/index.php?rest_route=\/wp\/v2\/pages\/8239\/revisions"}],"predecessor-version":[{"id":8246,"href":"https:\/\/franceblues.com\/index.php?rest_route=\/wp\/v2\/pages\/8239\/revisions\/8246"}],"up":[{"embeddable":true,"href":"https:\/\/franceblues.com\/index.php?rest_route=\/wp\/v2\/pages\/7210"}],"wp:attachment":[{"href":"https:\/\/franceblues.com\/index.php?rest_route=%2Fwp%2Fv2%2Fmedia&parent=8239"}],"curies":[{"name":"wp","href":"https:\/\/api.w.org\/{rel}","templated":true}]}}