{"id":8192,"date":"2021-10-26T17:16:17","date_gmt":"2021-10-26T17:16:17","guid":{"rendered":"https:\/\/franceblues.com\/?page_id=8192"},"modified":"2022-09-29T09:35:26","modified_gmt":"2022-09-29T09:35:26","slug":"blues-hall-of-fame-2021-nico-wayne-toussaint","status":"publish","type":"page","link":"https:\/\/franceblues.com\/?page_id=8192","title":{"rendered":"Blues Hall Of Fame \u2013 2021 \u2013 NICO WAYNE TOUSSAINT"},"content":{"rendered":"<p style=\"text-align: justify;\"><img fetchpriority=\"high\" decoding=\"async\" class=\"alignleft size-full wp-image-8193\" src=\"https:\/\/franceblues.com\/wordpress\/wp-content\/uploads\/2021\/10\/NWT1.jpg\" alt=\"NWT1\" width=\"275\" height=\"445\" srcset=\"https:\/\/franceblues.com\/wordpress\/wp-content\/uploads\/2021\/10\/NWT1.jpg 275w, https:\/\/franceblues.com\/wordpress\/wp-content\/uploads\/2021\/10\/NWT1-185x300.jpg 185w\" sizes=\"(max-width: 275px) 100vw, 275px\" \/>Les shows de Nico sont r\u00e9put\u00e9s pour l&rsquo;\u00e9nergie qui s&rsquo;en d\u00e9gage et la joie communicative qui s&rsquo;y r\u00e9pand. Form\u00e9 \u00e0 l&rsquo;\u00e9cole des clubs de blues am\u00e9ricains qu&rsquo;il fr\u00e9quente depuis l&rsquo;\u00e2ge de 19 ans, il a d\u00e9velopp\u00e9 une approche unique de la sc\u00e8ne o\u00f9 \u00e9nergie, charisme, harmonica et feeling sont port\u00e9s par un groupe soud\u00e9 et efficace. Apr\u00e8s avoir d\u00e9fendu un r\u00e9pertoire de compositions originales associ\u00e9es \u00e0 la tradition du Chicago Blues des ann\u00e9es 50, il a r\u00e9cemment choisi de se r\u00e9approprier la musique funk et blues de l&rsquo;harmoniciste James Cotton auquel son nouveau quintet rend hommage dans le \u00ab\u00a0Get Boosted Tour\u00a0\u00bb.<\/p>\n<p style=\"text-align: justify;\">Professionnel depuis 1998, il a enregistr\u00e9 12 albums sous son nom dont 11 parus sur le label Dixiefrog. Depuis lors, il n&rsquo;a jamais cess\u00e9 de tourner et de rallier de nouveaux fans \u00e0 sa musique, en France comme en Belgique, en Hollande, aux Etats Unis, au Canada, en Espagne, en Italie, en Allemagne, en Mac\u00e9doine, en Equateur, au Nigeria, en Syrie, en Tunisie ou au Maroc.<br \/>\n\u200b<br \/>\nDepuis le d\u00e9but des ann\u00e9es 2000, Nico a accueilli dans son groupe des invit\u00e9s tels que Cash Mc Call, David Maxwell, Monster Mike Welch, Killer Ray Allison, Tonky de la Pe\u00f1a, Amar Sundy, Neal Black, Mr. Boogie Woogie ou Michael Dotson.<br \/>\nIl a enregistr\u00e9 ou travaill\u00e9 avec Rod Piazza, Guy Davis, Albert Castiglia, JP Soars, Kid Bangham, Per Hanson, Mudcat Ward, John Dummer, L.A.Jones et Andrew Strong.<br \/>\nIl a jou\u00e9 avec James Cotton, Billy Branch, RJ Mischo, Luther Allison, Eddie C. Campbell, Vance Kelly, Jimmy Burns, Jimmy Johnson et de nombreux autres noms de la sc\u00e8ne de Chicago.<\/p>\n<p style=\"text-align: justify;\"><img decoding=\"async\" class=\"aligncenter size-full wp-image-8194\" src=\"https:\/\/franceblues.com\/wordpress\/wp-content\/uploads\/2021\/10\/NWT2.jpg\" alt=\"NWT2\" width=\"475\" height=\"475\" srcset=\"https:\/\/franceblues.com\/wordpress\/wp-content\/uploads\/2021\/10\/NWT2.jpg 475w, https:\/\/franceblues.com\/wordpress\/wp-content\/uploads\/2021\/10\/NWT2-150x150.jpg 150w, https:\/\/franceblues.com\/wordpress\/wp-content\/uploads\/2021\/10\/NWT2-300x300.jpg 300w\" sizes=\"(max-width: 475px) 100vw, 475px\" \/><\/p>\n<p style=\"text-align: justify;\"><strong>R\u00e9compenses<\/strong><\/p>\n<p style=\"text-align: justify;\">2012 &#8211; 1er prix \u00e0 l&rsquo;International Songwriting Competition dans la cat\u00e9gorie Blues<br \/>\n2014 &#8211; Finaliste de l&rsquo;International Blues Challenge \u00e0 Memphis avec Michel Foizon<br \/>\n2015 &#8211; 3\u00e8me place \u00e0 l&rsquo;International Blues Challenge \u00e0 Memphis avec le Mighty Quartet \/ Prix Lee Oskar du meilleur harmoniciste<\/p>\n<p style=\"text-align: justify;\"><strong>Discographie<\/strong><\/p>\n<p>\u00ab\u00a0C&rsquo;est Si Bon\u00a0\u00bb \u200e1997<br \/>\n\u00ab\u00a0My Kind Of Blues\u00a0\u00bb \u200e1998<br \/>\n\u00ab\u00a0Blasting The Blues\u00a0\u00bb \u200e2001<br \/>\n\u00ab\u00a0Transgender\u00a0\u00bb \u200e2002<br \/>\n\u00ab\u00a0Transatlantic Live\u00a0\u00bb \u200e2004<br \/>\n\u00ab\u00a0Southern Wind Blowin'\u00a0\u00bb \u200e2007<br \/>\n\u00ab\u00a0Blues Entre Les Dents\u00a0\u00bb \u200e2009<br \/>\n\u00ab\u00a0Lonely Number\u00a0\u00bb 2011<br \/>\nB.T.C Blues Revue &#8211; Live And More\u2026 2012 (Neal Black &#8211; Nico Wayne Toussaint &#8211; Fred Chapellier)<br \/>\n\u00ab\u00a0The Mighty Quartet Live\u00a0\u00bb \u200e2013<br \/>\n\u00ab\u00a0On The Go\u00a0\u00bb \u200e2014 (Nico Wayne Toussaint &amp; Michel Foizon)<br \/>\n\u00ab\u00a0Plays James Cotton\u00a0\u00bb 2017<\/p>\n<p style=\"text-align: justify;\"><strong>Site Web<\/strong><\/p>\n<p style=\"text-align: justify;\"><a href=\"https:\/\/www.nicowaynetoussaint.com\" target=\"_blank\">https:\/\/www.nicowaynetoussaint.com<\/a><\/p>\n","protected":false},"excerpt":{"rendered":"<p>Les shows de Nico sont r\u00e9put\u00e9s pour l&rsquo;\u00e9nergie qui s&rsquo;en d\u00e9gage et la joie communicative qui s&rsquo;y r\u00e9pand. Form\u00e9 \u00e0 l&rsquo;\u00e9cole des clubs de blues am\u00e9ricains qu&rsquo;il fr\u00e9quente depuis l&rsquo;\u00e2ge de 19 ans, il a d\u00e9velopp\u00e9 une approche unique de la sc\u00e8ne o\u00f9 \u00e9nergie, charisme, harmonica et feeling sont port\u00e9s par un groupe soud\u00e9 et [&hellip;]<\/p>\n","protected":false},"author":2,"featured_media":0,"parent":7210,"menu_order":0,"comment_status":"open","ping_status":"open","template":"","meta":{"footnotes":""},"class_list":["post-8192","page","type-page","status-publish","hentry"],"_links":{"self":[{"href":"https:\/\/franceblues.com\/index.php?rest_route=\/wp\/v2\/pages\/8192","targetHints":{"allow":["GET"]}}],"collection":[{"href":"https:\/\/franceblues.com\/index.php?rest_route=\/wp\/v2\/pages"}],"about":[{"href":"https:\/\/franceblues.com\/index.php?rest_route=\/wp\/v2\/types\/page"}],"author":[{"embeddable":true,"href":"https:\/\/franceblues.com\/index.php?rest_route=\/wp\/v2\/users\/2"}],"replies":[{"embeddable":true,"href":"https:\/\/franceblues.com\/index.php?rest_route=%2Fwp%2Fv2%2Fcomments&post=8192"}],"version-history":[{"count":3,"href":"https:\/\/franceblues.com\/index.php?rest_route=\/wp\/v2\/pages\/8192\/revisions"}],"predecessor-version":[{"id":8265,"href":"https:\/\/franceblues.com\/index.php?rest_route=\/wp\/v2\/pages\/8192\/revisions\/8265"}],"up":[{"embeddable":true,"href":"https:\/\/franceblues.com\/index.php?rest_route=\/wp\/v2\/pages\/7210"}],"wp:attachment":[{"href":"https:\/\/franceblues.com\/index.php?rest_route=%2Fwp%2Fv2%2Fmedia&parent=8192"}],"curies":[{"name":"wp","href":"https:\/\/api.w.org\/{rel}","templated":true}]}}