{"id":7249,"date":"2019-10-30T12:16:32","date_gmt":"2019-10-30T12:16:32","guid":{"rendered":"https:\/\/franceblues.com\/?page_id=7249"},"modified":"2020-10-21T14:04:21","modified_gmt":"2020-10-21T14:04:21","slug":"blues-hall-of-fame-2019-benoit-blue-boy","status":"publish","type":"page","link":"https:\/\/franceblues.com\/?page_id=7249","title":{"rendered":"Blues Hall Of Fame &#8211; 2019 &#8211; BENOIT BLUE BOY"},"content":{"rendered":"<div style=\"text-align: justify;\"><img fetchpriority=\"high\" decoding=\"async\" class=\"alignleft size-full wp-image-7255\" src=\"https:\/\/franceblues.com\/wordpress\/wp-content\/uploads\/2019\/10\/benoitbb.jpg\" alt=\"benoitbb\" width=\"250\" height=\"261\" \/>N\u00e9 en 1946 \u00e0 Paris, Beno\u00eet Blue Boy partage tr\u00e8s vite son temps entre ses \u00e9tudes aux Beaux-Arts et ses compagnons de tous les instants : le blues et l\u2019harmonica.<\/div>\n<div style=\"text-align: justify;\"><\/div>\n<p style=\"text-align: justify;\">Auteur compositeur, il d\u00e9cide d\u2019apprendre son m\u00e9tier sur sc\u00e8ne et de faire d\u00e9couvrir cette culture d\u2019outre-Atlantique qu\u2019est le blues. Le blues fran\u00e7ais est n\u00e9. En 1970 il part pour Los Angeles o\u00f9 il va s\u00e9journer deux ans. Il y fera la rencontre de Stevie Wonder, Carol King, James Taylor et Albert King. En 1972, il d\u00e9couvre aupr\u00e8s de Zachary Richard la musique cadienne de Louisiane. Les deux musiciens chantant en fran\u00e7ais reconnaissent mutuellement s\u2019\u00eatre influenc\u00e9 : Beno\u00eet par son blues et Zachary par ses racines louisianaises.<\/p>\n<div style=\"text-align: justify;\"><\/div>\n<p style=\"text-align: justify;\">Le premier album de Blues en fran\u00e7ais \u00ab BENOIT BLUE BOY \u00bb sort en 1979 chez Vogue. C\u2019est d\u00e9j\u00e0 du \u201cMade in Beno\u00eet\u201d avec des textes pleins d\u2019humour et de d\u00e9rision fa\u00e7on Boris Vian et surtout l\u2019art et la mani\u00e8re de chanter le Blues \u201cbien de chez lui\u201d. Un an plus tard, m\u00eame envie pressante, il sort son 2e album chez Vogue \u201cORIGINAL\u201d, et dans la foul\u00e9e, prend la direction artistique des deux premiers disques du groupe \u201cBackstage\u201d o\u00f9 s\u00e9vissait d\u00e9j\u00e0 Paul Personne. En 1981, on n&rsquo;arr\u00eate pas Beno\u00eet Blue Boy comme \u00e7a et il lance sur la com\u00e8te son 45 tours \u201cLE BLUE DU VENDEUR DE BLUES\u201d (Vogue). Juste apr\u00e8s, il travaille sur la r\u00e9alisation du premier album de Patrick Verbeke. En Juin 82, c\u2019est l\u2019Olympia et Beno\u00eet participe \u00e0 de nombreuses \u00e9missions de radios et t\u00e9l\u00e9visions. Son 3e album \u201cPLAISIR SIMPLE\u201d sort chez Gaumont. C\u2019est aussi chez Gaumont qu\u2019il collabore artistiquement \u00e0 un album de Jacques Dutronc. C\u2019est en 1986 que sort son 4e disque chez Madrigal \u201cTORTILLAGE\u201d &#8211; titre qui pr\u00e9destinera au nom de son futur groupe \u201cLes Tortilleurs\u201d. Le 5e album sort en 1988 chez M.O. \u201cBBB ET LES TORTILLEURS\u201d avec Fran\u00e7ois Bodin \u00e0 la guitare et Philippe Floris \u00e0 la batterie. Peu avare de son art, Beno\u00eet parcourt la France et l\u2019Europe.<\/p>\n<div style=\"text-align: justify;\"><\/div>\n<div style=\"text-align: justify;\">De concert en concert, il a su conqu\u00e9rir un public de connaisseurs, provoquant \u00e0 chaque passage ferveur et enthousiasme. Son premier CD \u201cPARLEZ-VOUS FRANCAIS ?\u201d sort fin 90. Beno\u00eet part jouer son nouveau r\u00e9pertoire sur les sc\u00e8nes hexagonales et europ\u00e9ennes (Italie, Suisse, Belgique). New Rose r\u00e9\u00e9dite au passage \u201cTORTILLAGE\u201d et \u201cBBB ET LES TORTILLEURS\u201d, version CD. En 1993, sortie du nouvel album \u201cPLUS TARD DANS LA SOIREE\u201d. Beno\u00eet continue \u00e0 se produire sur les sc\u00e8nes nationales et internationales dont le Festival de Montr\u00e9al, Les Francofolies, Chorus, etc. Octobre 94, sortie de \u201cCOUVERT DE BLEU\u201d sur le label Pense \u00e0 moi, puis \u201cLENT OU RAPIDE\u201d en 1996 chez Dixiefrog.<\/div>\n<div style=\"text-align: justify;\"><\/div>\n<p style=\"text-align: justify;\">En juillet 2000, Beno\u00eet enregistre \u00e0 Austin \u201cBENOIT BLUE BOY EN AMERIQUE\u201d avec entre autres les West Side Horns, Hector Watt, Uncle John Turner. Plusieurs tourn\u00e9es avec Lazy Lester. \u00ab MAUX D\u2019ABSENCE \u00bb en 2004 de nouveau avec Geraint Watkins. \u00ab FUNKY ALOO \u00bb en 2010 avec Freddie Roulette.<\/p>\n<div style=\"text-align: justify;\"><\/div>\n<p style=\"text-align: justify;\">En 2017, il revient au format 33 tours puisque \u00c0 boire et \u00e0 manger \u00e0 Saint-Germain-des-Pr\u00e9s para\u00eet uniquement sur vinyle et en t\u00e9l\u00e9chargement mp3.<\/p>\n<div style=\"text-align: justify;\"><\/div>\n<p>&nbsp;<\/p>\n<div style=\"text-align: justify;\"><strong>Discographie<\/strong><\/div>\n<div style=\"text-align: justify;\">1979 : Benoit Blue Boy (Vogue).<br \/>\n1980 : Original (Vogue).<br \/>\n1982 : Plaisir simple (Gaumont Musique).<br \/>\n1986 : Tortillage (Madrigal).<br \/>\n1988 : Beno\u00eet Blue Boy et les Tortilleurs (avec Fran\u00e7ois Bodin \u00e0 la guitare et Philipe Floris \u00e0 la batterie) (MD).<br \/>\n1990 : Parlez vous fran\u00e7ais ? avec les Tortilleurs (La Lich\u00e8re-Night and Day).<br \/>\n1993 : Plus tard dans la soir\u00e9e (La Lich\u00e8re-Night and Day).<br \/>\n1994 : Couvert de bleus (AB Disques)<br \/>\n1997 : Lent ou rapide (Dixiefrog).<br \/>\n2001 : En Am\u00e9rique Fr\u00e9meaux et Associ\u00e9s)<br \/>\n2004 : Maux d&rsquo;absence (Mosaic Music) \u00ab avec les Tortilleurs \u00bb (Mosaic Music)<br \/>\n2006 : Mic mac (Nocturne)<br \/>\n2010 : Funky Aloo avec Freddie Roulette et les Tortilleurs (Tempo-Socadisc)<br \/>\n2013 : Papa, fais pas \u00e7a avec Franck Goldwasser (La Lich\u00e8re-Fr\u00e9meaux et Associ\u00e9s)<br \/>\n2017 : \u00c0 boire et \u00e0 manger \u00e0 Saint-Germain-des-Pr\u00e9s avec Nico Duportal (Tempo Records)<\/div>\n<div style=\"text-align: justify;\">2020 : R\u00e9solument Bleu (Tempo Records)<\/div>\n<div style=\"text-align: justify;\"><\/div>\n<p>&nbsp;<\/p>\n<div style=\"text-align: justify;\"><a href=\"http:\/\/benoitblueboy.com\/\" target=\"_blank\">http:\/\/benoitblueboy.com\/<\/a><\/div>\n","protected":false},"excerpt":{"rendered":"<p>N\u00e9 en 1946 \u00e0 Paris, Beno\u00eet Blue Boy partage tr\u00e8s vite son temps entre ses \u00e9tudes aux Beaux-Arts et ses compagnons de tous les instants : le blues et l\u2019harmonica. Auteur compositeur, il d\u00e9cide d\u2019apprendre son m\u00e9tier sur sc\u00e8ne et de faire d\u00e9couvrir cette culture d\u2019outre-Atlantique qu\u2019est le blues. Le blues fran\u00e7ais est n\u00e9. En [&hellip;]<\/p>\n","protected":false},"author":2,"featured_media":0,"parent":7210,"menu_order":0,"comment_status":"open","ping_status":"open","template":"","meta":{"footnotes":""},"class_list":["post-7249","page","type-page","status-publish","hentry"],"_links":{"self":[{"href":"https:\/\/franceblues.com\/index.php?rest_route=\/wp\/v2\/pages\/7249","targetHints":{"allow":["GET"]}}],"collection":[{"href":"https:\/\/franceblues.com\/index.php?rest_route=\/wp\/v2\/pages"}],"about":[{"href":"https:\/\/franceblues.com\/index.php?rest_route=\/wp\/v2\/types\/page"}],"author":[{"embeddable":true,"href":"https:\/\/franceblues.com\/index.php?rest_route=\/wp\/v2\/users\/2"}],"replies":[{"embeddable":true,"href":"https:\/\/franceblues.com\/index.php?rest_route=%2Fwp%2Fv2%2Fcomments&post=7249"}],"version-history":[{"count":8,"href":"https:\/\/franceblues.com\/index.php?rest_route=\/wp\/v2\/pages\/7249\/revisions"}],"predecessor-version":[{"id":7851,"href":"https:\/\/franceblues.com\/index.php?rest_route=\/wp\/v2\/pages\/7249\/revisions\/7851"}],"up":[{"embeddable":true,"href":"https:\/\/franceblues.com\/index.php?rest_route=\/wp\/v2\/pages\/7210"}],"wp:attachment":[{"href":"https:\/\/franceblues.com\/index.php?rest_route=%2Fwp%2Fv2%2Fmedia&parent=7249"}],"curies":[{"name":"wp","href":"https:\/\/api.w.org\/{rel}","templated":true}]}}