{"id":6828,"date":"2019-03-01T14:57:18","date_gmt":"2019-03-01T14:57:18","guid":{"rendered":"https:\/\/franceblues.com\/?page_id=6828"},"modified":"2022-04-23T06:12:58","modified_gmt":"2022-04-23T06:12:58","slug":"pedagoblues-les-bedaines-de-coton-cyril-maguy","status":"publish","type":"page","link":"https:\/\/franceblues.com\/?page_id=6828","title":{"rendered":"P\u00e9dagoBlues : Les Bedaines de Coton &#8211; Cyril Maguy"},"content":{"rendered":"<h3 style=\"text-align: justify;\">LES BEDONS DE COTON (35 min) 0-5ans<\/h3>\n<p style=\"text-align: justify;\">Spectacle Musical pour la petite enfance avec ballades et chansons fredonn\u00e9es avec ce bon vieux Charley Patton qui a perdu sa guitare , son n\u0153ud papillon et ses chaussures. Interactif et sensitif, la musique blues apport\u00e9e aux tout-petits par un musicien chanteur et ses guitares plus extraordinaires les unes que les autres.<br \/>\nUn Vrai concert de blues dans un \u00e9crin de coton !<\/p>\n<p style=\"text-align: justify;\">Cyril Maguy Guitare Chant<br \/>\nDessins de Bertrand Lanche et D\u00e9cors de Cyril Maguy<\/p>\n<p><center><iframe src=\"https:\/\/www.youtube.com\/embed\/tDNDp5AFOH4\" width=\"470\" height=\"300\" frameborder=\"0\" allowfullscreen=\"allowfullscreen\"><\/iframe><\/center><\/p>\n<h3 style=\"text-align: justify;\">LES BEDAINES DE COTON ou la vie de Charley Patton (45 min ) \u00e0 partir de 6 ans<\/h3>\n<p style=\"text-align: justify;\">Retrouvez vous plongez dans l&rsquo;atmosph\u00e8re des champs de coton du Mississippi et dans l&rsquo;histoire de Charley Patton, consid\u00e9rer comme le p\u00e8re du delta blues . Travailleur, bagarreur, charmeur, il aimait partager sa musique malgr\u00e9 le poids et la terreur des bedaines de cotons qui ne le quitteront jamais &#8230;<br \/>\nSpectacle musical, quatre musiciens sur sc\u00e8ne, Charley vous chantera sa carri\u00e8re et cette musique bleue qu&rsquo;il jouera de la ferme Dockery ,dans le comt\u00e9 du Sunflower, jusqu&rsquo;\u00e0 New York au d\u00e9but du si\u00e8cle dernier. Une histoire \u00e0 la fois vraie et imagin\u00e9e , toute en musique, en dessin et en \u00e9motions !<\/p>\n<p style=\"text-align: justify;\">Cyril Maguy Guitare Chant<br \/>\nYann Malek Harmonica<br \/>\nSylvain Braconnier Percussion<br \/>\nVincent Braconnier Contrebasse<br \/>\nCaryl Marolleau Technique<\/p>\n<p><center><iframe src=\"https:\/\/www.youtube.com\/embed\/QukPWOTPAw4\" width=\"470\" height=\"300\" frameborder=\"0\" allowfullscreen=\"allowfullscreen\"><\/iframe><\/center><\/p>\n<h4 style=\"text-align: center;\">Sortie du livre CD chez le Label dans la Foret fin Mai 2019<\/h4>\n<p>&nbsp;<\/p>\n<h5><img fetchpriority=\"high\" decoding=\"async\" class=\"alignleft size-full wp-image-6840\" src=\"https:\/\/franceblues.com\/wordpress\/wp-content\/uploads\/2019\/03\/bedaines.jpg\" alt=\"OK POSTER A2 LES BEDAINES DE COTON MARS 2018 YESPRINT A2\" width=\"250\" height=\"352\" srcset=\"https:\/\/franceblues.com\/wordpress\/wp-content\/uploads\/2019\/03\/bedaines.jpg 250w, https:\/\/franceblues.com\/wordpress\/wp-content\/uploads\/2019\/03\/bedaines-213x300.jpg 213w\" sizes=\"(max-width: 250px) 100vw, 250px\" \/>La petite histoire<\/h5>\n<p style=\"text-align: justify;\">Cyril Maguy est fou de blues, le rugueux, le pur, le r\u00e9sonateur, le doux, le patrimonial et le personnel.<br \/>\nLe musicien, avec son groupe Vicious Steel, remporte en ao\u00fbt 2016 les s\u00e9lections hexagonales pour repr\u00e9senter la France \u00e0 l\u2019international Blues Challenge de Memphis, Tennessee. En janvier 2018, il visite la ferme de Dockery, sur les traces du fameux Charley Patton\u2026 Le musicien d\u00e9couvre d\u2019o\u00f9 vient la musique qu\u2019il aime. Le blues vient de l\u00e0, pr\u00e9cis\u00e9ment, de cette ferme du Mississippi.<br \/>\nC\u2019est au carrefour de ce p\u00e8lerinage en terre am\u00e9ricaine et de sa formation au Centre de formation des musiciens intervenants {\u00e0 l\u2019\u00e9cole}, que Cyril Maguy ressent la n\u00e9cessit\u00e9 de partager avec les enfants d\u2019aujourd\u2019hui un pan de l\u2019histoire de la musique mondiale.<\/p>\n<h5 style=\"text-align: justify;\">Dans la grande histoire<\/h5>\n<p style=\"text-align: justify;\">A la source de la musique moderne, il y a le blues, et \u00e0 sa source, il y a le delta blues. Le berceau du delta blues se situe au nord-est de l\u2019\u00e9tat du Mississipi, \u00e0 la charni\u00e8re entre le XIX\u00e8 et le XX\u00e8me si\u00e8cle. C\u2019est alors le th\u00e9\u00e2tre de l\u2019exploitation des champs de coton, par des fermiers ayant recours au travail des noirs avant et apr\u00e8s l\u2019abolition de l\u2019esclavage. A l\u2019\u00e9poque o\u00f9 nait notre h\u00e9ros \u2013 en 1891 &#8211; les esclaves sont affranchis, mais la population noire continue de vivre de la r\u00e9colte du coton, dans une libert\u00e9 relative. On nait, on travaille, on vit, on meurt \u00e0 la ferme. Ce que l\u2019on y gagne, y est d\u00e9pens\u00e9. Les propri\u00e9taires des fermes poursuivent l\u2019exploitation des terres et des hommes \u2013 Cyril Maguy les d\u00e9signent comme \u00ab les bedaines de coton \u00bb symbolisant cette situation.<\/p>\n<p style=\"text-align: justify;\">C\u2019est dans ce contexte, qu\u2019\u00e9merge le delta blues, irrigu\u00e9 par les chants de travail, de pri\u00e8res ou de complainte, les spirituals. Rythmique primitive, cette musique jou\u00e9e a minima \u00e0 la guitare que l\u2019on fait sonner souvent avec un bottleneck (technique du slide), porte des chants aussi intenses et poignants que passionn\u00e9s. On conna\u00eet le son craquel\u00e9, la voix typ\u00e9e et habit\u00e9e, la guitare vagabonde, l\u2019humeur minimaliste et rurale des vieux enregistrements qui ont travers\u00e9 le temps, et qui t\u00e9moignent de l\u2019\u00e9nergie du Delta blues. On reconna\u00eet aussi son influence sur les musiciens du si\u00e8cle.<\/p>\n<p style=\"text-align: justify;\"><img decoding=\"async\" class=\"aligncenter size-full wp-image-6839\" src=\"https:\/\/franceblues.com\/wordpress\/wp-content\/uploads\/2019\/03\/bedaines1.jpg\" alt=\"bedaines1\" width=\"470\" height=\"313\" srcset=\"https:\/\/franceblues.com\/wordpress\/wp-content\/uploads\/2019\/03\/bedaines1.jpg 470w, https:\/\/franceblues.com\/wordpress\/wp-content\/uploads\/2019\/03\/bedaines1-300x200.jpg 300w\" sizes=\"(max-width: 470px) 100vw, 470px\" \/><\/p>\n<h5 style=\"text-align: justify;\">L\u2019histoire d\u2019un songster fondateur<\/h5>\n<p style=\"text-align: justify;\">Charley Patton, comme Robert Johnson, est consid\u00e9r\u00e9 comme le p\u00e8re fondateur du delta blues. Il est un \u00ab songster \u00bb (entendez chansonnier) dans le sud des Etats-Unis juste apr\u00e8s l\u2019abolition de l\u2019esclavage, sa musique est un t\u00e9moignage.<br \/>\nComme s\u2019il colorisait une vieille photo, Cyril Maguy a con\u00e7u ce spectacle pour r\u00e9v\u00e9ler la port\u00e9e du delta blues, sa dimension patrimoniale autant que sa vivacit\u00e9. Dans un univers vintage, Cyril Maguy fait revivre le personnage, pour faire d\u00e9couvrir aux enfants une musique intemporelle, dans une joyeuse mise en relation. Form\u00e9 au sein du CFMI, et pour avoir cr\u00e9\u00e9 et pr\u00e9sent\u00e9 plusieurs spectacles au jeune public, Cyril Maguy utilise un langage narratif et musical simple, riche, rythm\u00e9 et exp\u00e9riment\u00e9 dans l\u2019adresse aux enfants.<\/p>\n<h5 style=\"text-align: justify;\">Info\/Booking<\/h5>\n<p style=\"text-align: justify;\">Virgule Prod.<br \/>\n<a href=\"mailto:contact@virguleprod.com\" target=\"_blank\">contact@virguleprod.com<\/a><br \/>\n+33 6 30 46 63 71<\/p>\n","protected":false},"excerpt":{"rendered":"<p>LES BEDONS DE COTON (35 min) 0-5ans Spectacle Musical pour la petite enfance avec ballades et chansons fredonn\u00e9es avec ce bon vieux Charley Patton qui a perdu sa guitare , son n\u0153ud papillon et ses chaussures. Interactif et sensitif, la musique blues apport\u00e9e aux tout-petits par un musicien chanteur et ses guitares plus extraordinaires les [&hellip;]<\/p>\n","protected":false},"author":2,"featured_media":0,"parent":6150,"menu_order":0,"comment_status":"open","ping_status":"closed","template":"","meta":{"footnotes":""},"class_list":["post-6828","page","type-page","status-publish","hentry"],"_links":{"self":[{"href":"https:\/\/franceblues.com\/index.php?rest_route=\/wp\/v2\/pages\/6828","targetHints":{"allow":["GET"]}}],"collection":[{"href":"https:\/\/franceblues.com\/index.php?rest_route=\/wp\/v2\/pages"}],"about":[{"href":"https:\/\/franceblues.com\/index.php?rest_route=\/wp\/v2\/types\/page"}],"author":[{"embeddable":true,"href":"https:\/\/franceblues.com\/index.php?rest_route=\/wp\/v2\/users\/2"}],"replies":[{"embeddable":true,"href":"https:\/\/franceblues.com\/index.php?rest_route=%2Fwp%2Fv2%2Fcomments&post=6828"}],"version-history":[{"count":16,"href":"https:\/\/franceblues.com\/index.php?rest_route=\/wp\/v2\/pages\/6828\/revisions"}],"predecessor-version":[{"id":6847,"href":"https:\/\/franceblues.com\/index.php?rest_route=\/wp\/v2\/pages\/6828\/revisions\/6847"}],"up":[{"embeddable":true,"href":"https:\/\/franceblues.com\/index.php?rest_route=\/wp\/v2\/pages\/6150"}],"wp:attachment":[{"href":"https:\/\/franceblues.com\/index.php?rest_route=%2Fwp%2Fv2%2Fmedia&parent=6828"}],"curies":[{"name":"wp","href":"https:\/\/api.w.org\/{rel}","templated":true}]}}