{"id":682,"date":"2011-11-11T14:15:48","date_gmt":"2011-11-11T14:15:48","guid":{"rendered":"https:\/\/franceblues.com\/?page_id=682"},"modified":"2011-11-12T11:06:32","modified_gmt":"2011-11-12T11:06:32","slug":"la-boutique-france-blues","status":"publish","type":"page","link":"https:\/\/franceblues.com\/?page_id=682","title":{"rendered":"La boutique France Blues"},"content":{"rendered":"<p>Vous avez envie de porter les couleurs de France Blues ? Notre boutique de produits d\u00e9riv\u00e9s vous propose ses articles en vente par correspondance !<\/p>\n<p><strong>&#8211; T-shirts :<\/strong><\/p>\n<p><em>Homme :\u00a015 Euros (adh\u00e9rents 10 Euros) + port 3 Euros &#8211; Tailles disponibles XXL \/ XL \/ L \/ M<\/em><\/p>\n<p><em><a href=\"https:\/\/franceblues.com\/wordpress\/wp-content\/uploads\/2011\/11\/HOMME-RECTO.jpg\"><img fetchpriority=\"high\" decoding=\"async\" class=\"aligncenter size-medium wp-image-683\" title=\"HOMME-RECTO\" src=\"https:\/\/franceblues.com\/wordpress\/wp-content\/uploads\/2011\/11\/HOMME-RECTO-300x168.jpg\" alt=\"\" width=\"300\" height=\"168\" srcset=\"https:\/\/franceblues.com\/wordpress\/wp-content\/uploads\/2011\/11\/HOMME-RECTO-300x168.jpg 300w, https:\/\/franceblues.com\/wordpress\/wp-content\/uploads\/2011\/11\/HOMME-RECTO.jpg 450w\" sizes=\"(max-width: 300px) 100vw, 300px\" \/><\/a><\/em><\/p>\n<p><a href=\"https:\/\/franceblues.com\/wordpress\/wp-content\/uploads\/2011\/11\/HOMME-VERSO.jpg\"><img decoding=\"async\" class=\"aligncenter size-medium wp-image-684\" title=\"HOMME-VERSO\" src=\"https:\/\/franceblues.com\/wordpress\/wp-content\/uploads\/2011\/11\/HOMME-VERSO-300x176.jpg\" alt=\"\" width=\"300\" height=\"176\" srcset=\"https:\/\/franceblues.com\/wordpress\/wp-content\/uploads\/2011\/11\/HOMME-VERSO-300x176.jpg 300w, https:\/\/franceblues.com\/wordpress\/wp-content\/uploads\/2011\/11\/HOMME-VERSO.jpg 450w\" sizes=\"(max-width: 300px) 100vw, 300px\" \/><\/a><\/p>\n<p><em>Femme :\u00a015 Euros\u00a0(adh\u00e9rents 10 Euros) + port 3 Euros &#8211; Tailles disponibles XL \/ L \/ M \/ S<\/em><\/p>\n<p><em><a href=\"https:\/\/franceblues.com\/wordpress\/wp-content\/uploads\/2011\/11\/FEMME-RECTO.jpg\"><img decoding=\"async\" class=\"aligncenter size-medium wp-image-685\" title=\"FEMME-RECTO\" src=\"https:\/\/franceblues.com\/wordpress\/wp-content\/uploads\/2011\/11\/FEMME-RECTO-300x196.jpg\" alt=\"\" width=\"300\" height=\"196\" srcset=\"https:\/\/franceblues.com\/wordpress\/wp-content\/uploads\/2011\/11\/FEMME-RECTO-300x196.jpg 300w, https:\/\/franceblues.com\/wordpress\/wp-content\/uploads\/2011\/11\/FEMME-RECTO.jpg 450w\" sizes=\"(max-width: 300px) 100vw, 300px\" \/><\/a><\/em><\/p>\n<p><a href=\"https:\/\/franceblues.com\/wordpress\/wp-content\/uploads\/2011\/11\/FEMME-VERSO.jpg\"><img loading=\"lazy\" decoding=\"async\" class=\"aligncenter size-medium wp-image-686\" title=\"FEMME-VERSO\" src=\"https:\/\/franceblues.com\/wordpress\/wp-content\/uploads\/2011\/11\/FEMME-VERSO-300x199.jpg\" alt=\"\" width=\"300\" height=\"199\" srcset=\"https:\/\/franceblues.com\/wordpress\/wp-content\/uploads\/2011\/11\/FEMME-VERSO-300x199.jpg 300w, https:\/\/franceblues.com\/wordpress\/wp-content\/uploads\/2011\/11\/FEMME-VERSO.jpg 450w\" sizes=\"(max-width: 300px) 100vw, 300px\" \/><\/a><\/p>\n<p><strong>&#8211; Objets divers :<\/strong><\/p>\n<p><em>Porte-clefs avec lampe de poche et d\u00e9capsuleur : 5 Euros +\u00a0port 2\u00a0Euros<\/em><\/p>\n<p><a href=\"https:\/\/franceblues.com\/wordpress\/wp-content\/uploads\/2011\/11\/LAMPE-DECAPSULEUR.jpg\"><img loading=\"lazy\" decoding=\"async\" class=\"aligncenter size-medium wp-image-687\" title=\"LAMPE DECAPSULEUR\" src=\"https:\/\/franceblues.com\/wordpress\/wp-content\/uploads\/2011\/11\/LAMPE-DECAPSULEUR-300x200.jpg\" alt=\"\" width=\"300\" height=\"200\" srcset=\"https:\/\/franceblues.com\/wordpress\/wp-content\/uploads\/2011\/11\/LAMPE-DECAPSULEUR-300x200.jpg 300w, https:\/\/franceblues.com\/wordpress\/wp-content\/uploads\/2011\/11\/LAMPE-DECAPSULEUR.jpg 450w\" sizes=\"(max-width: 300px) 100vw, 300px\" \/><\/a><\/p>\n<p><em>Carte m\u00e9diators : 3 Euros port compris<\/em><\/p>\n<p><a href=\"https:\/\/franceblues.com\/wordpress\/wp-content\/uploads\/2011\/11\/RECTO-300x196.jpg\"><img loading=\"lazy\" decoding=\"async\" class=\"aligncenter size-full wp-image-689\" title=\"RECTO-300x196\" src=\"https:\/\/franceblues.com\/wordpress\/wp-content\/uploads\/2011\/11\/RECTO-300x196.jpg\" alt=\"\" width=\"300\" height=\"196\" \/><\/a><\/p>\n<p>Adressez vos commandes en pr\u00e9cisant clairement les tailles, quantit\u00e9s, noms et adresses de livraison + votre r\u00e8glement par ch\u00e8que \u00e0 l&rsquo;Ordre de France Blues \u00e0 :<\/p>\n<p style=\"text-align: center;\"><strong>CLAUDIE DUJARDIN<\/strong><br \/>\n<strong>4 RUE DE LA GRENOUILLERE<\/strong><br \/>\n<strong>78440 FONTENAY SAINT PERE <\/strong><\/p>\n<p style=\"text-align: center;\">en cas de question, contactez nous sur <a href=\"mailto:boutique@franceblues.com\">boutique@franceblues.com<\/a><\/p>\n<p>&nbsp;<\/p>\n","protected":false},"excerpt":{"rendered":"<p>Vous avez envie de porter les couleurs de France Blues ? Notre boutique de produits d\u00e9riv\u00e9s vous propose ses articles en vente par correspondance ! &#8211; T-shirts : Homme :\u00a015 Euros (adh\u00e9rents 10 Euros) + port 3 Euros &#8211; Tailles disponibles XXL \/ XL \/ L \/ M Femme :\u00a015 Euros\u00a0(adh\u00e9rents 10 Euros) + port [&hellip;]<\/p>\n","protected":false},"author":2,"featured_media":0,"parent":0,"menu_order":0,"comment_status":"open","ping_status":"open","template":"","meta":{"footnotes":""},"class_list":["post-682","page","type-page","status-publish","hentry"],"_links":{"self":[{"href":"https:\/\/franceblues.com\/index.php?rest_route=\/wp\/v2\/pages\/682","targetHints":{"allow":["GET"]}}],"collection":[{"href":"https:\/\/franceblues.com\/index.php?rest_route=\/wp\/v2\/pages"}],"about":[{"href":"https:\/\/franceblues.com\/index.php?rest_route=\/wp\/v2\/types\/page"}],"author":[{"embeddable":true,"href":"https:\/\/franceblues.com\/index.php?rest_route=\/wp\/v2\/users\/2"}],"replies":[{"embeddable":true,"href":"https:\/\/franceblues.com\/index.php?rest_route=%2Fwp%2Fv2%2Fcomments&post=682"}],"version-history":[{"count":8,"href":"https:\/\/franceblues.com\/index.php?rest_route=\/wp\/v2\/pages\/682\/revisions"}],"predecessor-version":[{"id":697,"href":"https:\/\/franceblues.com\/index.php?rest_route=\/wp\/v2\/pages\/682\/revisions\/697"}],"wp:attachment":[{"href":"https:\/\/franceblues.com\/index.php?rest_route=%2Fwp%2Fv2%2Fmedia&parent=682"}],"curies":[{"name":"wp","href":"https:\/\/api.w.org\/{rel}","templated":true}]}}