{"id":6310,"date":"2018-05-14T17:21:04","date_gmt":"2018-05-14T17:21:04","guid":{"rendered":"https:\/\/franceblues.com\/?page_id=6310"},"modified":"2022-04-23T06:14:55","modified_gmt":"2022-04-23T06:14:55","slug":"pedagoblues-cisco-herzhaft-en-4-offres-pedagogiques","status":"publish","type":"page","link":"https:\/\/franceblues.com\/?page_id=6310","title":{"rendered":"P\u00e9dagoBlues : Cisco Herzhaft en 4 offres p\u00e9dagogiques"},"content":{"rendered":"<h3>Cisco Herzhaft : 4 offres p\u00e9dagogiques<\/h3>\n<p style=\"text-align: justify;\"><img fetchpriority=\"high\" decoding=\"async\" class=\"alignleft size-full wp-image-6313\" src=\"https:\/\/franceblues.com\/wordpress\/wp-content\/uploads\/2018\/05\/cisco.jpg\" alt=\"cisco\" width=\"220\" height=\"314\" srcset=\"https:\/\/franceblues.com\/wordpress\/wp-content\/uploads\/2018\/05\/cisco.jpg 220w, https:\/\/franceblues.com\/wordpress\/wp-content\/uploads\/2018\/05\/cisco-210x300.jpg 210w\" sizes=\"(max-width: 220px) 100vw, 220px\" \/>Cisco Herzhaft est chanteur et musicien de blues et folk et se produit dans des festivals et des salles dans le monde entier\u2026. Mais il est aussi un \u00e9rudit du blues (en connexion permanente avec son fr\u00e8re G\u00e9rard, l\u2019Encyclop\u00e9diste), et un narrateur aguerri. A l\u2019aise avec toutes sortes de publics (il a exerc\u00e9 le m\u00e9tier de psychologue clinicien pendant 11 ans), il raconte le blues, le joue, l\u2019illustre d\u2019anecdotes de l\u2019histoire de cette musique, faisant d\u00e9couvrir son sujet avec enthousiasme, humour, variantes musicales, mais autour de fils conducteurs bien construits.<\/p>\n<p style=\"text-align: justify;\">Musicien professionnel depuis plus de 20 ans, Cisco n\u2019a rien oubli\u00e9 des savoir faire qu\u2019il a ma\u00eetris\u00e9s et exerc\u00e9s dans ses m\u00e9tiers pr\u00e9c\u00e9dents, psychologue donc, mais aussi consultant et formateur en Ressources Humaines. Et il les met en \u0153uvre dans ses interventions sur le Blues, faites de musique et d\u2019histoires, et, bien s\u00fbr, de p\u00e9dagogie.<\/p>\n<h3>\u00c7a blues de source<\/h3>\n<p>(pour lyc\u00e9ens, \u00e9tudiants et m\u00e9diath\u00e8ques)<\/p>\n<p style=\"text-align: justify;\">\u00c7a blues de source, une balade aux origines du blues.<br \/>\nUne conf\u00e9rence concert par Cisco Herzhaft, chant et guitare.<\/p>\n<p style=\"text-align: justify;\">En deux heures, Cisco parcourt avec son public les chemins du blues, et avec sa guitare en guise de loupe \u00e0 la Sherlock Holmes, il va enqu\u00eater et mener les spectateurs d\u2019indice en indice et de d\u00e9couverte en d\u00e9couverte, faits de son et d\u2019images, \u00e0 ce formidable \u00ab coup de th\u00e9atre \u00bb qu\u2019est aujourd\u2019hui la notori\u00e9t\u00e9 du blues :<\/p>\n<p style=\"text-align: justify;\">\u2022 La naissance du blues, improbable, et ses racines conjugu\u00e9es : comment cela a-t-il pu arriver ?<br \/>\n\u2022 Qu\u2019exprime r\u00e9ellement cette musique dans ses conceptions premi\u00e8res ?<br \/>\n\u2022 Son enclavement \u00e9troit dans le \u00ab Delta county \u00bb du Mississippi, pourquoi l\u00e0 ? Et quel son cela pouvait-il avoir ?<br \/>\n\u2022 Pourquoi le blues, une fois apparu, s\u2019est il, au d\u00e9but du XX\u00e8me si\u00e8cle, d\u00e9plac\u00e9, gr\u00e2ce \u00e0 qui\u2026 ?<br \/>\n\u2022 Comment a-t-il voyag\u00e9, et o\u00f9 ?<br \/>\n\u2022 Quelles formes cette musique a-t-elle prise en voyageant, quels sons nouveaux s\u2019y sont associ\u00e9s ? Quelles nouvelles couleurs s\u2019y sont exprim\u00e9es ?<br \/>\n\u2022 Comment l\u2019histoire du monde a-t-elle influenc\u00e9 l\u2019essor du blues et ses changements ?<br \/>\n\u2022 Comment l\u2019histoire sociale s\u2019est traduite dans ses modes d\u2019expression ?<br \/>\n\u2022 Puis les derniers indices, plus \u00e0 notre port\u00e9e, qui annoncent le blues international,<br \/>\n\u2022 Et la France, l\u00e0 dedans ????<\/p>\n<p style=\"text-align: justify;\">Cisco conte, joue, chante, explique.<\/p>\n<h3 style=\"text-align: justify;\">Les descendances du blues<\/h3>\n<p>(coll\u00e9giens, lyc\u00e9ens)<\/p>\n<p style=\"text-align: justify;\">Le blues est n\u00e9 aux aurores du XX\u00e8me si\u00e8cle, dans un petit comt\u00e9 de l\u2019Etat du Mississippi, \u00ab the Delta county \u00bb.<br \/>\nCette mani\u00e8re de chanter et jouer des noirs de cette enclave va vite faire des \u00e9mules, en se d\u00e9pla\u00e7ant g\u00e9ographiquement, puis, \u00e0 partir de 1920 en se multipliant gr\u00e2ce aux disques et \u00e0 la radio. Son succ\u00e8s restera longtemps cantonn\u00e9 au public noir du Sud, ou originaire du Sud.<br \/>\nPuis le Blues va se ramifier , dans le jazz, le boogie woogie\u2026<br \/>\nEt les blancs, d\u2019abord ceux du Sud, vont s\u2019en inspirer, dans la country music, puis le Rock n\u2019Roll, et la folk music des 60\u2019s.<br \/>\nIl traverse l\u2019Atlantique, pour donner le rock anglais.<br \/>\n\u2026. Revient aux USA avec le rythm n\u2019blues, puis le disco, la funk\u2026<br \/>\n\u2026.. Se m\u00eale au gospel pour le succ\u00e8s de la Soul.<br \/>\nEt le hip hop, le rap, et m\u00eame certaines musiques \u00e9lectroniques.<\/p>\n<p style=\"text-align: justify;\">Ces descendances, Cisco les raconte, les illustre, et met en \u00e9vidence leur racine blues avec des \u00e9chantillons musicaux, son chant et ses guitares.<br \/>\nUne grande partie de notre culture musicale se met en relief, plonge dans ses racines, o\u00f9 l\u2019on retrouve en \u00e9cho les notes primitives du blues.<\/p>\n<h3>Spectacle Jeune Public<br \/>\nChamp Blues Tout<br \/>\nSi le blues m\u2019e\u0301tait conte\u0301<\/h3>\n<p style=\"text-align: justify;\">PUBLIC : Tout public \u00e0 partir de 8 ans<br \/>\nDur\u00e9e : 1h15<br \/>\nLa saga des Turner (des origines a\u0300 la naissance du blues).<br \/>\nIl s\u2019agit d\u2019une fresque en 6 tableaux (en narration, images et musique) relatant l\u2019histoire d\u2019une famille noire, les Turner, sur 5 ge\u0301ne\u0301rations. Elle part d\u2019un enfant africain vendu a\u0300 un ne\u0301grier pour devenir un esclave dans les premiers champs de coton dans le Mississippi. On suivra ensuite ses descendants, au fil de l\u2019histoire des E\u0301tats-Unis, jusqu\u2019a\u0300 aboutir a\u0300 un musicien de blues dans la dernie\u0300re ge\u0301ne\u0301ration.<br \/>\nCisco Herzhaft au chant et aux guitares et Mickael Burey aux percussions illustrent en musique les diffe\u0301rentes e\u0301tapes de cette famille noire : du Tam Tam africain, les \u00ab worksongs \u00bb en passant par le gospel et les chants de Cowboy jusqu\u2019aux premiers blues.<\/p>\n<h3>Graine de Blues<br \/>\nL\u2019Histoire du Blues pour les scolaires<\/h3>\n<p style=\"text-align: justify;\">PUBLIC : Classes de Primaire \u2013 Coll\u00e8ges \u2013 Lyc\u00e9es<br \/>\nCisco Herzhaft avec ses guitares, vient chanter, conter, expliquer, jouer le blues pour une balade aux origines du blues.<br \/>\nLes chants d\u2019Afrique se transforment en \u00ab worksongs \u00bb, chants de travail, se me\u0302lent ensuite aux \u00ab negro spirituals \u00bb concocte\u0301s dans les chapelles d\u2019esclaves\u2026 Puis la guerre, la libe\u0301ration, la se\u0301gre\u0301gation, le bagne pour beaucoup, et la\u0300, les \u00ab chaingang songs \u00bb font leur apparition.<br \/>\nLes sons de la \u00ab nature \u00bb, bateaux sur le Mississippi, les trains au loin, rythmes que l\u2019on s\u2019approprie, et le blues qui nai\u0302t dans un champ de coton de la re\u0301gion du Delta (Clarksdale) aux alentours de 1900. Il voyage ensuite dans les Etats miniers, et plantations de tabac, avec le ragtime blues. Ainsi que dans les autres Etats du Sud, Texas, Louisiane, ou\u0300 le melting pot musical lui donnera une tonalite\u0301 particulie\u0300re.<br \/>\nPuis dans ses e\u0301volutions plus modernes, vers les cite\u0301s industrielles et jusqu\u2019aux notes bleues d\u2019aujourd\u2019hui.<\/p>\n<p style=\"text-align: justify;\"><img decoding=\"async\" class=\"aligncenter size-full wp-image-6314\" src=\"https:\/\/franceblues.com\/wordpress\/wp-content\/uploads\/2018\/05\/ciscograine.jpg\" alt=\"ciscograine\" width=\"470\" height=\"351\" srcset=\"https:\/\/franceblues.com\/wordpress\/wp-content\/uploads\/2018\/05\/ciscograine.jpg 470w, https:\/\/franceblues.com\/wordpress\/wp-content\/uploads\/2018\/05\/ciscograine-300x224.jpg 300w\" sizes=\"(max-width: 470px) 100vw, 470px\" \/><\/p>\n<h4>LES CLASSES DE PRIMAIRE (du CE1 au CM2)<\/h4>\n<p style=\"text-align: justify;\">Cisco Herzhaft, avec ses guitares, un sifflet du Mississippi, une percussion, conte le blues, l\u2019illustre en musique avec la participation des enfants\u2026<br \/>\n1h15 heure environ pour faire vivre cette aventure dans le regard et les oreilles des enfants, avec le professeur qui pourra continuer a\u0300 faire vivre ce voyage sous forme de dessins ou autres\u2026<br \/>\nOn pourra aussi envisager un blues que l\u2019on apprend et chante ensemble, et que l\u2019on pourra produire lors d\u2019un apre\u0300s midi ou soire\u0301e concert, tous en sce\u0300ne\u2026.<br \/>\nA\u0300 travers ce conte seront aborde\u0301s :<br \/>\n\u2013 Le commerce triangulaire<br \/>\n\u2013 la traite n\u00e9gri\u00e8re<br \/>\n\u2013 l\u2019esclavage<br \/>\n\u2013 l\u2019importance de la musique dans la vie<br \/>\n\u2013 la naissance des musiques du XXe\u0300me sie\u0300cle<\/p>\n<h4>LES CLASSES DE COLL\u00c8GE et LYC\u00c9E<\/h4>\n<p style=\"text-align: justify;\">Sous forme de \u00abconf\u00e9rence concert\u00bb Cisco Herzhaft transporte son les \u00e9l\u00e8ves sur les chemins du blues, des champs de coton du Mississippi o\u00f9 les chants de travail et les \u00ab spirituals \u00bb vont donner les bases de cette musique.<br \/>\nIci seront abord\u00e9s :<br \/>\n\u2013 Le commerce triangulaire<br \/>\n\u2013 la traite n\u00e9gri\u00e8re<br \/>\n\u2013 L\u2019esclavage<br \/>\n\u2013 La naissance des musiques du XX\u00e8me si\u00e8cle (du blues jusqu\u2019au Rap)<br \/>\n\u2013 Les flux migratoires am\u00e9ricains<br \/>\n\u2013 La crise de 1929<\/p>\n<h5>Info\/Booking<\/h5>\n<p>Blues N&rsquo;Trad Productions<br \/>\n<a href=\"http:\/\/www.bluesntrad.com\" target=\"_blank\">www.bluesntrad.com<\/a><br \/>\n<a href=\"http:\/\/debbieblues@wanadoo.fr\" target=\"_blank\">debbieblue@wanadoo.fr<\/a><br \/>\n+33 6 31 31 53 30<\/p>\n","protected":false},"excerpt":{"rendered":"<p>Cisco Herzhaft : 4 offres p\u00e9dagogiques Cisco Herzhaft est chanteur et musicien de blues et folk et se produit dans des festivals et des salles dans le monde entier\u2026. Mais il est aussi un \u00e9rudit du blues (en connexion permanente avec son fr\u00e8re G\u00e9rard, l\u2019Encyclop\u00e9diste), et un narrateur aguerri. A l\u2019aise avec toutes sortes de [&hellip;]<\/p>\n","protected":false},"author":2,"featured_media":0,"parent":6150,"menu_order":0,"comment_status":"open","ping_status":"closed","template":"","meta":{"footnotes":""},"class_list":["post-6310","page","type-page","status-publish","hentry"],"_links":{"self":[{"href":"https:\/\/franceblues.com\/index.php?rest_route=\/wp\/v2\/pages\/6310","targetHints":{"allow":["GET"]}}],"collection":[{"href":"https:\/\/franceblues.com\/index.php?rest_route=\/wp\/v2\/pages"}],"about":[{"href":"https:\/\/franceblues.com\/index.php?rest_route=\/wp\/v2\/types\/page"}],"author":[{"embeddable":true,"href":"https:\/\/franceblues.com\/index.php?rest_route=\/wp\/v2\/users\/2"}],"replies":[{"embeddable":true,"href":"https:\/\/franceblues.com\/index.php?rest_route=%2Fwp%2Fv2%2Fcomments&post=6310"}],"version-history":[{"count":5,"href":"https:\/\/franceblues.com\/index.php?rest_route=\/wp\/v2\/pages\/6310\/revisions"}],"predecessor-version":[{"id":6461,"href":"https:\/\/franceblues.com\/index.php?rest_route=\/wp\/v2\/pages\/6310\/revisions\/6461"}],"up":[{"embeddable":true,"href":"https:\/\/franceblues.com\/index.php?rest_route=\/wp\/v2\/pages\/6150"}],"wp:attachment":[{"href":"https:\/\/franceblues.com\/index.php?rest_route=%2Fwp%2Fv2%2Fmedia&parent=6310"}],"curies":[{"name":"wp","href":"https:\/\/api.w.org\/{rel}","templated":true}]}}