{"id":6181,"date":"2018-04-02T07:55:41","date_gmt":"2018-04-02T07:55:41","guid":{"rendered":"https:\/\/franceblues.com\/?page_id=6181"},"modified":"2022-04-23T06:15:32","modified_gmt":"2022-04-23T06:15:32","slug":"pedagoblues-du-blues-dans-le-bayou","status":"publish","type":"page","link":"https:\/\/franceblues.com\/?page_id=6181","title":{"rendered":"P\u00e9dagoBlues : Du Blues dans le Bayou"},"content":{"rendered":"<h3>Du Blues dans le Bayou<\/h3>\n<div style=\"text-align: justify;\"><img fetchpriority=\"high\" decoding=\"async\" class=\"alignleft size-full wp-image-6189\" src=\"https:\/\/franceblues.com\/wordpress\/wp-content\/uploads\/2018\/04\/honeymen.jpg\" alt=\"honeymen\" width=\"250\" height=\"281\" \/>L\u00e0-bas au fond du Bayou dans la cour d\u2019un vieux \u00ab Juke Joint \u00bb d\u00e9glingu\u00e9, Elmor et Jim, vous invitent au d\u00e9tour de leurs chansons, \u00e0 d\u00e9couvrir un univers rocambolesque, un monde fi\u00e9vreux, empreint de l\u00e9gendes et de myst\u00e8res. Vous y croiserez Cocodrie l\u2019alligator, Mamy Wata la d\u00e9esse des eaux, Le Baron Samedi qui r\u00e8gne sur les cimeti\u00e8res, une dr\u00f4le de Poup\u00e9e Vaudou, Tonton Sidney, le Lougawoo et autres personnages extravagants. Spectacle ludique, ambiance \u00ab Fais Do-Do\u00bb, pour les petits et les plus grand, des chansons dr\u00f4les et tendres sur une musique toujours Blues mais teint\u00e9e d\u2019accents Cajun. Guitare, Harmonica, Percussions et Accord\u00e9on s\u2019en donnent \u00e0 c\u0153ur joie pour un blues festif et participatif \u2026.. 1+1= Blues ! Une \u00e9quation redoutable, quand on connait le talent et l\u2019enthousiasme communicatif des \u00ab Honeymen \u00bb Alors \u00ab l\u00e2che pas la patate \u00bb, on va laisser l\u2019bon temps rouler et avec les \u00ab Honeymen \u00bb\u2026\u2026 Toi aussi tu chanteras le Blues !<\/div>\n<p>&nbsp;<\/p>\n<h5>La Compagnie<\/h5>\n<p style=\"text-align: justify;\">Issus du groupe \u00ab Doo The Doo\u00bb avec qui ils tournent depuis 1991, Jim et Elmor cr\u00e9ent en 1996.Le duo Blues \u00abHoneymen \u00bb et revisitent au fil de leurs projets, le Blues. Musique n\u00e9e dans le Sud profond des Etats Unis, elle aura une influence ind\u00e9niable sur la plupart des courants musicaux actuels. En 1998, ils s\u2019orientent sur un r\u00e9pertoire \u00ab jeune public \u00bb, puis montent avec succ\u00e8s le spectacle \u00ab Du Blues Dans Mon Quartier \u00bb, qui recevra un accueil tr\u00e8s chaleureux aupr\u00e8s du public.Avec plus de 8 albums \u00e0 leur actif, des concerts sur les sc\u00e8nes des plus grands festivals de Blues de L\u2019Europe au Canada, des r\u00e9compenses prestigieuses, comme entre autres le prix du \u00ab Meilleur groupe de Blues Europ\u00e9en \u00bb en 2001, les \u00ab Honeymen \u00bb vous donnent \u00e0 travers leur r\u00e9pertoire l\u2019occasion de d\u00e9couvrir un Blues \u00e2pre et sans concession.<\/p>\n<div style=\"text-align: justify;\">JIMMY JAZZ : chant, guitare, percussions<\/div>\n<div style=\"text-align: justify;\">ELMOR JAZZ : chant, accordeon, harmonica<\/div>\n<h5 style=\"text-align: justify;\"><\/h5>\n<p><center><iframe src=\"https:\/\/www.youtube.com\/embed\/22thly-bnAk\" width=\"470\" height=\"305\" frameborder=\"0\" allowfullscreen=\"allowfullscreen\"><\/iframe><\/center><\/p>\n<h5>Info \/ Booking<\/h5>\n<p>&nbsp;<\/p>\n<div style=\"text-align: justify;\"><strong><a href=\"http:\/\/www.dubluesdanslebayou.com\/\" target=\"_blank\">http:\/\/www.dubluesdanslebayou.com\/<\/a><\/strong><\/div>\n<div style=\"text-align: justify;\"><\/div>\n<div style=\"text-align: justify;\"><\/div>\n<p>&nbsp;<\/p>\n<h5 style=\"text-align: right;\">\u00a0<a href=\"https:\/\/franceblues.com\/?page_id=6150\">Retour au Sommaire<\/a><\/h5>\n<p>&nbsp;<\/p>\n<p>&nbsp;<\/p>\n","protected":false},"excerpt":{"rendered":"<p>Du Blues dans le Bayou L\u00e0-bas au fond du Bayou dans la cour d\u2019un vieux \u00ab Juke Joint \u00bb d\u00e9glingu\u00e9, Elmor et Jim, vous invitent au d\u00e9tour de leurs chansons, \u00e0 d\u00e9couvrir un univers rocambolesque, un monde fi\u00e9vreux, empreint de l\u00e9gendes et de myst\u00e8res. Vous y croiserez Cocodrie l\u2019alligator, Mamy Wata la d\u00e9esse des eaux, [&hellip;]<\/p>\n","protected":false},"author":2,"featured_media":0,"parent":6150,"menu_order":0,"comment_status":"open","ping_status":"closed","template":"","meta":{"footnotes":""},"class_list":["post-6181","page","type-page","status-publish","hentry"],"_links":{"self":[{"href":"https:\/\/franceblues.com\/index.php?rest_route=\/wp\/v2\/pages\/6181","targetHints":{"allow":["GET"]}}],"collection":[{"href":"https:\/\/franceblues.com\/index.php?rest_route=\/wp\/v2\/pages"}],"about":[{"href":"https:\/\/franceblues.com\/index.php?rest_route=\/wp\/v2\/types\/page"}],"author":[{"embeddable":true,"href":"https:\/\/franceblues.com\/index.php?rest_route=\/wp\/v2\/users\/2"}],"replies":[{"embeddable":true,"href":"https:\/\/franceblues.com\/index.php?rest_route=%2Fwp%2Fv2%2Fcomments&post=6181"}],"version-history":[{"count":10,"href":"https:\/\/franceblues.com\/index.php?rest_route=\/wp\/v2\/pages\/6181\/revisions"}],"predecessor-version":[{"id":6297,"href":"https:\/\/franceblues.com\/index.php?rest_route=\/wp\/v2\/pages\/6181\/revisions\/6297"}],"up":[{"embeddable":true,"href":"https:\/\/franceblues.com\/index.php?rest_route=\/wp\/v2\/pages\/6150"}],"wp:attachment":[{"href":"https:\/\/franceblues.com\/index.php?rest_route=%2Fwp%2Fv2%2Fmedia&parent=6181"}],"curies":[{"name":"wp","href":"https:\/\/api.w.org\/{rel}","templated":true}]}}