{"id":6077,"date":"2018-03-04T08:56:39","date_gmt":"2018-03-04T08:56:39","guid":{"rendered":"https:\/\/franceblues.com\/?page_id=6077"},"modified":"2018-05-28T07:01:14","modified_gmt":"2018-05-28T07:01:14","slug":"fred-delforge-tresorier","status":"publish","type":"page","link":"https:\/\/franceblues.com\/?page_id=6077","title":{"rendered":"Fred Delforge &#8211; Pr\u00e9sident"},"content":{"rendered":"<p style=\"text-align: justify;\"><img decoding=\"async\" class=\"alignleft size-full wp-image-6078\" src=\"https:\/\/franceblues.com\/wordpress\/wp-content\/uploads\/2018\/03\/fread_eating.jpg\" alt=\"fread_eating\" width=\"200\" height=\"200\" srcset=\"https:\/\/franceblues.com\/wordpress\/wp-content\/uploads\/2018\/03\/fread_eating.jpg 200w, https:\/\/franceblues.com\/wordpress\/wp-content\/uploads\/2018\/03\/fread_eating-150x150.jpg 150w\" sizes=\"(max-width: 200px) 100vw, 200px\" \/>N\u00e9 en 1965, j&rsquo;ai pratiquement toujours navigu\u00e9 dans les sph\u00e8res musicales depuis mon tout premier concert, Annie Cordy aux f\u00eates de Pentec\u00f4te de Mantes la Ville pour mes 2 ou 3 ans, jusqu&rsquo;\u00e0 aujourd&rsquo;hui, avec en cours de route des grandes p\u00e9riodes rock, hard-rock, punk et metal, tout cela ramenant forc\u00e9ment vers le blues &#8230;<\/p>\n<p style=\"text-align: justify;\">Partag\u00e9 entre la musique, les \u00e9tudes, les voyages et le sport, j&rsquo;ai eu une adolescence plut\u00f4t active et mouvement\u00e9e qui m&rsquo;a conduit \u00e0 rencontrer pas mal de monde dans les sph\u00e8res musicales. La vie active arrivant, il m&rsquo;a fallu prendre un peu de recul avec le monde de la nuit, sans pour autant arr\u00eater de fr\u00e9quenter assidument les concerts et les musiciens puisque j&rsquo;ai \u00e9t\u00e9 \u00e0 partir de 1996 le webmaster du site web de Trust. Je me suis ensuite lanc\u00e9 dans l&rsquo;aventure <a href=\"http:\/\/www.zicazic.com\" target=\"_blank\">Zicazic<\/a> en 2001 avec un ami, disparu 5 ans plus tard &#8230;<\/p>\n<p style=\"text-align: justify;\">C&rsquo;est la rencontre avec Jean Guillermo lors des toutes premi\u00e8res \u00e9ditions de Blues sur Seine qui a d\u00e9clench\u00e9 non pas cette passion pour le blues puisque je pratiquais d\u00e9j\u00e0 beaucoup \u00e0 l&rsquo;\u00e9poque, mais cette meilleure connaissance de la famille blues fran\u00e7aise et internationales qu&rsquo;il m&rsquo;a permis de rencontrer et de fr\u00e9quenter. J&rsquo;ai ainsi eu l&rsquo;occasion d&rsquo;\u00e9crire pour Blues Magazine, Blues Again, X-Roads et Groovin&rsquo; The City, et de me rendre sur diff\u00e9rents festivals de blues, les \u00ab grands \u00bb au d\u00e9but (Cahors, La Traverse, Bay Car, etc.) et tr\u00e8s rapidement ceux qui n\u2019ont de petit que le nom cars ils sont souvent aussi brillants et valeureux (Blues Notes, Bougy, Lax N\u2019Blues, Blues Party, etc.). J\u2019ai \u00e9galement eu la chance de couvrir pendant 11 ann\u00e9es cons\u00e9cutives le FestiBlues International de Montr\u00e9al qui a \u00e9t\u00e9 pour moi un v\u00e9ritable tremplin puisqu&rsquo;il m&rsquo;a permis d&rsquo;acqu\u00e9rir une parfaite connaissance du milieu blues qu\u00e9b\u00e9cois et par extension canadien.<\/p>\n<p style=\"text-align: justify;\">Avide de voyages, de rencontres et de d\u00e9couvertes, j&rsquo;ai suivi de pr\u00e8s la naissance de l&rsquo;<a href=\"http:\/\/www.europeanbluesunion.com\" target=\"_blank\">European Blues Union <\/a>dont j&rsquo;ai \u00e9t\u00e9 membre d\u00e8s la cr\u00e9ation avant d&rsquo;en devenir administrateur en 2012. C&rsquo;est une fonction qui demande pas mal de disponibilit\u00e9 mais qui me permet de me d\u00e9placer dans nombre de festivals europ\u00e9ens ! Nous ne sommes pas r\u00e9mun\u00e9r\u00e9s dans le cadre de l&rsquo;EBU et nous voyageons \u00e0 nos propres frais, avec parfois un geste amical de l&rsquo;organisateur qui nous offre l&rsquo;h\u00e9bergement ou les repas. Notre grande r\u00e9compense en \u00e9change de cette disponibilit\u00e9 est d&rsquo;avoir la chance de croiser des groupes que nous n&rsquo;aurions pas l&rsquo;opportunit\u00e9 de d\u00e9couvrir ailleurs que dans leur pays d&rsquo;origine.<\/p>\n<p style=\"text-align: justify;\">En janvier 2011, nous avons cr\u00e9\u00e9 France Blues avec une \u00e9quipe de 14 personnes et d\u00e8s le premier jour, j&rsquo;ai tenu le r\u00f4le de tr\u00e9sorier mais aussi de webmaster. D\u00e8s 2012, nous avons eu \u00e0 relever d&rsquo;importants d\u00e9fis, le moindre d&rsquo;entre eux n&rsquo;\u00e9tant pas l&rsquo;organisation du 3\u00e8me European Blues Challenge \u00e0 Toulouse en 2013 qui a \u00e9t\u00e9 une r\u00e9ussite parfaite gr\u00e2ce aux efforts conjugu\u00e9s de <a href=\"http:\/\/www.toulousebluessociety.com\" target=\"_blank\">Toulouse Blues Society<\/a>, de l&rsquo;<a href=\"http:\/\/www.europeanbluesunion.com\" target=\"_blank\">European Blues Union <\/a>et de France Blues.<\/p>\n<p style=\"text-align: justify;\">Enfin, je prends part b\u00e9n\u00e9volement \u00e0 l&rsquo;accompagnement des groupes \u00e0 l&rsquo;European Blues Challenge depuis 2011 et \u00e0 l&rsquo;International Blues Challenge depuis 2012. En compl\u00e9ment de l&rsquo;International Blues Challenge, je coordonne au titre de France Blues et de Zicazic en 2016, au titre exclusif de Zicazic depuis 2017, les voyages dans le Sud des Etats Unis qui nous ont permis de r\u00e9aliser le projet <a href=\"https:\/\/www.facebook.com\/enterredeblues\/\" target=\"_blank\">En Terre de Blues<\/a> avec l&rsquo;exposition photo de Sylvie Bosc et la s\u00e9rie de films du m\u00eame nom d&rsquo;Etienne Mortini et Mireille Martin. Ces voyages fonctionnent sur la base de la convivialit\u00e9 et du partage des frais. Ils sont ouverts \u00e0 tous ceux qui le souhaitent d\u00e8s lors qu&rsquo;ils sont d&rsquo;accord pour partager de la bonne humeur, un v\u00e9hicule et des h\u00e9bergements avec d&rsquo;autres personnes &#8230; Ils sont l&rsquo;occasion pour ceux qui les font de pouvoir franchir des portes qu&rsquo;ils n&rsquo;auraient pas forc\u00e9ment pu pousser seuls !<\/p>\n<p style=\"text-align: justify;\">C\u2019est pour ces raisons j\u2019imagine (\u00e0 part peut-\u00eatre Annie Cordy) que la <a href=\"http:\/\/www.blues.org\" target=\"_blank\">Blues Foundation<\/a> m\u2019a remis un Keeping The Blues Alive Award en 2016 \u2026<\/p>\n<h4 style=\"text-align: left;\">Postes occup\u00e9s dans France Blues : Pr\u00e9sident, comptabilit\u00e9, relations internationales, challenges, awards, communication, promotion, webmestre &#8230;<\/h4>\n<p style=\"text-align: left;\">Contact : <a href=\"mailto:fred@franceblues.com\" target=\"_blank\">fred@franceblues.com<\/a> ou 06 67 05 58 91<\/p>\n<p style=\"text-align: left;\">\n","protected":false},"excerpt":{"rendered":"<p>N\u00e9 en 1965, j&rsquo;ai pratiquement toujours navigu\u00e9 dans les sph\u00e8res musicales depuis mon tout premier concert, Annie Cordy aux f\u00eates de Pentec\u00f4te de Mantes la Ville pour mes 2 ou 3 ans, jusqu&rsquo;\u00e0 aujourd&rsquo;hui, avec en cours de route des grandes p\u00e9riodes rock, hard-rock, punk et metal, tout cela ramenant forc\u00e9ment vers le blues &#8230; [&hellip;]<\/p>\n","protected":false},"author":2,"featured_media":0,"parent":0,"menu_order":0,"comment_status":"open","ping_status":"open","template":"","meta":{"footnotes":""},"class_list":["post-6077","page","type-page","status-publish","hentry"],"_links":{"self":[{"href":"https:\/\/franceblues.com\/index.php?rest_route=\/wp\/v2\/pages\/6077","targetHints":{"allow":["GET"]}}],"collection":[{"href":"https:\/\/franceblues.com\/index.php?rest_route=\/wp\/v2\/pages"}],"about":[{"href":"https:\/\/franceblues.com\/index.php?rest_route=\/wp\/v2\/types\/page"}],"author":[{"embeddable":true,"href":"https:\/\/franceblues.com\/index.php?rest_route=\/wp\/v2\/users\/2"}],"replies":[{"embeddable":true,"href":"https:\/\/franceblues.com\/index.php?rest_route=%2Fwp%2Fv2%2Fcomments&post=6077"}],"version-history":[{"count":5,"href":"https:\/\/franceblues.com\/index.php?rest_route=\/wp\/v2\/pages\/6077\/revisions"}],"predecessor-version":[{"id":6335,"href":"https:\/\/franceblues.com\/index.php?rest_route=\/wp\/v2\/pages\/6077\/revisions\/6335"}],"wp:attachment":[{"href":"https:\/\/franceblues.com\/index.php?rest_route=%2Fwp%2Fv2%2Fmedia&parent=6077"}],"curies":[{"name":"wp","href":"https:\/\/api.w.org\/{rel}","templated":true}]}}