{"id":6074,"date":"2018-03-04T08:40:48","date_gmt":"2018-03-04T08:40:48","guid":{"rendered":"https:\/\/franceblues.com\/?page_id=6074"},"modified":"2025-10-09T08:38:44","modified_gmt":"2025-10-09T08:38:44","slug":"trombinoscope-france-blues","status":"publish","type":"page","link":"https:\/\/franceblues.com\/?page_id=6074","title":{"rendered":"Trombinoscope France Blues"},"content":{"rendered":"<p style=\"text-align: justify;\">Retrouvez ici tous les renseignements concernant le bureau et les administrateurs de France Blues (biographie, coordonn\u00e9es, postes occup\u00e9s &#8230;)<\/p>\n<h3>Le Bureau<\/h3>\n<p><a href=\"https:\/\/franceblues.com\/?page_id=6077\" target=\"_blank\" rel=\"noopener\">Fred Delforge &#8211; Pr\u00e9sident<\/a><\/p>\n<p>Marc Loison &#8211; Vice-Pr\u00e9sident<\/p>\n<p>Arnaud Amat &#8211; Secr\u00e9taire<\/p>\n<p>Sophie Davoine-Delforge &#8211; Tr\u00e9sori\u00e8re<\/p>\n<h3><\/h3>\n<h3>Les autres administrateurs :<\/h3>\n<p>Adeline Errard<\/p>\n<p>Denis Delle Piane<\/p>\n<p>Christian Foucher<\/p>\n<p>Raymond Letouche<\/p>\n<p>Robert Mauries<\/p>\n<p>Franck Orts<\/p>\n<p>Greg Perfetti<\/p>\n<p>Michel Rou\u00e9<\/p>\n<p>Luc Tran Van<\/p>\n<p>Dan Zirotti<\/p>\n<h3>Membre Honoraire :<\/h3>\n<p><a href=\"https:\/\/franceblues.com\/?page_id=6093\" target=\"_blank\" rel=\"noopener\">Jean Guillermo<\/a><\/p>\n<p>&nbsp;<\/p>\n","protected":false},"excerpt":{"rendered":"<p>Retrouvez ici tous les renseignements concernant le bureau et les administrateurs de France Blues (biographie, coordonn\u00e9es, postes occup\u00e9s &#8230;) Le Bureau Fred Delforge &#8211; Pr\u00e9sident Marc Loison &#8211; Vice-Pr\u00e9sident Arnaud Amat &#8211; Secr\u00e9taire Sophie Davoine-Delforge &#8211; Tr\u00e9sori\u00e8re Les autres administrateurs : Adeline Errard Denis Delle Piane Christian Foucher Raymond Letouche Robert Mauries Franck Orts Greg [&hellip;]<\/p>\n","protected":false},"author":2,"featured_media":0,"parent":0,"menu_order":0,"comment_status":"open","ping_status":"open","template":"","meta":{"footnotes":""},"class_list":["post-6074","page","type-page","status-publish","hentry"],"_links":{"self":[{"href":"https:\/\/franceblues.com\/index.php?rest_route=\/wp\/v2\/pages\/6074","targetHints":{"allow":["GET"]}}],"collection":[{"href":"https:\/\/franceblues.com\/index.php?rest_route=\/wp\/v2\/pages"}],"about":[{"href":"https:\/\/franceblues.com\/index.php?rest_route=\/wp\/v2\/types\/page"}],"author":[{"embeddable":true,"href":"https:\/\/franceblues.com\/index.php?rest_route=\/wp\/v2\/users\/2"}],"replies":[{"embeddable":true,"href":"https:\/\/franceblues.com\/index.php?rest_route=%2Fwp%2Fv2%2Fcomments&post=6074"}],"version-history":[{"count":20,"href":"https:\/\/franceblues.com\/index.php?rest_route=\/wp\/v2\/pages\/6074\/revisions"}],"predecessor-version":[{"id":11042,"href":"https:\/\/franceblues.com\/index.php?rest_route=\/wp\/v2\/pages\/6074\/revisions\/11042"}],"wp:attachment":[{"href":"https:\/\/franceblues.com\/index.php?rest_route=%2Fwp%2Fv2%2Fmedia&parent=6074"}],"curies":[{"name":"wp","href":"https:\/\/api.w.org\/{rel}","templated":true}]}}