{"id":293,"date":"2011-06-23T06:54:46","date_gmt":"2011-06-23T06:54:46","guid":{"rendered":"https:\/\/franceblues.com\/?page_id=293"},"modified":"2019-09-25T06:16:31","modified_gmt":"2019-09-25T06:16:31","slug":"avantages-adherent","status":"publish","type":"page","link":"https:\/\/franceblues.com\/?page_id=293","title":{"rendered":"Avantages Adh\u00e9rents"},"content":{"rendered":"<p style=\"text-align: justify;\"><strong>Etre adh\u00e9rent de France-Blues c&rsquo;est supporter la musique que l&rsquo;on aime, soutenir l&rsquo;organisation d&rsquo;une structure nationale, mais pas seulement. En effet : <\/strong><\/p>\n<p style=\"text-align: justify;\">Le label <a href=\"http:\/\/www.bluesweb.com\" target=\"_blank\">Dixiefrog<\/a> a d\u00e9cid\u00e9 d&rsquo;offrir aux nouveaux adh\u00e9rents de France Blues un CD de son catalogue. L&rsquo;attribution se fera au fur et \u00e0 mesure \u00e0 la discr\u00e9tion de France Blues !<\/p>\n<p><center><a href=\"https:\/\/franceblues.com\/wordpress\/wp-content\/uploads\/2011\/06\/mCAK31Q8B1.jpg\"><img decoding=\"async\" class=\"aligncenter size-full wp-image-283\" title=\"mCAK31Q8B\" src=\"https:\/\/franceblues.com\/wordpress\/wp-content\/uploads\/2011\/06\/mCAK31Q8B1.jpg\" alt=\"\" width=\"170\" height=\"232\" \/><\/a><\/center><\/p>\n<p style=\"text-align: justify;\">\n<p><a href=\"https:\/\/blues-guitares.com\/fr\/\" target=\"_blank\">Blues Guitars France<\/a> accorde une r\u00e9duction de 5% \u00e0 nos adh\u00e9rents sur l&rsquo;achat d&rsquo;une cigar box guitar !<\/p>\n<p><center><a href=\"https:\/\/franceblues.com\/wordpress\/wp-content\/uploads\/2011\/06\/bluesguitarsfr.jpg\"><img decoding=\"async\" class=\"aligncenter size-medium wp-image-6395\" src=\"https:\/\/franceblues.com\/wordpress\/wp-content\/uploads\/2011\/06\/bluesguitarsfr-300x188.jpg\" alt=\"bluesguitarsfr\" width=\"250\" height=\"157\" srcset=\"https:\/\/franceblues.com\/wordpress\/wp-content\/uploads\/2011\/06\/bluesguitarsfr-300x188.jpg 300w, https:\/\/franceblues.com\/wordpress\/wp-content\/uploads\/2011\/06\/bluesguitarsfr.jpg 587w\" sizes=\"(max-width: 250px) 100vw, 250px\" \/><\/a><\/center><\/p>\n<p style=\"text-align: justify;\">Enfin un certain nombre de festivals membres ont d\u00e9cid\u00e9 d&rsquo;appliquer aux adh\u00e9rents France Blues un tarif r\u00e9duit &#8230; Nous vous signalerons dans nos news les offres sp\u00e9ciales qui se pr\u00e9sentent !<\/p>\n<p>&nbsp;<\/p>\n","protected":false},"excerpt":{"rendered":"<p>Etre adh\u00e9rent de France-Blues c&rsquo;est supporter la musique que l&rsquo;on aime, soutenir l&rsquo;organisation d&rsquo;une structure nationale, mais pas seulement. En effet : Le label Dixiefrog a d\u00e9cid\u00e9 d&rsquo;offrir aux nouveaux adh\u00e9rents de France Blues un CD de son catalogue. L&rsquo;attribution se fera au fur et \u00e0 mesure \u00e0 la discr\u00e9tion de France Blues ! Blues [&hellip;]<\/p>\n","protected":false},"author":1,"featured_media":0,"parent":0,"menu_order":0,"comment_status":"open","ping_status":"open","template":"","meta":{"footnotes":""},"class_list":["post-293","page","type-page","status-publish","hentry"],"_links":{"self":[{"href":"https:\/\/franceblues.com\/index.php?rest_route=\/wp\/v2\/pages\/293","targetHints":{"allow":["GET"]}}],"collection":[{"href":"https:\/\/franceblues.com\/index.php?rest_route=\/wp\/v2\/pages"}],"about":[{"href":"https:\/\/franceblues.com\/index.php?rest_route=\/wp\/v2\/types\/page"}],"author":[{"embeddable":true,"href":"https:\/\/franceblues.com\/index.php?rest_route=\/wp\/v2\/users\/1"}],"replies":[{"embeddable":true,"href":"https:\/\/franceblues.com\/index.php?rest_route=%2Fwp%2Fv2%2Fcomments&post=293"}],"version-history":[{"count":12,"href":"https:\/\/franceblues.com\/index.php?rest_route=\/wp\/v2\/pages\/293\/revisions"}],"predecessor-version":[{"id":7135,"href":"https:\/\/franceblues.com\/index.php?rest_route=\/wp\/v2\/pages\/293\/revisions\/7135"}],"wp:attachment":[{"href":"https:\/\/franceblues.com\/index.php?rest_route=%2Fwp%2Fv2%2Fmedia&parent=293"}],"curies":[{"name":"wp","href":"https:\/\/api.w.org\/{rel}","templated":true}]}}