{"id":24,"date":"2011-01-25T20:18:30","date_gmt":"2011-01-25T20:18:30","guid":{"rendered":"https:\/\/franceblues.com\/wordpress\/?page_id=24"},"modified":"2024-07-21T07:22:05","modified_gmt":"2024-07-21T07:22:05","slug":"contact","status":"publish","type":"page","link":"https:\/\/franceblues.com\/?page_id=24","title":{"rendered":"Contacts"},"content":{"rendered":"<div><strong>Contacts<\/strong><\/div>\n<p>&nbsp;<\/p>\n<div><strong>Si\u00e8ge de l&rsquo;Association :<\/strong> France Blues \u2013 36 rue Alphonse Durand &#8211; 78200 Mantes-la-Jolie<\/div>\n<p>&nbsp;<\/p>\n<div><strong>Adh\u00e9sions :<\/strong> Bulletin d\u2019adh\u00e9sion t\u00e9l\u00e9chargeable\u00a0<a href=\"http:\/\/franceblues.com\/fichiers\/adhesionFB.pdf\" target=\"_blank\" rel=\"noopener\">ICI<\/a>\u00a0\u00e0 envoyer \u00e0 : France Blues \u2013\u00a036 rue Alphonse Durand \u2013\u00a078200 Mantes-la-Jolie<\/div>\n<p>&nbsp;<\/p>\n<div><strong>Pr\u00e9sident :<\/strong> Fred Delforge : <a href=\"mailto:fred@franceblues.com\" target=\"_blank\" rel=\"noopener\">fred@franceblues.com<\/a><\/div>\n<p>&nbsp;<\/p>\n<p><strong>Secr\u00e9taire :<\/strong>\u00a0Arnaud Amat<\/p>\n<p>&nbsp;<\/p>\n<div><strong>Tr\u00e9sori\u00e8re :<\/strong> Sophie Davoine-Delforge<\/div>\n<p><strong>\u00a0<\/strong><\/p>\n","protected":false},"excerpt":{"rendered":"<p>Contacts &nbsp; Si\u00e8ge de l&rsquo;Association : France Blues \u2013 36 rue Alphonse Durand &#8211; 78200 Mantes-la-Jolie &nbsp; Adh\u00e9sions : Bulletin d\u2019adh\u00e9sion t\u00e9l\u00e9chargeable\u00a0ICI\u00a0\u00e0 envoyer \u00e0 : France Blues \u2013\u00a036 rue Alphonse Durand \u2013\u00a078200 Mantes-la-Jolie &nbsp; Pr\u00e9sident : Fred Delforge : fred@franceblues.com &nbsp; Secr\u00e9taire :\u00a0Arnaud Amat &nbsp; Tr\u00e9sori\u00e8re : Sophie Davoine-Delforge \u00a0<\/p>\n","protected":false},"author":1,"featured_media":0,"parent":0,"menu_order":0,"comment_status":"open","ping_status":"open","template":"","meta":{"footnotes":""},"class_list":["post-24","page","type-page","status-publish","hentry"],"_links":{"self":[{"href":"https:\/\/franceblues.com\/index.php?rest_route=\/wp\/v2\/pages\/24","targetHints":{"allow":["GET"]}}],"collection":[{"href":"https:\/\/franceblues.com\/index.php?rest_route=\/wp\/v2\/pages"}],"about":[{"href":"https:\/\/franceblues.com\/index.php?rest_route=\/wp\/v2\/types\/page"}],"author":[{"embeddable":true,"href":"https:\/\/franceblues.com\/index.php?rest_route=\/wp\/v2\/users\/1"}],"replies":[{"embeddable":true,"href":"https:\/\/franceblues.com\/index.php?rest_route=%2Fwp%2Fv2%2Fcomments&post=24"}],"version-history":[{"count":12,"href":"https:\/\/franceblues.com\/index.php?rest_route=\/wp\/v2\/pages\/24\/revisions"}],"predecessor-version":[{"id":10077,"href":"https:\/\/franceblues.com\/index.php?rest_route=\/wp\/v2\/pages\/24\/revisions\/10077"}],"wp:attachment":[{"href":"https:\/\/franceblues.com\/index.php?rest_route=%2Fwp%2Fv2%2Fmedia&parent=24"}],"curies":[{"name":"wp","href":"https:\/\/api.w.org\/{rel}","templated":true}]}}