{"id":2328,"date":"2012-12-03T15:25:40","date_gmt":"2012-12-03T15:25:40","guid":{"rendered":"https:\/\/franceblues.com\/?page_id=2328"},"modified":"2022-02-26T11:48:55","modified_gmt":"2022-02-26T11:48:55","slug":"adhesion","status":"publish","type":"page","link":"https:\/\/franceblues.com\/?page_id=2328","title":{"rendered":"Adh\u00e9sion"},"content":{"rendered":"<h4>Pour ceux qui pr\u00e9f\u00e8rent l&rsquo;adh\u00e9sion \u00e0 l&rsquo;ancienne,\u00a0le bulletin est <span style=\"color: #00ccff;\"><a style=\"color: #00ccff;\" href=\"http:\/\/franceblues.com\/fichiers\/adhesionFB.pdf\" target=\"_blank\">ici<\/a><\/span><\/h4>\n<p><span style=\"text-decoration: underline;\"><strong>Bulletin \u00e0 retourner \u00e0 :<\/strong><\/span><strong>\u00a0<\/strong>France Blues \/ Fred Delforge &#8211; 36 rue Alphonse Durand &#8211; 78200 Mantes la Jolie<\/p>\n<h4>Pour\u00a0les autres, c&rsquo;est en ligne ci-dessous :<\/h4>\n<p style=\"text-align: justify;\">Adh\u00e9rer \u00e0 France-Blues ce n&rsquo;est pas seulement soutenir une association, c&rsquo;est avant tout contribuer \u00e0 d\u00e9velopper des actions en France et \u00e0 l&rsquo;International pour le Blues Fran\u00e7ais.<\/p>\n<p style=\"text-align: justify;\">&#8211; vous \u00eates un fan, vous aimez le blues, vous avez envie d\u2019\u00eatre inform\u00e9 de l\u2019\u00e9volution de la sc\u00e8ne fran\u00e7aise et de participer \u00e0 son d\u00e9veloppement \u2026 choisissez l\u2019option \u00ab\u00a0Sympathisant\u00a0\u00bb !<\/p>\n<p style=\"text-align: justify;\">&#8211; vous \u00eates musicien, agent artistique, tourneur, animateur radio, magazine, lieu de spectacle, festival, luthier, magasin de musique, chroniqueur, photographe, etc. choisissez l\u2019option \u00a0\u00bb Membre Actif \u00a0\u00bb !<\/p>\n<p><iframe id=\"haWidget\" style=\"width: 100%; height: 750px; border: none;\" src=\"https:\/\/www.helloasso.com\/associations\/france-blues\/adhesions\/bulletin-d-adhesion\/widget\" width=\"300\" height=\"150\" scrolling=\"auto\"><\/iframe><\/p>\n<p style=\"text-align: justify;\">Etre <span style=\"color: #00ccff;\"><strong>Membre Actif<\/strong><\/span>, c\u2019est soutenir l&rsquo;association dans ses initiatives, avoir la possibilit\u00e9 de voter \u00e0 l&rsquo;assembl\u00e9e g\u00e9n\u00e9rale mais aussi de se pr\u00e9senter comme candidat lors du renouvellement des administrateurs \u2026 Cela peut \u00eatre aussi <span style=\"color: #00ccff;\"><strong>jouer un r\u00f4le dans l&rsquo;association<\/strong><\/span> en recherchant des financements, des relais media, en r\u00e9pondant aux appels pour participer \u00e0 un groupe de travail, en prenant en charge la r\u00e9alisation d&rsquo;une action \u2026 C\u2019est aussi la possibilit\u00e9 de proposer des nominations pour les \u00ab Laur\u00e9ats France Blues \u00bb qui r\u00e9compensent chaque ann\u00e9e des personnes m\u00e9ritantes qui \u0153uvrent en dehors de la sc\u00e8ne pour que notre musique rayonne dans l\u2019hexagone !<\/p>\n<p style=\"text-align: justify;\">Etre <span style=\"color: #00ccff;\"><strong>Membre Actif<\/strong><\/span>, c\u2019est aussi avoir la volont\u00e9 de peser dans la balance <span style=\"color: #00ccff;\"><strong>pour que le blues soit reconnu en France<\/strong><\/span>, pour que les media nationaux s\u2019int\u00e9ressent enfin \u00e0 notre musique et qu\u2019ils contribuent \u00e0 la faire conna\u00eetre ! <span style=\"color: #00ccff;\"><strong>Une \u00ab F\u00e9d\u00e9ration Blues \u00bb forte<\/strong><\/span>, c\u2019est la garantie d\u2019avoir plus de clubs o\u00f9 jouer du blues, plus de financements pour organiser des concerts et des festivals, c\u2019est par effet de ricochet plus de travail pour les agents et pour les artistes, plus de musique pour le public \u2026 <span style=\"color: #00ccff;\"><strong>Tout le monde a \u00e0 y gagner<\/strong> <\/span>! En Norv\u00e8ge, la Blues Society nationale compte 8.000 adh\u00e9rents pour 5,5 millions d\u2019habitants \u2026 Le pays a le plus grand festival de blues d\u2019Europe, des clubs de Blues dans toutes les villes avec pour nombre d\u2019entre eux des concerts quotidiens, un mus\u00e9e du Blues qui rivalise avec les plus grands mus\u00e9es am\u00e9ricains \u2026 Pourquoi ne pas contribuer \u00e0 ce que la France connaisse le m\u00eame d\u00e9veloppement ? <span style=\"color: #00ccff;\"><strong>Le Blues en France doit-il vraiment rester une musique confidentielle r\u00e9serv\u00e9e \u00e0 quelques amateurs qui le laisseront dispara\u00eetre avec eux ?<\/strong><\/span><\/p>\n<p>Etre <span style=\"color: #00ccff;\"><strong>Membre Actif<\/strong><\/span>, c\u2019est enfin pour les artistes la possibilit\u00e9 de se pr\u00e9senter aux pr\u00e9s\u00e9lections pour le Challenge Blues Fran\u00e7ais et avoir la possibilit\u00e9 de <span style=\"color: #00ccff;\"><strong>mieux se faire conna\u00eetre au niveau national et international<\/strong><\/span> en repr\u00e9sentant la France lors des Challenges Internationaux !<\/p>\n<h4 style=\"text-align: center;\">C\u2019est tous ensemble que nous contribuerons \u00e0 faire de la France une des grandes nations du blues et c\u2019est tous ensemble que nous contribuerons \u00e0 faire du Blues une des musiques majeures en France !<\/h4>\n<h4 style=\"text-align: center;\">On vit en France, On aime le Blues \u2026 Montrons le chaque jour !<\/h4>\n<h2 style=\"text-align: center;\">=-=-=-=-=-=<\/h2>\n<p><strong>France-Blues permet \u00e9galement par le versement de don de b\u00e9n\u00e9ficier d&rsquo;avantages fiscaux.<\/strong><\/p>\n<h2>Le formulaire de versement de dons est <a href=\"http:\/\/franceblues.com\/fichiers\/adhesionFB.pdf\" target=\"_blank\">ici<\/a><\/h2>\n<p><a href=\"https:\/\/franceblues.com\/wordpress\/wp-content\/uploads\/2012\/12\/revenu.jpg\"><img fetchpriority=\"high\" decoding=\"async\" class=\"aligncenter size-full wp-image-2334\" title=\"revenu\" src=\"https:\/\/franceblues.com\/wordpress\/wp-content\/uploads\/2012\/12\/revenu.jpg\" alt=\"\" width=\"534\" height=\"267\" srcset=\"https:\/\/franceblues.com\/wordpress\/wp-content\/uploads\/2012\/12\/revenu.jpg 534w, https:\/\/franceblues.com\/wordpress\/wp-content\/uploads\/2012\/12\/revenu-300x150.jpg 300w\" sizes=\"(max-width: 534px) 100vw, 534px\" \/><\/a><\/p>\n","protected":false},"excerpt":{"rendered":"<p>Pour ceux qui pr\u00e9f\u00e8rent l&rsquo;adh\u00e9sion \u00e0 l&rsquo;ancienne,\u00a0le bulletin est ici Bulletin \u00e0 retourner \u00e0 :\u00a0France Blues \/ Fred Delforge &#8211; 36 rue Alphonse Durand &#8211; 78200 Mantes la Jolie Pour\u00a0les autres, c&rsquo;est en ligne ci-dessous : Adh\u00e9rer \u00e0 France-Blues ce n&rsquo;est pas seulement soutenir une association, c&rsquo;est avant tout contribuer \u00e0 d\u00e9velopper des actions en [&hellip;]<\/p>\n","protected":false},"author":1,"featured_media":0,"parent":0,"menu_order":0,"comment_status":"open","ping_status":"open","template":"","meta":{"footnotes":""},"class_list":["post-2328","page","type-page","status-publish","hentry"],"_links":{"self":[{"href":"https:\/\/franceblues.com\/index.php?rest_route=\/wp\/v2\/pages\/2328","targetHints":{"allow":["GET"]}}],"collection":[{"href":"https:\/\/franceblues.com\/index.php?rest_route=\/wp\/v2\/pages"}],"about":[{"href":"https:\/\/franceblues.com\/index.php?rest_route=\/wp\/v2\/types\/page"}],"author":[{"embeddable":true,"href":"https:\/\/franceblues.com\/index.php?rest_route=\/wp\/v2\/users\/1"}],"replies":[{"embeddable":true,"href":"https:\/\/franceblues.com\/index.php?rest_route=%2Fwp%2Fv2%2Fcomments&post=2328"}],"version-history":[{"count":15,"href":"https:\/\/franceblues.com\/index.php?rest_route=\/wp\/v2\/pages\/2328\/revisions"}],"predecessor-version":[{"id":8388,"href":"https:\/\/franceblues.com\/index.php?rest_route=\/wp\/v2\/pages\/2328\/revisions\/8388"}],"wp:attachment":[{"href":"https:\/\/franceblues.com\/index.php?rest_route=%2Fwp%2Fv2%2Fmedia&parent=2328"}],"curies":[{"name":"wp","href":"https:\/\/api.w.org\/{rel}","templated":true}]}}