{"id":2,"date":"2011-01-13T17:00:17","date_gmt":"2011-01-13T17:00:17","guid":{"rendered":"https:\/\/franceblues.com\/wordpress\/?page_id=2"},"modified":"2025-10-07T06:27:54","modified_gmt":"2025-10-07T06:27:54","slug":"about","status":"publish","type":"page","link":"https:\/\/franceblues.com\/?page_id=2","title":{"rendered":"A propos"},"content":{"rendered":"<p>France Blues est l&rsquo;association de r\u00e9f\u00e9rence pour porter haut le Blues en France.<\/p>\n<p><b>Les statuts complets sont disponibles <a href=\"https:\/\/franceblues.com\/fichiers\/STATUTS.pdf\" target=\"_blank\" rel=\"noopener\">ici<\/a><\/b><\/p>\n<p>L\u2019association a pour but de :<\/p>\n<ul>\n<li>promouvoir le Blues et genres musicaux associ\u00e9s<\/li>\n<li>promouvoir les acteurs de la communaut\u00e9 blues fran\u00e7aise, en premier lieu les artistes mais aussi les associations, festivals, media et sites web sp\u00e9cialis\u00e9s<\/li>\n<li>d\u00e9velopper les \u00e9changes internationaux d\u2019une mani\u00e8re g\u00e9n\u00e9rale et en particulier la coop\u00e9ration entre festivals europ\u00e9ens<\/li>\n<li>encourager et faciliter l\u2019acc\u00e8s \u00e0 l\u2019information, les \u00e9v\u00e9nements, les productions de tous types concernant le blues et styles associ\u00e9s<\/li>\n<li>fonctionner entre membres comme un lieu de forum, d\u2019\u00e9changes d\u2019id\u00e9es et d\u2019expertise<\/li>\n<li>d\u00e9velopper des actions, programmes en lien avec les buts de l\u2019association qui peuvent prendre la forme d\u2019\u00e9v\u00e8nements ou l\u2019organisation de troph\u00e9es<\/li>\n<li>promouvoir les initiatives en direction des plus jeunes (blues \u00e0 l\u2019\u00e9cole).<\/li>\n<\/ul>\n<p><a href=\"https:\/\/franceblues.com\/fichiers\/STATUTS.pdf\" target=\"_blank\" rel=\"noopener\">Consultez les statuts de l&rsquo;association<\/a><\/p>\n","protected":false},"excerpt":{"rendered":"<p>France Blues est l&rsquo;association de r\u00e9f\u00e9rence pour porter haut le Blues en France. Les statuts complets sont disponibles ici L\u2019association a pour but de : promouvoir le Blues et genres musicaux associ\u00e9s promouvoir les acteurs de la communaut\u00e9 blues fran\u00e7aise, en premier lieu les artistes mais aussi les associations, festivals, media et sites web sp\u00e9cialis\u00e9s [&hellip;]<\/p>\n","protected":false},"author":1,"featured_media":0,"parent":0,"menu_order":0,"comment_status":"open","ping_status":"open","template":"","meta":{"footnotes":""},"class_list":["post-2","page","type-page","status-publish","hentry"],"_links":{"self":[{"href":"https:\/\/franceblues.com\/index.php?rest_route=\/wp\/v2\/pages\/2","targetHints":{"allow":["GET"]}}],"collection":[{"href":"https:\/\/franceblues.com\/index.php?rest_route=\/wp\/v2\/pages"}],"about":[{"href":"https:\/\/franceblues.com\/index.php?rest_route=\/wp\/v2\/types\/page"}],"author":[{"embeddable":true,"href":"https:\/\/franceblues.com\/index.php?rest_route=\/wp\/v2\/users\/1"}],"replies":[{"embeddable":true,"href":"https:\/\/franceblues.com\/index.php?rest_route=%2Fwp%2Fv2%2Fcomments&post=2"}],"version-history":[{"count":14,"href":"https:\/\/franceblues.com\/index.php?rest_route=\/wp\/v2\/pages\/2\/revisions"}],"predecessor-version":[{"id":11039,"href":"https:\/\/franceblues.com\/index.php?rest_route=\/wp\/v2\/pages\/2\/revisions\/11039"}],"wp:attachment":[{"href":"https:\/\/franceblues.com\/index.php?rest_route=%2Fwp%2Fv2%2Fmedia&parent=2"}],"curies":[{"name":"wp","href":"https:\/\/api.w.org\/{rel}","templated":true}]}}