{"id":11286,"date":"2026-02-21T14:50:18","date_gmt":"2026-02-21T14:50:18","guid":{"rendered":"https:\/\/franceblues.com\/?page_id=11286"},"modified":"2026-02-21T14:50:18","modified_gmt":"2026-02-21T14:50:18","slug":"france-blues-awards-2026","status":"publish","type":"page","link":"https:\/\/franceblues.com\/?page_id=11286","title":{"rendered":"France Blues Awards 2026"},"content":{"rendered":"\r\n<p style=\"font-weight: 400; text-align: justify;\">Les artistes r\u00e9cipiendaires de cette deuxi\u00e8me \u00e9dition des France Blues Awards ont \u00e9t\u00e9 d\u00e9sign\u00e9s par les votes des adh\u00e9rents de l\u2019Association France Blues auxquels s\u2019est ajout\u00e9 la \u00ab voix du public \u00bb recueillie par sondage sur les r\u00e9seaux sociaux. Les France Blues Awards sont ainsi une r\u00e9compense d\u00e9cern\u00e9e essentiellement par des professionnels et par des amateurs avertis du blues (Organisateurs de festivals, Programmateurs, Agents d\u2019Artistes, M\u00e9dias, Musiciens \u2026) ce qui leur donne une saveur plus particuli\u00e8re aupr\u00e8s des personnes qui les re\u00e7oivent. Ils ont \u00e9t\u00e9 remis en public au cours de la soir\u00e9e Blues en C\u0153ur, un \u00e9v\u00e8nement caritatif organis\u00e9 par Toulouse Blues Society le 22 f\u00e9vrier 2026 au profit de l\u2019association de lutte contre la pr\u00e9carit\u00e9 \u00ab\u00a0Le Camion Douche\u00a0\u00bb<\/p>\r\n<p style=\"font-weight: 400;\">Pour cette deuxi\u00e8me \u00e9dition des France Blues Awards, cinq cat\u00e9gories ont \u00e9t\u00e9 propos\u00e9es :\u00a0<\/p>\r\n<h3 style=\"font-weight: 400; text-align: center;\">Album de l&rsquo;ann\u00e9e 2025<\/h3>\r\n<h2 style=\"font-weight: 400; text-align: center;\">Les nomin\u00e9s :<\/h2>\r\n<p style=\"font-weight: 400; text-align: center;\">Bernard Sellam &amp; The Boyz From The Hood : \u00ab\u00a0Barnyard Boogie\u00a0\u00bb<br \/>Cisco Herzhaft : \u00ab\u00a0Roots &amp; B4\u00a0\u00bb<br \/>Joharpo : \u00ab\u00a0Last Tides Of Magnolias\u00a0\u00bb<br \/>La Bedoune : \u00ab\u00a0Roue de Fortune\u00a0\u00bb<br \/>Leanwolf : \u00ab\u00a0Limbo\u00a0\u00bb<br \/>Lil\u2019 Magic Sam : \u00ab\u00a0Tired Out\u00a0\u00bb<br \/>Lil&rsquo;Red &amp; The Rooster : \u00ab\u00a07\u00a0\u00bb<br \/>The Blues Kid Combo : \u00ab\u00a0Gaston&rsquo;s Guitar\u00a0\u00bb<br \/>The Freaky Buds : \u00ab\u00a0Western Smoke\u00a0\u00bb<\/p>\r\n<h2 style=\"font-weight: 400; text-align: center;\">Le gagnant est :<\/h2>\r\n<h4 style=\"font-weight: 400; text-align: center;\"><span style=\"font-size: 14pt;\">La Bedoune : \u00ab\u00a0Roue de Fortune\u00a0\u00bb<\/span><\/h4>\r\n<center><center><img fetchpriority=\"high\" decoding=\"async\" class=\"size-medium wp-image-10701 align center\" src=\"https:\/\/franceblues.com\/wordpress\/wp-content\/uploads\/2025\/05\/CC-bedoune-300x300.jpg\" alt=\"\" width=\"300\" height=\"300\" srcset=\"https:\/\/franceblues.com\/wordpress\/wp-content\/uploads\/2025\/05\/CC-bedoune-300x300.jpg 300w, https:\/\/franceblues.com\/wordpress\/wp-content\/uploads\/2025\/05\/CC-bedoune-150x150.jpg 150w, https:\/\/franceblues.com\/wordpress\/wp-content\/uploads\/2025\/05\/CC-bedoune.jpg 400w\" sizes=\"(max-width: 300px) 100vw, 300px\" \/><\/center><\/center>\r\n<p style=\"font-weight: 400; text-align: center;\">\u00a0<\/p>\r\n<h3 style=\"font-weight: 400; text-align: center;\">Groupe de l&rsquo;ann\u00e9e<\/h3>\r\n<h2 style=\"font-weight: 400; text-align: center;\">Les nomin\u00e9s :<\/h2>\r\n<p style=\"font-weight: 400; text-align: center;\">Bernard Sellam &amp; The Boyz From The Hood<br \/>Charb-On<br \/>Jessie Lee &amp; The Alchemists<br \/>Joharpo<br \/>Lil&rsquo; Red &amp; The Rooster<br \/>Mazingo<br \/>Mountain Men<br \/>Nico Chona<br \/>Shaggy Dogs<br \/>The Freaky Buds<br \/>Tiger Rose<\/p>\r\n<h2 style=\"font-weight: 400; text-align: center;\">Le gagnant est :<\/h2>\r\n<h4 style=\"font-weight: 400; text-align: center;\"><span style=\"font-size: 14pt;\">Jessie Lee &amp; The Alchemists<\/span><\/h4>\r\n<h6 style=\"text-align: center;\"><img decoding=\"async\" class=\"aligncenter size-full wp-image-11300\" src=\"https:\/\/franceblues.com\/wordpress\/wp-content\/uploads\/2026\/02\/Jessie-Lee-and-the-alchemists-e1771684270218.jpg\" alt=\"\" width=\"470\" height=\"330\" \/>Photo (c) Eric Martin<\/h6>\r\n<h3>\u00a0<\/h3>\r\n<h3 style=\"font-weight: 400; text-align: center;\">Musicien de l&rsquo;ann\u00e9e<\/h3>\r\n<h2 style=\"font-weight: 400; text-align: center;\">Les nomin\u00e9s :<\/h2>\r\n<p style=\"font-weight: 400; text-align: center;\">Bobby Dirninger<br \/>Denis Agenet<br \/>Franck Goldwasser<br \/>Guillaume Destarac<br \/>Igor Pichon<br \/>Julien Boisseau<br \/>Miguel M<br \/>Nirek Mokar<br \/>Sylvain Tejerizo<\/p>\r\n<h2 style=\"font-weight: 400; text-align: center;\">Le gagnant est :<\/h2>\r\n<h4 style=\"font-weight: 400; text-align: center;\"><span style=\"font-size: 14pt;\">Miguel M<\/span><\/h4>\r\n<h6 style=\"text-align: center;\"><img decoding=\"async\" class=\"aligncenter size-full wp-image-11302\" src=\"https:\/\/franceblues.com\/wordpress\/wp-content\/uploads\/2026\/02\/miguelm.jpg\" alt=\"\" width=\"470\" height=\"313\" srcset=\"https:\/\/franceblues.com\/wordpress\/wp-content\/uploads\/2026\/02\/miguelm.jpg 470w, https:\/\/franceblues.com\/wordpress\/wp-content\/uploads\/2026\/02\/miguelm-300x200.jpg 300w\" sizes=\"(max-width: 470px) 100vw, 470px\" \/>(c) Yannick Enjalbert<\/h6>\r\n<h3>\u00a0<\/h3>\r\n<h3 style=\"font-weight: 400; text-align: center;\">Chanteur\/Chanteuse de l&rsquo;ann\u00e9e<\/h3>\r\n<h2 style=\"font-weight: 400; text-align: center;\">Les nomin\u00e9s :<\/h2>\r\n<p style=\"font-weight: 400; text-align: center;\">Arnaud Fradin<br \/>C\u00e9cile Perfetti<br \/>David Noel<br \/>Floriane Drune<br \/>Freddy Miller<br \/>Gladys Amoros<br \/>Lo\u00efs Morgan<br \/>Miguel M<br \/>Nico Wayne Toussaint<\/p>\r\n<h2 style=\"font-weight: 400; text-align: center;\">Le gagnant est :<\/h2>\r\n<h4 style=\"font-weight: 400; text-align: center;\"><span style=\"font-size: 14pt;\">C\u00e9cile Perfetti<\/span><\/h4>\r\n<h6 style=\"text-align: center;\"><img loading=\"lazy\" decoding=\"async\" class=\"aligncenter size-full wp-image-11305\" src=\"https:\/\/franceblues.com\/wordpress\/wp-content\/uploads\/2026\/02\/cecile.jpg\" alt=\"\" width=\"470\" height=\"264\" srcset=\"https:\/\/franceblues.com\/wordpress\/wp-content\/uploads\/2026\/02\/cecile.jpg 470w, https:\/\/franceblues.com\/wordpress\/wp-content\/uploads\/2026\/02\/cecile-300x169.jpg 300w\" sizes=\"(max-width: 470px) 100vw, 470px\" \/>(c) Bedoune Lab<\/h6>\r\n<p>&nbsp;<\/p>\r\n<h3 style=\"font-weight: 400; text-align: center;\">Artiste francophone de l&rsquo;ann\u00e9e<\/h3>\r\n<h2 style=\"font-weight: 400; text-align: center;\">Les nomin\u00e9s :<\/h2>\r\n<p style=\"text-align: center;\">Ady One Woman Band<br \/>Cadijo<br \/>Didier Marty<br \/>Etage 70<br \/>Je\ufb00 Toto<br \/>La Bedoune<br \/>Raoul Ficel<\/p>\r\n<h2 style=\"font-weight: 400; text-align: center;\">Le gagnant est :<\/h2>\r\n<h4 style=\"font-weight: 400; text-align: center;\"><span style=\"font-size: 14pt;\">La Bedoune<\/span><\/h4>\r\n<h6 style=\"text-align: center;\"><img loading=\"lazy\" decoding=\"async\" class=\"aligncenter size-full wp-image-11303\" src=\"https:\/\/franceblues.com\/wordpress\/wp-content\/uploads\/2026\/02\/3_La-Bedoune.jpg\" alt=\"\" width=\"470\" height=\"313\" srcset=\"https:\/\/franceblues.com\/wordpress\/wp-content\/uploads\/2026\/02\/3_La-Bedoune.jpg 470w, https:\/\/franceblues.com\/wordpress\/wp-content\/uploads\/2026\/02\/3_La-Bedoune-300x200.jpg 300w\" sizes=\"(max-width: 470px) 100vw, 470px\" \/>(c) Claire Quevy<\/h6>\r\n<p>&nbsp;<\/p>\r\n","protected":false},"excerpt":{"rendered":"<p>Les artistes r\u00e9cipiendaires de cette deuxi\u00e8me \u00e9dition des France Blues Awards ont \u00e9t\u00e9 d\u00e9sign\u00e9s par les votes des adh\u00e9rents de l\u2019Association France Blues auxquels s\u2019est ajout\u00e9 la \u00ab voix du public \u00bb recueillie par sondage sur les r\u00e9seaux sociaux. Les France Blues Awards sont ainsi une r\u00e9compense d\u00e9cern\u00e9e essentiellement par des professionnels et par des [&hellip;]<\/p>\n","protected":false},"author":2,"featured_media":0,"parent":0,"menu_order":0,"comment_status":"closed","ping_status":"closed","template":"","meta":{"footnotes":""},"class_list":["post-11286","page","type-page","status-publish","hentry"],"_links":{"self":[{"href":"https:\/\/franceblues.com\/index.php?rest_route=\/wp\/v2\/pages\/11286","targetHints":{"allow":["GET"]}}],"collection":[{"href":"https:\/\/franceblues.com\/index.php?rest_route=\/wp\/v2\/pages"}],"about":[{"href":"https:\/\/franceblues.com\/index.php?rest_route=\/wp\/v2\/types\/page"}],"author":[{"embeddable":true,"href":"https:\/\/franceblues.com\/index.php?rest_route=\/wp\/v2\/users\/2"}],"replies":[{"embeddable":true,"href":"https:\/\/franceblues.com\/index.php?rest_route=%2Fwp%2Fv2%2Fcomments&post=11286"}],"version-history":[{"count":17,"href":"https:\/\/franceblues.com\/index.php?rest_route=\/wp\/v2\/pages\/11286\/revisions"}],"predecessor-version":[{"id":11307,"href":"https:\/\/franceblues.com\/index.php?rest_route=\/wp\/v2\/pages\/11286\/revisions\/11307"}],"wp:attachment":[{"href":"https:\/\/franceblues.com\/index.php?rest_route=%2Fwp%2Fv2%2Fmedia&parent=11286"}],"curies":[{"name":"wp","href":"https:\/\/api.w.org\/{rel}","templated":true}]}}