{"id":10919,"date":"2025-08-28T12:21:39","date_gmt":"2025-08-28T12:21:39","guid":{"rendered":"https:\/\/franceblues.com\/?page_id=10919"},"modified":"2025-08-28T12:40:33","modified_gmt":"2025-08-28T12:40:33","slug":"little-stevens-blues-school","status":"publish","type":"page","link":"https:\/\/franceblues.com\/?page_id=10919","title":{"rendered":"Little Steven&rsquo;s Blues School"},"content":{"rendered":"\r\n<h4 style=\"text-align: justify;\">A la d\u00e9couverte de Notodden<\/h4>\r\n<p style=\"text-align: justify;\">Notodden est un immense festival de Blues qui existe depuis 1988, apr\u00e8s que la ville ait \u00e9t\u00e9 frapp\u00e9e de plein fouet par la crise de la m\u00e9tallurgie, sa principale ressource. De nombreuses \u0153uvres d\u2019art rappellent ce pass\u00e9 industriel. \u00c0 l\u2019origine, 13 passionn\u00e9s de Blues ont d\u00e9cid\u00e9 de cr\u00e9er ce festival, investissant de leur temps et de leur argent pour la premi\u00e8re \u00e9dition qui fut un succ\u00e8s, jamais d\u00e9menti depuis. En 1990, c\u2019est Jostein Forsberg, musicien et ancien m\u00e9tallo (ouvrier de la m\u00e9tallurgie), n\u00e9 et \u00e9lev\u00e9 \u00e0 Notodden, qui dirige le festival qui devient une ressource financi\u00e8re essentielle pour la ville.<\/p>\r\n<p><img fetchpriority=\"high\" decoding=\"async\" class=\"aligncenter wp-image-10928 size-full\" src=\"https:\/\/franceblues.com\/wordpress\/wp-content\/uploads\/2025\/08\/notbluesbok.jpeg\" alt=\"\" width=\"470\" height=\"313\" srcset=\"https:\/\/franceblues.com\/wordpress\/wp-content\/uploads\/2025\/08\/notbluesbok.jpeg 470w, https:\/\/franceblues.com\/wordpress\/wp-content\/uploads\/2025\/08\/notbluesbok-300x200.jpeg 300w\" sizes=\"(max-width: 470px) 100vw, 470px\" \/><\/p>\r\n<p style=\"text-align: justify;\">Notodden et son festival sont li\u00e9s \u00e0 tel point qu\u2019un magnifique b\u00e2timent, la Bok &amp; Blueshuset (Maison du livre et du Blues) a \u00e9t\u00e9 construit sur les bords du lac Heddalsvatnet, on y trouve la biblioth\u00e8que de la ville, mais aussi une collection de disques d\u00e9di\u00e9s au Blues, une librairie, un bar, un studio d\u2019enregistrement (Juke Joint Studio), une salle de concert, et des studios de r\u00e9p\u00e9tition. C\u2019est aussi le lieu d\u2019accueil d\u2019une partie de la Little Steven\u2019s Blues School, un stage de Blues d\u00e9di\u00e9 aux jeunes musiciens.<\/p>\r\n<h4 style=\"text-align: justify;\">La Little Steven\u2019s Blues School<\/h4>\r\n<p style=\"text-align: justify;\">Si la Little Steven\u2019s Blues School porte ce nom, qui est celui du guitariste du E-Street Band de Bruce Springsteen, c\u2019est que ce dernier, apr\u00e8s une visite du stage en 2015, a voulu participer \u00e0 la cause\u2026 Apr\u00e8s de nombreuses visites aux stagiaires, il a accept\u00e9 que le Blues Camp porte son nom, am\u00e9liorant ainsi sa notori\u00e9t\u00e9 internationale. Il a aussi permis la cr\u00e9ation d\u2019un deuxi\u00e8me parcours r\u00e9serv\u00e9 aux plus \u00e2g\u00e9s. La Little Steven\u2019s Blues School a re\u00e7u cette ann\u00e9e \u00e0 Memphis un Keeping the Blues Alive Award, une r\u00e9compense de la Blues Foundation pour celles et ceux qui d\u00e9fendent cette musique \u00e0 travers le monde.<\/p>\r\n<p style=\"text-align: justify;\">La Little Steven\u2019s Blues School existe depuis 1989, soit un an apr\u00e8s la cr\u00e9ation du festival, r\u00e9v\u00e9lant ainsi \u00e0 quel point la transmission fait partie de l\u2019ADN du Notodden Blues Festival. Elle permet \u00e0 de jeunes musiciens, de 13 \u00e0 26 ans, et venus de tous les horizons, de se faire les dents. Les jeunes sont s\u00e9par\u00e9s en deux groupes, le premier rassemblant les musiciens en herbe de 13 \u00e0 18 ans et le second ceux de 19 \u00e0 26 ans.<\/p>\r\n<h4 style=\"text-align: justify;\"><strong>Le Blues Camp 2 (19-26 ans)<\/strong><\/h4>\r\n<p style=\"text-align: justify;\">Partageant l\u2019h\u00e9bergement avec les plus \u00e2g\u00e9s, je suis t\u00e9moin de l\u2019engagement de toutes et tous et de la qualit\u00e9 de l\u2019encadrement. Assistant \u00e0 la pr\u00e9sentation du programme, apr\u00e8s deux ou trois morceaux jou\u00e9s par les enseignants devant les \u00e9l\u00e8ves ; force m\u2019est de constater que j\u2019aurais ador\u00e9 participer dans mes jeunes ann\u00e9es, d\u00e9sormais lointaines.<\/p>\r\n<p style=\"text-align: justify;\">Le programme propos\u00e9 aux plus \u00e2g\u00e9s : semaine de r\u00e9p\u00e9tition d\u2019une liste de 10 morceaux ou d\u2019autres morceaux choisis par les \u00e9tudiants, composition de chansons originales, enregistrement au Juke Joint Studio, des Masterclass avec John Primer, Bob Corritore et leurs musiciens, plusieurs concerts durant le festival, des jams et un pass pour assister aux concerts\u2026 Une certaine id\u00e9e du paradis musical !<\/p>\r\n<p><img decoding=\"async\" class=\"aligncenter size-full wp-image-10923\" src=\"https:\/\/franceblues.com\/wordpress\/wp-content\/uploads\/2025\/08\/not-repet2.jpeg\" alt=\"\" width=\"470\" height=\"313\" srcset=\"https:\/\/franceblues.com\/wordpress\/wp-content\/uploads\/2025\/08\/not-repet2.jpeg 470w, https:\/\/franceblues.com\/wordpress\/wp-content\/uploads\/2025\/08\/not-repet2-300x200.jpeg 300w\" sizes=\"(max-width: 470px) 100vw, 470px\" \/><\/p>\r\n<p style=\"text-align: justify;\">Pour l\u2019heure, les jeunes musiciens venus de Norv\u00e8ge, des \u00c9tats-Unis, mais aussi de Finlande, d\u2019Islande, du Portugal, de Croatie et de France prennent leurs marques. Mais ils sont d\u00e9j\u00e0 convaincus de vivre une exp\u00e9rience fantastique qui les marquera dans leur parcours personnel, que celui-ci soit musical ou non\u2026 Parmi ces \u00e9l\u00e8ves 4 ont \u00e9t\u00e9 accompagn\u00e9s par l\u2019EBU (European Blues Union) : Paavo Huttunen, de Finlande,\u00a0 Eduardo Vicente, du Portugal, Filip Paulo de Slovaquie et S\u00f6ren Foucher, de France, accompagn\u00e9 \u00e9galement par France Blues.<\/p>\r\n<p style=\"text-align: justify;\">Les stagiaires sont encadr\u00e9s par une \u00e9quipe qui est aux petits soins, men\u00e9e par Espen Fjelle, pour la partie p\u00e9dagogique et, pour l\u2019accueil et la logistique, par Kjersti Kamperhaug, la \u201cCamp Mama\u201d qui s\u2019assure que personne ne manque de rien, et que les apprentis bluesmen et blueswomen puissent vivre cette semaine dans les meilleures conditions possibles.<\/p>\r\n<p style=\"text-align: justify;\">L\u2019originalit\u00e9 de ce Blues Camp est que les jeunes participants ne sont pas regroup\u00e9s par instrument, mais bien par groupe (batterie, chant, guitare, basse, clavier, etc.). L\u2019essentiel de leur semaine de stage consiste donc \u00e0 jouer ensemble les morceaux propos\u00e9s, ou \u00e0 en composer d\u2019autres, pour les pr\u00e9senter sur sc\u00e8ne lors du festival. Et c\u2019est de l\u2019intensif : de 9h \u00e0 23h pour les plus jeunes (Bluescamp 1) et de 10h \u00e0 22h pour les autres (Blues Camp 2) !<\/p>\r\n<p style=\"text-align: justify;\">En plus des r\u00e9p\u00e9titions, chez les plus grands, les groupes ainsi form\u00e9s se voient proposer une session d\u2019enregistrement au Juke Joint Studio, dans les m\u00eames locaux, deux \u00e9tages plus bas, chaque groupe, \u00e0 tour de r\u00f4le, apprend ce que c\u2019est qu&rsquo;enregistrer dans des conditions professionnelles. Ici, la ma\u00eetresse des lieux, c\u2019est Elisabeth Moen Pettersen, qui forte d\u2019une belle exp\u00e9rience (elle a travaill\u00e9 avec Mike Zito, entre autres !), enregistre et enseigne les rudiments des techniques de studio aux stagiaires.<\/p>\r\n<p><img decoding=\"async\" class=\"aligncenter size-full wp-image-10929\" src=\"https:\/\/franceblues.com\/wordpress\/wp-content\/uploads\/2025\/08\/notstudio1.jpeg\" alt=\"\" width=\"470\" height=\"265\" srcset=\"https:\/\/franceblues.com\/wordpress\/wp-content\/uploads\/2025\/08\/notstudio1.jpeg 470w, https:\/\/franceblues.com\/wordpress\/wp-content\/uploads\/2025\/08\/notstudio1-300x169.jpeg 300w\" sizes=\"(max-width: 470px) 100vw, 470px\" \/><\/p>\r\n<p style=\"text-align: justify;\">Le Juke Joint Studio est un lieu magique, Seasick Steve y a enregistr\u00e9, et une grande partie de son mat\u00e9riel provient des studios Stax \u00e0 Memphis. Ce qui est \u00e9tonnant, c\u2019est que malgr\u00e9 l\u2019\u00e2ge relativement r\u00e9cent du studio (cr\u00e9\u00e9 en 2001), on ressent une atmosph\u00e8re \u201cRoots\u201d : l\u2019esprit du Blues souffle sur ces lieux ! Nul doute que pour une premi\u00e8re exp\u00e9rience de studio, il y a bien pire !<\/p>\r\n<p style=\"text-align: justify;\">Toute cette attention est mise au service de jeunes particuli\u00e8rement motiv\u00e9s et, m\u00eame si les niveaux peuvent \u00eatre diff\u00e9rents, l\u2019\u00e9mulation entra\u00eene tout le monde ! La musique n\u2019est pas une comp\u00e9tition, et, apr\u00e8s les avoir vu jouer ensemble, \u00e7a se confirme ! En revanche, chacun et chacune donnent le meilleur, et \u00e7a s\u2019entend.<\/p>\r\n<h4 style=\"text-align: justify;\"><strong>Passage chez les plus jeunes (Blues Camp 1)<\/strong><\/h4>\r\n<p style=\"text-align: justify;\">Apr\u00e8s avoir pass\u00e9 du temps avec les plus grands, o\u00f9 l\u2019ambiance est au perfectionnement et \u00e0 l\u2019ouverture vers la professionnalisation, direction le Blues Camp 1, dans une \u00e9cole de musique un peu en dehors de la ville, o\u00f9 je suis accueilli par le responsable du s\u00e9minaire, Audun Haukvik. Un homme passionn\u00e9 et passionnant, \u00e0 l\u2019image de toutes celles et ceux que j\u2019ai crois\u00e9 jusque-l\u00e0.<\/p>\r\n<p style=\"text-align: justify;\">Ici, le but est diff\u00e9rent du Blues Camp 2 : il s\u2019agit d\u2019enseigner \u00e9galement un savoir \u00eatre en plus d\u2019un savoir faire. Comme pour les a\u00een\u00e9s tout porte sur le jeu en groupe, l\u2019\u00e9quipe de 8 enseignants rassemble des personnes qui ont \u00e0 c\u0153ur de transmettre avec, et il n\u2019est pas exag\u00e9r\u00e9 d\u2019utiliser ce mot ici, bienveillance.<\/p>\r\n<p style=\"text-align: justify;\">Pour Audun, le Blues Camp est ce qu\u2019il y a de plus important dans le festival, car cela repr\u00e9sente le futur et la transmission. Et la bienveillance n&rsquo;exclut pas la rigueur, d\u2019ailleurs, il en faut pour g\u00e9rer une quarantaine d\u2019adolescents !<\/p>\r\n<p><img loading=\"lazy\" decoding=\"async\" class=\"aligncenter size-full wp-image-10926\" src=\"https:\/\/franceblues.com\/wordpress\/wp-content\/uploads\/2025\/08\/not-young.jpeg\" alt=\"\" width=\"470\" height=\"265\" srcset=\"https:\/\/franceblues.com\/wordpress\/wp-content\/uploads\/2025\/08\/not-young.jpeg 470w, https:\/\/franceblues.com\/wordpress\/wp-content\/uploads\/2025\/08\/not-young-300x169.jpeg 300w\" sizes=\"(max-width: 470px) 100vw, 470px\" \/><\/p>\r\n<p style=\"text-align: justify;\">Les \u00e9l\u00e8ves sont r\u00e9partis en diff\u00e9rents groupes, avec, en plus, un groupe de cuivres, trois pour \u00eatre pr\u00e9cis, qui ont pour t\u00e2che d\u2019accompagner les autres groupes. Les diff\u00e9rences d\u2019\u00e2ge font que les niveaux sont h\u00e9t\u00e9rog\u00e8nes, mais l\u00e0 n\u2019est pas l\u2019essentiel. Dans ce Blues Camp 1, chaque \u00e9l\u00e8ve apprend le jeu en groupe et la n\u00e9cessit\u00e9 de s\u2019\u00e9couter. Les instructeurs, un par groupe, sont l\u00e0 pour les y aider, et, m\u00eame s\u2019ils ont des personnalit\u00e9s diff\u00e9rentes, ils sont tous guid\u00e9s par la passion de transmettre.<\/p>\r\n<p style=\"text-align: justify;\">C\u2019est un vrai bonheur de passer de salle en salle et d\u2019assister aux r\u00e9p\u00e9titions, et de voir ces ados et jeunes adultes prendre autant de plaisir. Et n\u2019allez pas croire pour autant que les morceaux propos\u00e9s sont faciles, c\u2019est un vrai exploit que de r\u00e9ussir \u00e0 jouer \u201cStill got the Blues\u201d de Gary Moore en une semaine, que ce soit \u00e0 cet \u00e2ge ou plus vieux. Le Blues Camp 1 est aussi exigeant que le Blues Camp 2.<\/p>\r\n<p style=\"text-align: justify;\">Pour finir, j\u2019ai pu assister \u00e0 une r\u00e9p\u00e9tition d\u2019\u00e9l\u00e8ves avanc\u00e9s qui vont ouvrir le festival, avec une reprise de \u201cI\u2019d rather go blind\u201d d\u2019Etta James, et j\u2019ai pu mesurer ce niveau d&rsquo;exigence mais aussi le plaisir que prennent les jeunes \u00e0 jouer. Audun et sa bande leur donnent les cl\u00e9s pour jouer sur sc\u00e8ne : comment se placer, comment bouger, regarder\u2026<\/p>\r\n<p style=\"text-align: justify;\">Et, si les plus jeunes ont eux aussi assist\u00e9 \u00e0 la masterclass de John Primer et Bob Corritore, ils ont \u00e9galement eu droit \u00e0 celle de Harrell \u201cYoung Rell\u201d Davenport, une jeune \u00e9toile montante du Blues de 18 ans, ce qui a donn\u00e9 lieu \u00e0 de beaux \u00e9changes avec un grand musicien en devenir de leur g\u00e9n\u00e9ration.<\/p>\r\n<h4 style=\"text-align: justify;\"><strong>Le temps des concerts<\/strong><\/h4>\r\n<p style=\"text-align: justify;\">La s\u00e9lection des jeunes stagiaires participe \u00e0 l\u2019ouverture du festival le jeudi soir, partageant la sc\u00e8ne avec, entre autres, John Primer et Bob Corritore. Une magnifique prestation sous l\u2019\u0153il \u00e9mu de leurs professeurs devant plusieurs milliers de spectateurs.<\/p>\r\n<p style=\"text-align: justify;\">La veille au soir, sur la sc\u00e8ne de la Maison du Blues, leurs a\u00een\u00e9s ont eux aussi propos\u00e9 des prestations exceptionnelles, avec des \u201cimpos\u00e9s\u201d, des reprises de grands classiques, comme \u201cStormy Monday\u201d, mais aussi des compositions de leurs crus. Le talent est pr\u00e9sent \u00e0 n\u2019en pas douter ! Mention sp\u00e9ciale pour les improvisations de Pavo Huttuden, le jeune Finlandais au saxophone, et Otto Junior, une jeune guitariste de 19 ans qui repr\u00e9sente sans aucun doute l\u2019avenir du Blues en Norv\u00e8ge. Ces deux-l\u00e0 se sont bien trouv\u00e9s.<\/p>\r\n<p><img loading=\"lazy\" decoding=\"async\" class=\"aligncenter size-full wp-image-10922\" src=\"https:\/\/franceblues.com\/wordpress\/wp-content\/uploads\/2025\/08\/not1-concerts.jpeg\" alt=\"\" width=\"470\" height=\"265\" srcset=\"https:\/\/franceblues.com\/wordpress\/wp-content\/uploads\/2025\/08\/not1-concerts.jpeg 470w, https:\/\/franceblues.com\/wordpress\/wp-content\/uploads\/2025\/08\/not1-concerts-300x169.jpeg 300w\" sizes=\"(max-width: 470px) 100vw, 470px\" \/><\/p>\r\n<p>&nbsp;<\/p>\r\n<p style=\"text-align: justify;\">Les groupes \u00e9ph\u00e9m\u00e8res des stagiaires se produiront deux fois durant le festival : une fois le jeudi soir au Bellmann Kulturpub, o\u00f9 ils ont rencontr\u00e9 un succ\u00e8s amplement m\u00e9rit\u00e9 dans un pub plein \u00e0 craquer remplit d&rsquo;aficionados, puis le lendemain sur la sc\u00e8ne jeune du festival situ\u00e9e \u00e0 l\u2019entr\u00e9e du Hovis Hangar, la sc\u00e8ne principale, faisant, l\u00e0 encore, un carton plein.<\/p>\r\n<p style=\"text-align: justify;\">Jeudi matin, nous avons aussi eu la chance d\u2019entendre le r\u00e9sultat des sessions d\u2019enregistrement au Juke Joint Studio, la qualit\u00e9 des morceaux allait de paire avec celle du travail r\u00e9alis\u00e9 par Elisabeth Moen Pettersen. Un r\u00e9sultat proprement bluffant, d\u2019ailleurs les sourires des stagiaires en disaient long sur leurs sentiments\u2026<\/p>\r\n<p style=\"text-align: justify;\">Le samedi, ce sont les juniors qui se sont produits sur la sc\u00e8ne \u201cjeunes\u201d devant un public fourni, et ils y ont rencontr\u00e9 le m\u00eame succ\u00e8s que leurs a\u00een\u00e9s. Les prestations des plus jeunes, d\u2019une grande qualit\u00e9, d\u00e9montrent, outre le talent des interpr\u00e8tes, celui \u00e9galement des leurs professeurs qui ont su tirer le meilleur de ces jeunes pousses. Le final, sous une pluie battante, rassemblant tout le monde \u00e9tait \u00e9minemment symbolique \u201cWith a little help from my friends\u201d, version Joe Cocker, fut un moment particuli\u00e8rement \u00e9mouvant tant on pouvait sentir le plaisir et le bonheur que ces musiciens en herbe ont pu partager durant cette semaine de stage.<\/p>\r\n<p style=\"text-align: justify;\">Que dire pour conclure ? Que les stagiaires ont v\u00e9cu une semaine fabuleuse au sein de la Little Steven Blues School. Qu\u2019il s\u2019agit d\u2019une exp\u00e9rience exceptionnelle pour chacun d\u2019entre eux : ils sont pris en main pour donner le meilleur d\u2019eux-m\u00eames. Que ce soit avec Audun Haukvik et son \u00e9quipe de professeurs anim\u00e9s d\u2019une passion d\u00e9bordante pour les plus jeunes, ou avec Espen Fjelle et sa magnifique \u00e9quipe de b\u00e9n\u00e9voles pour les plus \u00e2g\u00e9s, on sent un projet, une continuit\u00e9 entre les deux camps qui peut guider les plus motiv\u00e9s vers la professionnalisation. C\u2019est une formidable d\u00e9marche. Mais l\u2019essentiel est ailleurs : les jeunes discutent, \u00e9changent, partagent autour d\u2019un amour pour une musique commune, se faisant d\u00e9couvrir des artistes ; certains sont d\u00e9j\u00e0 de vieux briscards, y compris chez les 13-18 ans, d\u2019autres sont plus h\u00e9sitants. Pour un amoureux du Blues tel que moi, soucieux de la transmission, ce fut un v\u00e9ritable bonheur que de vivre cette semaine.<\/p>\r\n<p style=\"text-align: justify;\"><em>Texte &amp; photos par Christian Foucher<\/em><\/p>\r\n<p style=\"text-align: justify;\">\u00a0<\/p>\r\n","protected":false},"excerpt":{"rendered":"<p>A la d\u00e9couverte de Notodden Notodden est un immense festival de Blues qui existe depuis 1988, apr\u00e8s que la ville ait \u00e9t\u00e9 frapp\u00e9e de plein fouet par la crise de la m\u00e9tallurgie, sa principale ressource. De nombreuses \u0153uvres d\u2019art rappellent ce pass\u00e9 industriel. \u00c0 l\u2019origine, 13 passionn\u00e9s de Blues ont d\u00e9cid\u00e9 de cr\u00e9er ce festival, [&hellip;]<\/p>\n","protected":false},"author":2,"featured_media":0,"parent":0,"menu_order":0,"comment_status":"closed","ping_status":"closed","template":"","meta":{"footnotes":""},"class_list":["post-10919","page","type-page","status-publish","hentry"],"_links":{"self":[{"href":"https:\/\/franceblues.com\/index.php?rest_route=\/wp\/v2\/pages\/10919","targetHints":{"allow":["GET"]}}],"collection":[{"href":"https:\/\/franceblues.com\/index.php?rest_route=\/wp\/v2\/pages"}],"about":[{"href":"https:\/\/franceblues.com\/index.php?rest_route=\/wp\/v2\/types\/page"}],"author":[{"embeddable":true,"href":"https:\/\/franceblues.com\/index.php?rest_route=\/wp\/v2\/users\/2"}],"replies":[{"embeddable":true,"href":"https:\/\/franceblues.com\/index.php?rest_route=%2Fwp%2Fv2%2Fcomments&post=10919"}],"version-history":[{"count":3,"href":"https:\/\/franceblues.com\/index.php?rest_route=\/wp\/v2\/pages\/10919\/revisions"}],"predecessor-version":[{"id":10930,"href":"https:\/\/franceblues.com\/index.php?rest_route=\/wp\/v2\/pages\/10919\/revisions\/10930"}],"wp:attachment":[{"href":"https:\/\/franceblues.com\/index.php?rest_route=%2Fwp%2Fv2%2Fmedia&parent=10919"}],"curies":[{"name":"wp","href":"https:\/\/api.w.org\/{rel}","templated":true}]}}