{"id":10208,"date":"2024-10-11T15:48:45","date_gmt":"2024-10-11T15:48:45","guid":{"rendered":"https:\/\/franceblues.com\/?page_id=10208"},"modified":"2024-10-11T15:48:45","modified_gmt":"2024-10-11T15:48:45","slug":"blues-hall-of-fame-2024-franck-l-goldwasser","status":"publish","type":"page","link":"https:\/\/franceblues.com\/?page_id=10208","title":{"rendered":"Blues Hall Of Fame \u2013 2024 \u2013 Franck L. Goldwasser"},"content":{"rendered":"<p style=\"font-weight: 400; text-align: justify;\"><img fetchpriority=\"high\" decoding=\"async\" class=\"alignleft size-full wp-image-10216\" src=\"https:\/\/franceblues.com\/wordpress\/wp-content\/uploads\/2024\/10\/goldwasser-e1728660823160.webp\" alt=\"\" width=\"250\" height=\"307\" \/>Autrefois connu sur le circuit blues sous le nom de \u00ab\u00a0Paris Slim\u00a0\u00bb, Franck L. Goldwasser est n\u00e9 et a grandi \u00e0 Paris dans les ann\u00e9es 1960 et a \u00e9tudi\u00e9 les beaux-arts avant de d\u00e9m\u00e9nager \u00e0 Oakland, en Californie, en 1983.<\/p>\r\n<p style=\"font-weight: 400; text-align: justify;\">Guitariste et chanteur autodidacte, Goldwasser a commenc\u00e9 \u00e0 \u00e9tudier les enregistrements d&rsquo;Elmore James, B.B. King et T- Bone Walker \u00e0 l&rsquo;\u00e2ge de 16 ans. En 1978, la premi\u00e8re apparition publique de Goldwasser le voit jouer avec le c\u00e9l\u00e8bre harmoniciste Sugar Blue (celui qui joue sur \u00ab\u00a0Miss You\u00a0\u00bb des Rolling Stones), alors r\u00e9sident parisien. Acqu\u00e9rant de l&rsquo;exp\u00e9rience en se produisant avec des bluesmen am\u00e9ricains en visite tels que Luther Allison, George Smith, Jimmy Dawkins et Phillip Walker, Goldwasser d\u00e9croche ses premiers concerts professionnels en tant que guitariste pour son idole, le bluesman californien Sonny Rhodes.<\/p>\r\n<p style=\"font-weight: 400; text-align: justify;\">Suite \u00e0 l&rsquo;invitation de Rhodes \u00e0 venir en Californie, le Fran\u00e7ais passe trois mois \u00e0 Oakland et \u00e0 Los Angeles en 1981, rencontrant et jouant avec Big Mama Thornton, Smokey Wilson, Lowell Fulson, Frankie Lee, Mark Naftalin, Buddy Ace, Troyce Key et J.J. Malone, Cool Papa et Mark Hummel, tout en documentant la sc\u00e8ne blues de la c\u00f4te ouest pour le magazine de musique fran\u00e7ais Soul Bag.<\/p>\r\n<p style=\"font-weight: 400; text-align: justify;\">Apr\u00e8s avoir d\u00e9m\u00e9nag\u00e9 d\u00e9finitivement dans la r\u00e9gion de San Francisco en juin 1983, Franck Goldwasser se plonge dans la sc\u00e8ne blues, alors tr\u00e8s dynamique, de l&rsquo;East Bay, d\u00e9crochant rapidement un emploi dans le groupe du chanteur-guitariste Troyce Key. Tout en jouant tous les week-ends au c\u00e9l\u00e8bre club Eli Mile High, il perfectionne ses comp\u00e9tences en travaillant aux c\u00f4t\u00e9s des titans du blues de la c\u00f4te ouest que sont Percy Mayfield, Lowell Fulson et Jimmy McCracklin, ainsi qu&rsquo;avec les sommit\u00e9s du blues de la Bay Area, Omar \u00ab\u00a0The Magnificient\u00a0\u00bb Shariff, Johnny Heartsman, Ron Thompson et Elvin Bishop.<\/p>\r\n<p style=\"font-weight: 400; text-align: justify;\">Encadr\u00e9 par le propri\u00e9taire du Eli Mile Hi Club, Troyce Key, Goldwasser forme son propre groupe, qui devient le House Band lorsque Key s\u2019accorde une pause d&rsquo;un an. Paris Slim (Key lui a donn\u00e9 ce surnom) sort son premier disque sur le label Backtrack de San Francisco en 1985, un 45-Tours avec une interpr\u00e9tation entra\u00eenante de \u00ab\u00a0Guitar Shuffle\u00a0\u00bb de Lowell Fulson, qui devient rapidement un incontournable dans le juke-box de nombreux bars locaux, et appara\u00eet au festival San Francisco Blues la m\u00eame ann\u00e9e.<\/p>\r\n\r\n<h6 style=\"text-align: center;\"><img decoding=\"async\" class=\"aligncenter size-full wp-image-10217\" src=\"https:\/\/franceblues.com\/wordpress\/wp-content\/uploads\/2024\/10\/lowell.jpg\" alt=\"\" width=\"346\" height=\"289\" srcset=\"https:\/\/franceblues.com\/wordpress\/wp-content\/uploads\/2024\/10\/lowell.jpg 346w, https:\/\/franceblues.com\/wordpress\/wp-content\/uploads\/2024\/10\/lowell-300x251.jpg 300w\" sizes=\"(max-width: 346px) 100vw, 346px\" \/>Sur sc\u00e8ne avec Lowell Fulson (1984)<\/h6>\r\n<p style=\"font-weight: 400; text-align: justify;\">Des articles dans la presse musicale locale suivent, y compris des reportages dans l&rsquo;East Bay Express, le Bay Guardian et le San Francisco Chronicle. \u00c9crivant dans l&rsquo;East Bay Express, le journaliste musical et historien Lee Hildebrand a d\u00e9clar\u00e9 : \u00ab\u00a0Avec une sensibilit\u00e9 extr\u00eame et une connaissance approfondie de son sujet, Paris Slim est l&rsquo;un des artistes de blues les plus impressionnants \u00e0 avoir \u00e9merg\u00e9 sur la sc\u00e8ne blues de la Bay Area depuis un certain temps\u00a0\u00bb.<\/p>\r\n<p style=\"font-weight: 400; text-align: justify;\">Lors d&rsquo;un spectacle au th\u00e9\u00e2tre Victoria de San Francisco, le groupe de Goldwasser accompagne le bluesman californien Pee Wee Crayton pour sa toute derni\u00e8re performance dans la ville. De 1986 \u00e0 1989, Goldwasser occupe le poste de guitariste dans le groupe de Jimmy McCracklin.<\/p>\r\n<p style=\"font-weight: 400; text-align: justify;\">Le premier album de Paris Slim est sorti en 1989 sur le label belge Blue Sting. Avec une distribution stellaire de certains des meilleurs sidemen de la Bay Area, y compris les membres du groupe Robert Cray, Jim Pugh, Karl Sevareid et Tim Kaihatsu, le clavi\u00e9riste d\u2019Etta James, Dave Matthews, et le guitariste Bobby Murray, Little Charlie et les Nightcats, Rick Estrin, le batteur de Commander Cody, Lance Dickerson, et la l\u00e9gende du sax alto, Earl \u00ab\u00a0Good Rockin&rsquo; Brown. \u00ab\u00a0Blues For Esther\u00a0\u00bb est nomin\u00e9 pour un W.C. Handy Award dans la cat\u00e9gorie meilleur album de l&rsquo;ann\u00e9e en 1989. Une tourn\u00e9e europ\u00e9enne suit, culminant \u00e0 l&rsquo;Albi Blues Festival o\u00f9 le groupe Paris Slim soutient Philip Walker et Joe Houston.<\/p>\r\n<p style=\"font-weight: 400; text-align: justify;\">Lorsque le guitariste Kaihatsu quitte son club habituel pour organiser la Blue Monday Party dans le club le plus en vue de Berkeley, Larry Blake, pour rejoindre le Robert Cray Band, demande \u00e0 Goldwasser de prendre la place de guitariste aux c\u00f4t\u00e9s de l\u2019harmoniciste Mark Hummel. En tant que membre du House Band de Blake, Goldwasser jouera avec les musiciens les plus prestigieux de la Bay Area, notamment Linda Tillery, Luther Tucker, Tracy Nelson, Norton Buffalo, Nick Gravenites et Charlie Musselwhite.<\/p>\r\n\r\n<h6 style=\"text-align: center;\"><img decoding=\"async\" class=\"aligncenter size-full wp-image-10215\" src=\"https:\/\/franceblues.com\/wordpress\/wp-content\/uploads\/2024\/10\/goldrobillard.jpg\" alt=\"\" width=\"470\" height=\"314\" srcset=\"https:\/\/franceblues.com\/wordpress\/wp-content\/uploads\/2024\/10\/goldrobillard.jpg 470w, https:\/\/franceblues.com\/wordpress\/wp-content\/uploads\/2024\/10\/goldrobillard-300x200.jpg 300w\" sizes=\"(max-width: 470px) 100vw, 470px\" \/>Avec Duke Robillard et Tim Kaihatsu chez Larry Blake (1985)<\/h6>\r\n<p style=\"font-weight: 400; text-align: justify;\">Des prestations avec Musselwhite ainsi qu\u2019avec les plus grands artistes du Nord de la Californie, Gary Smith, Nick Gravenites, Bobby Reed, Johnny Nitro, Mitch Woods et Terry Hank suivent. Sideman recherch\u00e9 pour les artistes de passage, Paris Slim jouera de la guitare pour A.C. Reed, Jerry McCain, James Harman, Mojo Buford, Sunnyland Slim, Philip Walker et Big Jack Johnson. Goldwasser est invit\u00e9 \u00e0 remplacer le regrett\u00e9 Mike Bloomfield en tant que guitariste principal lors d&rsquo;une r\u00e9union historique de The Electric Flag en septembre 1989. En compagnie des membres originaux Nick Gravenites, Barry Goldberg, Harvey Brooks et le batteur du Blues Project, Roy Blumenfeld, le groupe est la t\u00eate d\u2019affiche d&rsquo;un spectacle en l\u2019honneur du 20<sup>\u00e8me<\/sup> anniversaire de Woodstock \u00e0 Lancaster, en Californie.<\/p>\r\n<p style=\"font-weight: 400; text-align: justify;\">Tout au long des ann\u00e9es 1990, Paris Slim appara\u00eet dans des festivals tels que le Rose City Blues Festival (Portland, Oregon), l&rsquo;Oakland Arts Explosion, le Mount Baker Blues Festival (Washington), le Sacramento Blues Festival et le Monterrey Jazz and Blues Festival.<\/p>\r\n<p style=\"font-weight: 400; text-align: justify;\">Un album propos\u00e9 uniquement sur cassette, \u00ab\u00a0An Oakland Blues Band\u00a0\u00bb, est sorti en 1993, suivi de \u00ab\u00a0Bleedin&rsquo; Heart\u00a0\u00bb en 1996, sur le label Globe, bas\u00e9 \u00e0 San Francisco, produit par Joe Louis Walker et avec des invit\u00e9s comme Walker lui-m\u00eame, ainsi que de Sonny Rhodes.<\/p>\r\n<p style=\"font-weight: 400; text-align: justify;\">Pour le label Mountain Top, Franck Goldwasser produit et joue sur plusieurs albums avec Fillmore Slim, R.J. Mischo et Gary Smith, tout en apparaissant dans diverses vid\u00e9os p\u00e9dagogiques. Apr\u00e8s un passage d&rsquo;un an avec le groupe de soul-rock de San Francisco, les Dynatones, Franck Goldwasser d\u00e9m\u00e9nage en Californie du Sud en 1998. Il appara\u00eet r\u00e9guli\u00e8rement avec Kim Wilson, Roy Gaines, Mitch Kashmar et Arthur Adams.<\/p>\r\n<p style=\"font-weight: 400; text-align: justify;\">Engag\u00e9 par le batteur-producteur bas\u00e9 \u00e0 Fresno, Chris Millar, Franck appara\u00eet sur de nombreuses productions de Fedora Records, y compris sur des albums de Hosea Leavey, Harmonica Slim, Fillmore Slim, Jessie Thomas, Iceman Robinson, Tommy Bankhead, Byther Smith et Jimmy Dawkins.<\/p>\r\n\r\n<h6 style=\"text-align: center;\"><img loading=\"lazy\" decoding=\"async\" class=\"aligncenter size-full wp-image-10214\" src=\"https:\/\/franceblues.com\/wordpress\/wp-content\/uploads\/2024\/10\/fgharman.jpg\" alt=\"\" width=\"470\" height=\"634\" srcset=\"https:\/\/franceblues.com\/wordpress\/wp-content\/uploads\/2024\/10\/fgharman.jpg 470w, https:\/\/franceblues.com\/wordpress\/wp-content\/uploads\/2024\/10\/fgharman-222x300.jpg 222w\" sizes=\"(max-width: 470px) 100vw, 470px\" \/>Avec James Harman au Aladdin Theater \u00e0 Portland<\/h6>\r\n<p style=\"font-weight: 400; text-align: justify;\">Goldwasser fait une tourn\u00e9e en Europe au d\u00e9but des ann\u00e9es 2000 avec Jimmy Dawkins, Clay Hammond, John Weston, Homesick James, J.J. Malone, Iceman Robinson, Little Arthur Duncan et Big Jack Johnson tout en travaillant au Mount Baker Blues Festival (Washington) avec Pinetop Perkins, Hubert Sumlin, Rusty Zinn et Willie \u00ab\u00a0Big Eye\u00a0\u00bb Smith.<\/p>\r\n<p style=\"font-weight: 400; text-align: justify;\">De retour en Californie, il forme le groupe Blisterstring avec Chris Millar et enregistre l&rsquo;album \u00ab\u00a0The Highway Is Like A Woman\u00a0\u00bb. Au festival \u00ab\u00a0Bowlful of Blues\u00a0\u00bb \u00e0 Ojai, en Californie, Franck accompagne le l\u00e9gendaire chanteur-harmoniciste de Chicago, Billy Boy Arnold, et le chanteur Finis Tasby. Le producteur de musique et de cin\u00e9ma de Los Angeles Rand Chortkoff, qui est pr\u00e9sent, en prend note et propose d&rsquo;enregistrer Goldwasser. L&rsquo;album \u00ab\u00a0Bluju\u00a0\u00bb est la premi\u00e8re sortie du vaste et c\u00e9l\u00e8bre catalogue de Delta Groove Records, suivi en 2002 de sa r\u00e9\u00e9dition europ\u00e9enne sur le prestigieux label allemand Crosscut. Compos\u00e9 principalement de mat\u00e9riel original et mettant en vedette Phillip Walker, J.J. Malone et le percussionniste libanais vedette Souhail Kaspar (Sting, Kronos Quartet), l&rsquo;album re\u00e7oit des \u00e9loges de la presse pour avoir su rester dans la tradition du blues tout en explorant des territoires inconnus.<\/p>\r\n<p style=\"font-weight: 400; text-align: justify;\">L&rsquo;association de Chortkoff et Goldwasser se traduira par des tourn\u00e9es avec Billy Boy Arnold et la l\u00e9gende de la guitare blues de Chicago, Jody Williams, ainsi qu&rsquo;\u00e0 une prestation au Waterfront Blues Festival de Portland devant une foule de 30.000 personnes le 4 juillet 2004, tout en \u00e9tant finalement le catalyseur de la formation de The Mannish Boys.<\/p>\r\n<p style=\"font-weight: 400; text-align: justify;\">Avec la formation initiale du chanteur Finis Tasby et du chanteur et harmoniciste Johnnie Dyer, des guitaristes Kirk Fletcher, Kid Ramos et Franck Goldwasser, du pianiste Leon Blue, du batteur Richard Innes et du bassiste Ronnie James, les Mannish Boys ont un impact imm\u00e9diat sur la sc\u00e8ne blues internationale, se pr\u00e9sentant lors de festivals et de concerts aux \u00c9tats-Unis, au Canada, en Europe, au Liban, au Mexique et au Br\u00e9sil.<\/p>\r\n<p style=\"font-weight: 400; text-align: justify;\">Avec ses compagnons de longue date, l\u2019harmoniciste R.J. Mischo et Steve Freund, v\u00e9t\u00e9ran de la sc\u00e8ne blues de Chicago \u00e0 la guitare, le groupe Down Home Super Trio est r\u00e9uni pour une apparition exclusive au Spring Blues Festival \u00e0 Ecaussinnes, en Belgique, rapidement suivi d&rsquo;une place en t\u00eate d&rsquo;affiche au Lucerne Blues Festival en novembre 2004. L&rsquo;ensemble, qui met en vedette les guitaristes invit\u00e9s Billy Flynn et Alex Schultz, est enregistr\u00e9 et publi\u00e9 par le label Crosscut \u00e0 la fois sous la forme d&rsquo;album et de DVD. De retour en Californie, Goldwasser s&rsquo;associe au guitariste de blues rock de Santa Barbara Alastair Greene pour un CD sorti ind\u00e9pendamment, \u00ab\u00a0Franck Goldwasser with the Alastair Greene Band\u00a0\u00bb.<\/p>\r\n\r\n<h6 style=\"text-align: center;\"><img loading=\"lazy\" decoding=\"async\" class=\"aligncenter size-full wp-image-10213\" src=\"https:\/\/franceblues.com\/wordpress\/wp-content\/uploads\/2024\/10\/dhtrio.jpg\" alt=\"\" width=\"470\" height=\"345\" srcset=\"https:\/\/franceblues.com\/wordpress\/wp-content\/uploads\/2024\/10\/dhtrio.jpg 470w, https:\/\/franceblues.com\/wordpress\/wp-content\/uploads\/2024\/10\/dhtrio-300x220.jpg 300w\" sizes=\"(max-width: 470px) 100vw, 470px\" \/>Le Down Home Super Trio avec R.J. Mischo et Steve Freund<\/h6>\r\n<p style=\"font-weight: 400; text-align: justify;\">Apr\u00e8s une interruption de six mois pass\u00e9e \u00e0 Paris, Franck Goldwasser d\u00e9m\u00e9nage \u00e0 Portland, en Oregon, en 2005. Embrass\u00e9 par la communaut\u00e9 blues d\u00e9vou\u00e9e et solidaire de Rose City, Franck est honor\u00e9 par un article de dix pages dans les Blues Notes de Cascade Blues Association, \u00e9crit par le pr\u00e9sident Greg Johnson. Des apparitions avec le Paul Delay Band, Bill Rhoades and the Party Kings, D.K. Stewart, Jim Wallace et Lloyd Jones suivent.<\/p>\r\n<p style=\"font-weight: 400; text-align: justify;\">Apparaissant r\u00e9guli\u00e8rement au Waterfront Blues Festival, Goldwasser est invit\u00e9 \u00e0 des sessions impromptues avec le l\u00e9gendaire harmoniciste James Cotton et Dave Gonzales de Paladin. Une collaboration avec les stars de l&rsquo;Oregon Big Monti Amundson, Henry Cooper et le batteur Boyd Small, conduit \u00e0 la formation des Sultans of Slide et \u00e0 la sortie de l&rsquo;album \u00ab\u00a0Lightnin&rsquo; Strikes\u00a0\u00bb. Lors d&rsquo;une tourn\u00e9e aux Pays-Bas en 2006, Franck enregistre l&rsquo;album \u00ab\u00a0Can&rsquo;t Raise Me\u00a0\u00bb pour le label n\u00e9erlandais Continental, qui met en vedette le d\u00e9funt pianiste des Blasters et des Fabulous Thunderbirds, Gene Taylor. Le travail de session permettra \u00e0 Goldwasser d\u2019apparaitre sur les albums de Bobby Jones, Sugaray Rayford et R.J. Mischo.<\/p>\r\n<p style=\"font-weight: 400; text-align: justify;\">Lors de la Legendary Blues Cruise avec les Mannish Boys en 2010, Franck est invit\u00e9 sur l&rsquo;album \u00ab\u00a0Live On The Legendary Blues Cruise\u00a0\u00bb de Joe Louis Walker aux c\u00f4t\u00e9s de Nick Moss et Jason Ricci. En tant que membre du groupe Curtis Salgado, Goldwasser fait de nombreuses tourn\u00e9es aux \u00c9tats-Unis et au Canada en 2011-2012 et en tant que guitariste principal sur le morceau \u00ab\u00a0Strung Out\u00a0\u00bb, Goldwasser est honor\u00e9 par la Blues Foundation alors que Salgado remporte le prix de l\u2019album de l&rsquo;ann\u00e9e pour sa sortie en 2012 de \u00ab\u00a0Soul Shot\u00a0\u00bb chez Alligator Records. Simultan\u00e9ment, les Mannish Boys sont r\u00e9compens\u00e9s en tant que groupe de blues traditionnel de l&rsquo;ann\u00e9e.<\/p>\r\n<p style=\"font-weight: 400; text-align: justify;\">Apr\u00e8s \u00eatre retourn\u00e9 dans la r\u00e9gion de Santa Barbara en 2012, Franck revient \u00e0 Portland et forme le groupe hommage \u00e0 T-Bone Walker, The Bonepickers, qui appara\u00eet au Waterfront Blues Festival et sort un CD, \u00ab\u00a0Bone Pickin'\u00a0\u00bb, en 2015. Goldwasser retourne en Europe en 2018 pour une tourn\u00e9e avec l\u2019harmoniciste n\u00e9erlandais Big Pete qui culmine avec une apparition au Moulin Blues Festival d&rsquo;Ospel aux Pays-Bas. De retour en Californie, Franck joue localement et sur la route avec Hot Roux, les R&amp;B Bombers et R.J. Mischo. 2020 voit la sortie de \u00ab\u00a0Sweet Little Black Spider\u00a0\u00bb, un double album produit par Kid Andersen qui pr\u00e9sente en bonne place des spoken words ainsi que des compositions musicales originales de Goldwasser, y compris \u00ab\u00a0Tyranny Is Rising\u00a0\u00bb, politiquement engag\u00e9, qui recueille de nombreux \u00e9loges aux \u00c9tats-Unis et \u00e0 l&rsquo;\u00e9tranger. Un album compos\u00e9 de mat\u00e9riel enregistr\u00e9 en 1998 et 1999, \u00ab\u00a0Going Back To Paris\u00a0\u00bb, est sorti en 2021 sur le label Mountain Top bas\u00e9 \u00e0 San Francisco.<\/p>\r\n\r\n<h6 style=\"text-align: center;\"><img loading=\"lazy\" decoding=\"async\" class=\"aligncenter size-full wp-image-10223\" src=\"https:\/\/franceblues.com\/wordpress\/wp-content\/uploads\/2024\/10\/alastair.jpg\" alt=\"\" width=\"470\" height=\"375\" srcset=\"https:\/\/franceblues.com\/wordpress\/wp-content\/uploads\/2024\/10\/alastair.jpg 470w, https:\/\/franceblues.com\/wordpress\/wp-content\/uploads\/2024\/10\/alastair-300x239.jpg 300w\" sizes=\"(max-width: 470px) 100vw, 470px\" \/>Ray Jaurique, Ralph Carter, Franck Goldwasser, Alastair Greene (Ventura 2021)<\/h6>\r\n<p style=\"font-weight: 400; text-align: justify;\">Apr\u00e8s avoir une nouvelle fois d\u00e9m\u00e9nag\u00e9 et rejoint sa ville d&rsquo;origine de Paris, Franck Goldwasser est en t\u00eate d&rsquo;affiche du Lucerne Blues Festival en novembre 2021, \u00e0 la t\u00eate d&rsquo;un groupe europ\u00e9en de stars qui comprend le maestro autrichien du B-3, Raphael Wressnig, et l\u2019harmoniciste fran\u00e7ais Vincent Bucher. En 2022, Goldwasser s&rsquo;associe au l\u00e9gendaire pianiste allemand Christian Rannenberg et \u00e0 l\u2019harmoniciste britannique Roger Wade pour former Goldwasser, Rannenberg et Wade. Un album, \u00ab\u00a0Crazed and Dangerous\u00a0\u00bb, est publi\u00e9 sur le label allemand Time Zone. La m\u00eame ann\u00e9e, Crosscut Records sort \u00ab\u00a0The Lockdown Sessions Vol II\u00a0\u00bb, auquel Goldwasser contribue pour deux titres. En novembre 2022, Franck Goldwasser est en tourn\u00e9e en Finlande et en t\u00eate d&rsquo;affiche du Blues Heaven Festival, au Danemark, avec RJ Mischo. Au printemps 2023, Franck tourne avec l&rsquo;harmoniciste britannique Giles Robson.<\/p>\r\n<p style=\"font-weight: 400; text-align: justify;\">Le nouvel album de Franck L. Goldwasser, \u00ab\u00a0Who Needs This Mess??!!\u00a0\u00bb, dont la chanson titre met en vedette des invit\u00e9s comme Charlie Musselwhite, Sugaray Rayford et Kirk Fletcher, est sorti en 2023 sur le label Crosscut.<\/p>\r\n\r\n<h4 style=\"font-weight: 400;\">Site web\u00a0:<\/h4>\r\n<p style=\"font-weight: 400;\"><span style=\"color: #00ffff;\"><a style=\"color: #00ffff;\" href=\"https:\/\/bluesisgold.com\">https:\/\/bluesisgold.com<\/a><\/span><\/p>\r\n<!-- \/wp:post-content -->","protected":false},"excerpt":{"rendered":"<p>Autrefois connu sur le circuit blues sous le nom de \u00ab\u00a0Paris Slim\u00a0\u00bb, Franck L. Goldwasser est n\u00e9 et a grandi \u00e0 Paris dans les ann\u00e9es 1960 et a \u00e9tudi\u00e9 les beaux-arts avant de d\u00e9m\u00e9nager \u00e0 Oakland, en Californie, en 1983. Guitariste et chanteur autodidacte, Goldwasser a commenc\u00e9 \u00e0 \u00e9tudier les enregistrements d&rsquo;Elmore James, B.B. King [&hellip;]<\/p>\n","protected":false},"author":2,"featured_media":0,"parent":7210,"menu_order":0,"comment_status":"closed","ping_status":"closed","template":"","meta":{"footnotes":""},"class_list":["post-10208","page","type-page","status-publish","hentry"],"_links":{"self":[{"href":"https:\/\/franceblues.com\/index.php?rest_route=\/wp\/v2\/pages\/10208","targetHints":{"allow":["GET"]}}],"collection":[{"href":"https:\/\/franceblues.com\/index.php?rest_route=\/wp\/v2\/pages"}],"about":[{"href":"https:\/\/franceblues.com\/index.php?rest_route=\/wp\/v2\/types\/page"}],"author":[{"embeddable":true,"href":"https:\/\/franceblues.com\/index.php?rest_route=\/wp\/v2\/users\/2"}],"replies":[{"embeddable":true,"href":"https:\/\/franceblues.com\/index.php?rest_route=%2Fwp%2Fv2%2Fcomments&post=10208"}],"version-history":[{"count":10,"href":"https:\/\/franceblues.com\/index.php?rest_route=\/wp\/v2\/pages\/10208\/revisions"}],"predecessor-version":[{"id":10224,"href":"https:\/\/franceblues.com\/index.php?rest_route=\/wp\/v2\/pages\/10208\/revisions\/10224"}],"up":[{"embeddable":true,"href":"https:\/\/franceblues.com\/index.php?rest_route=\/wp\/v2\/pages\/7210"}],"wp:attachment":[{"href":"https:\/\/franceblues.com\/index.php?rest_route=%2Fwp%2Fv2%2Fmedia&parent=10208"}],"curies":[{"name":"wp","href":"https:\/\/api.w.org\/{rel}","templated":true}]}}