{"id":10192,"date":"2024-10-10T17:17:13","date_gmt":"2024-10-10T17:17:13","guid":{"rendered":"https:\/\/franceblues.com\/?page_id=10192"},"modified":"2024-10-14T17:47:35","modified_gmt":"2024-10-14T17:47:35","slug":"blues-hall-of-fame-2024-gladys-amoros-michel-foison","status":"publish","type":"page","link":"https:\/\/franceblues.com\/?page_id=10192","title":{"rendered":"Blues Hall Of Fame \u2013 2024 \u2013 Gladys Amoros &amp; Michel Foizon"},"content":{"rendered":"\r\n<p style=\"text-align: justify;\"><img fetchpriority=\"high\" decoding=\"async\" class=\"alignleft size-medium wp-image-10201\" src=\"https:\/\/franceblues.com\/wordpress\/wp-content\/uploads\/2024\/10\/gladys2-300x300.jpeg\" alt=\"\" width=\"300\" height=\"300\" srcset=\"https:\/\/franceblues.com\/wordpress\/wp-content\/uploads\/2024\/10\/gladys2-300x300.jpeg 300w, https:\/\/franceblues.com\/wordpress\/wp-content\/uploads\/2024\/10\/gladys2-150x150.jpeg 150w, https:\/\/franceblues.com\/wordpress\/wp-content\/uploads\/2024\/10\/gladys2-768x768.jpeg 768w, https:\/\/franceblues.com\/wordpress\/wp-content\/uploads\/2024\/10\/gladys2.jpeg 826w\" sizes=\"(max-width: 300px) 100vw, 300px\" \/>En 1994 Gladys Amoros int\u00e8gre une chorale de Gospel, The Swinging Nuts, \u00e0 Bill\u00e8re, ville proche de Pau, et commence \u00e0 prendre des cours de chant.<\/p>\r\n<p style=\"text-align: justify;\"><em>\u00ab Ce fut un v\u00e9ritable coup de foudre quand j&rsquo;ai entendu cette chorale pour la premi\u00e8re fois, Je savais que ma vie allait changer, c&rsquo;\u00e9tait comme une \u00e9vidence &#8230; \u00bb<\/em><\/p>\r\n<p style=\"text-align: justify;\">Trois mois apr\u00e8s, elle est soliste et travaille le chant d&rsquo;arrache-pied. Un an plus tard, \u00e0 l&rsquo;issue d&rsquo;un concert dans la Cath\u00e9drale de Lescar (64), des musiciens professionnels l&rsquo;abordent afin qu\u2019elle passe une audition pour int\u00e9grer leur groupe \u2026 Michel Foizon \u00e9tait le guitariste \u00e9m\u00e9rite de ce groupe : Balbala Blues Band. A l\u2019issue de cette audition, ils lui proposent d\u2019int\u00e9grer leur formation et partent tr\u00e8s vite en tourn\u00e9e. Quelques mois apr\u00e8s, cette formation s\u2019arr\u00eate. Michel et Gladys ont alors fond\u00e9 Blues and Trouble, qui a remport\u00e9 de belles r\u00e9compenses :<\/p>\r\n<ul>\r\n<li>Talent d\u00e9couverte FNAC de l\u2019ann\u00e9e \u00e0 l\u2019\u00e9chelon national<\/li>\r\n<li>Meilleur groupe de Blues Fran\u00e7ais<\/li>\r\n<li>Laur\u00e9at du Montreux Jazz festival<\/li>\r\n<li>Choisi \u00e0 deux reprises pour repr\u00e9senter la France lors de deux tourn\u00e9es en Syrie<\/li>\r\n<\/ul>\r\n<p style=\"text-align: justify;\">Blues and Trouble jouera \u00e9galement dans la plupart des festivals de Blues Fran\u00e7ais, mais aussi de Jazz.<\/p>\r\n<p><img decoding=\"async\" class=\"aligncenter size-full wp-image-10200\" src=\"https:\/\/franceblues.com\/wordpress\/wp-content\/uploads\/2024\/10\/gladys1-e1728580579434.jpeg\" alt=\"\" width=\"470\" height=\"314\" \/><\/p>\r\n<p style=\"text-align: justify;\">Quelques ann\u00e9es plus tard naitra un nouveau groupe, Gladys Amoros &amp; Michel Foizon Quartet avec Abdel B Bop \u00e0 la contrebasse et Romain Gratalon \u00e0 la batterie.<\/p>\r\n<p style=\"text-align: justify;\">Jacques Morgantini, rencontr\u00e9 \u00e0 l\u2019issue d&rsquo;un de leurs concerts, les prendra sous son aile.<\/p>\r\n<p style=\"text-align: justify;\">Tout au long de leur parcours, Gladys Amoros et Michel Foizon ont enregistr\u00e9 sept disques, dont le dernier, \u00ab Golden Moments \u00bb, aux c\u00f4t\u00e9s de Nico Wayne Toussaint qui les rejoint souvent pour partager la sc\u00e8ne. Ils sont partis tous les trois aux \u00c9tats-Unis o\u00f9 ils ont donn\u00e9 des concerts et rencontr\u00e9 d&rsquo;excellents musiciens en 2014. La m\u00eame ann\u00e9e, Gladys a \u00e9crit un spectacle, \u00ab M\u00e9moire d&rsquo;Esclave \u00bb, qui rend hommage \u00e0 Frederick Douglass, premier esclave \u00e9chapp\u00e9 d&rsquo;une plantation \u00e0 avoir \u00e9crit un livre t\u00e9moignage. Ce spectacle est jou\u00e9 \u00e0 trois avec Michel Foizon, Nico Wayne Toussaint et Gladys Amoros elle-m\u00eame, qui le porte comme un flambeau.<\/p>\r\n<p><img decoding=\"async\" class=\"aligncenter size-full wp-image-10202\" src=\"https:\/\/franceblues.com\/wordpress\/wp-content\/uploads\/2024\/10\/gladys3-e1728580409435.jpeg\" alt=\"\" width=\"470\" height=\"313\" \/><\/p>\r\n<p style=\"text-align: justify;\">Gladys Amoros et Michel Foizon se produisent soit en duo, soit en trio, quartet ou quintet et chaque formation leur apporte du bonheur. Ils ont une v\u00e9ritable joie \u00e0 partager leur musique avec tous les publics et \u00e0 porter, tr\u00e8s modestement, cette parole du peuple afro-am\u00e9ricain.<\/p>\r\n<p style=\"text-align: justify;\">Aujourd&rsquo;hui, outre leurs concerts et \u00ab M\u00e9moire d&rsquo;Esclave \u00bb, ils proposent une conf\u00e9rence, \u00ab Blues Highway \u00bb, qui retrace la vie des musiciens afro am\u00e9ricains itin\u00e9rants, les Hobos qui partaient de leur Sud natal vers Chicago \u2026 Gladys Amoros et Michel Foizon animent \u00e9galement de nombreuses master-class de Blues et de Blues Camp \u00e0 travers la France. Ils sont respectivement professeur de chant et professeur de guitare depuis de nombreuses ann\u00e9es et le passage du savoir est une de leurs priorit\u00e9s pour que vive le Blues !<\/p>\r\n<p style=\"text-align: justify;\">Depuis trois d\u00e9cennies Gladys Amoros et Michel Foizon portent la parole du peuple afro-am\u00e9ricain. Soit en le chantant et en le jouant, soit en l&rsquo;exprimant lors de spectacles, de conf\u00e9rences ou de Master Class. Leur but \u00e9tant toujours de partager la musique Blues qu&rsquo;il portent dans leur c\u0153ur depuis longtemps.<\/p>\r\n<p><strong>Site Web :<\/strong><\/p>\r\n<p><span style=\"color: #00ffff;\"><a style=\"color: #00ffff;\" href=\"https:\/\/gladys.jimdofree.com\/\"><strong>https:\/\/gladys.jimdofree.com\/ <\/strong><\/a><\/span><\/p>\r\n","protected":false},"excerpt":{"rendered":"<p>En 1994 Gladys Amoros int\u00e8gre une chorale de Gospel, The Swinging Nuts, \u00e0 Bill\u00e8re, ville proche de Pau, et commence \u00e0 prendre des cours de chant. \u00ab Ce fut un v\u00e9ritable coup de foudre quand j&rsquo;ai entendu cette chorale pour la premi\u00e8re fois, Je savais que ma vie allait changer, c&rsquo;\u00e9tait comme une \u00e9vidence &#8230; [&hellip;]<\/p>\n","protected":false},"author":2,"featured_media":0,"parent":7210,"menu_order":0,"comment_status":"closed","ping_status":"closed","template":"","meta":{"footnotes":""},"class_list":["post-10192","page","type-page","status-publish","hentry"],"_links":{"self":[{"href":"https:\/\/franceblues.com\/index.php?rest_route=\/wp\/v2\/pages\/10192","targetHints":{"allow":["GET"]}}],"collection":[{"href":"https:\/\/franceblues.com\/index.php?rest_route=\/wp\/v2\/pages"}],"about":[{"href":"https:\/\/franceblues.com\/index.php?rest_route=\/wp\/v2\/types\/page"}],"author":[{"embeddable":true,"href":"https:\/\/franceblues.com\/index.php?rest_route=\/wp\/v2\/users\/2"}],"replies":[{"embeddable":true,"href":"https:\/\/franceblues.com\/index.php?rest_route=%2Fwp%2Fv2%2Fcomments&post=10192"}],"version-history":[{"count":12,"href":"https:\/\/franceblues.com\/index.php?rest_route=\/wp\/v2\/pages\/10192\/revisions"}],"predecessor-version":[{"id":10247,"href":"https:\/\/franceblues.com\/index.php?rest_route=\/wp\/v2\/pages\/10192\/revisions\/10247"}],"up":[{"embeddable":true,"href":"https:\/\/franceblues.com\/index.php?rest_route=\/wp\/v2\/pages\/7210"}],"wp:attachment":[{"href":"https:\/\/franceblues.com\/index.php?rest_route=%2Fwp%2Fv2%2Fmedia&parent=10192"}],"curies":[{"name":"wp","href":"https:\/\/api.w.org\/{rel}","templated":true}]}}